{"id":8803,"date":"2025-09-15T14:42:15","date_gmt":"2025-09-15T12:42:15","guid":{"rendered":"https:\/\/boreait.com\/de\/?post_type=product&#038;p=8803"},"modified":"2026-01-07T14:53:36","modified_gmt":"2026-01-07T13:53:36","slug":"ls-9635p-original-lenovo-dvd-led-platine-mit-kabel-g500-serie","status":"publish","type":"product","link":"https:\/\/boreait.com\/de\/produkt\/ls-9635p-original-lenovo-dvd-led-platine-mit-kabel-g500-serie\/","title":{"rendered":"LS-9635P ORIGINAL LENOVO DVD-LED-PLATINE MIT KABEL G500-SERIE"},"content":{"rendered":"<p>R\u00fcsten Sie Ihr Notebook der Lenovo G500-Serie mit der originalen Lenovo DVD-LED-Platine LS-9635P mit Kabel auf. Dieses hochwertige Ersatzteil verbessert die DVD-Funktionalit\u00e4t Ihres Notebooks und sorgt f\u00fcr reibungslose Leistung und optimale Benutzerfreundlichkeit.<\/p>\n<p>Die pr\u00e4zise gefertigte und nach strengen Qualit\u00e4tsstandards gefertigte originale Lenovo DVD-LED-Platine LS-9635P mit Kabel bietet eine zuverl\u00e4ssige L\u00f6sung f\u00fcr DVD-Probleme. Das mitgelieferte Kabel gew\u00e4hrleistet eine stabile und sichere Verbindung zum Motherboard Ihres Notebooks und erm\u00f6glicht Ihnen so problemloses DVD-Wiedergeben, Datentransfer und Brennen.<\/p>\n<p>Die Installation der originalen Lenovo DVD-LED-Platine LS-9635P mit Kabel ist einfach und unkompliziert und eignet sich daher hervorragend f\u00fcr professionelle Techniker und Heimwerker. Mit diesem originalen Lenovo-Ersatzteil erhalten Sie das urspr\u00fcngliche Design und die Funktionalit\u00e4t Ihres Notebooks.<\/p>\n<p>Erh\u00f6hen Sie die Benutzerfreundlichkeit Ihres Lenovo G500-Laptops, indem Sie eine verschlissene oder defekte DVD-LED-Platine durch die originale Lenovo DVD-LED-Platine LS-9635P mit Kabel ersetzen. Genie\u00dfen Sie einen reibungslosen DVD-Betrieb und bringen Sie Ihren Laptop wieder auf Hochtouren.<\/p>\n<p>Bitte pr\u00fcfen Sie vor dem Kauf die Kompatibilit\u00e4t mit Ihrem Lenovo G500-Modell.<\/p>\n","protected":false},"excerpt":{"rendered":"<p>Erweitern Sie die DVD-Funktionalit\u00e4t Ihres Lenovo G500-Laptops mit der originalen Lenovo DVD-LED-Platine LS-9635P mit Kabel. Dieses Ersatzteil sorgt f\u00fcr einen reibungslosen DVD-Betrieb und eine einfache Installation und verbessert so die Leistung und das Benutzererlebnis Ihres Laptops.<\/p>\n","protected":false},"featured_media":8867,"template":"","meta":[],"product_brand":[],"product_cat":[63],"product_tag":[62],"class_list":{"0":"post-8803","1":"product","2":"type-product","3":"status-publish","4":"has-post-thumbnail","6":"product_cat-motherboards-board-parts","7":"product_tag-lenovo","9":"first","10":"instock","11":"taxable","12":"shipping-taxable","13":"purchasable","14":"product-type-simple"},"_links":{"self":[{"href":"https:\/\/boreait.com\/de\/wp-json\/wp\/v2\/product\/8803","targetHints":{"allow":["GET"]}}],"collection":[{"href":"https:\/\/boreait.com\/de\/wp-json\/wp\/v2\/product"}],"about":[{"href":"https:\/\/boreait.com\/de\/wp-json\/wp\/v2\/types\/product"}],"wp:featuredmedia":[{"embeddable":true,"href":"https:\/\/boreait.com\/de\/wp-json\/wp\/v2\/media\/8867"}],"wp:attachment":[{"href":"https:\/\/boreait.com\/de\/wp-json\/wp\/v2\/media?parent=8803"}],"wp:term":[{"taxonomy":"product_brand","embeddable":true,"href":"https:\/\/boreait.com\/de\/wp-json\/wp\/v2\/product_brand?post=8803"},{"taxonomy":"product_cat","embeddable":true,"href":"https:\/\/boreait.com\/de\/wp-json\/wp\/v2\/product_cat?post=8803"},{"taxonomy":"product_tag","embeddable":true,"href":"https:\/\/boreait.com\/de\/wp-json\/wp\/v2\/product_tag?post=8803"}],"curies":[{"name":"wp","href":"https:\/\/api.w.org\/{rel}","templated":true}]}}