{"id":8787,"date":"2025-09-15T14:41:51","date_gmt":"2025-09-15T12:41:51","guid":{"rendered":"https:\/\/boreait.com\/de\/?post_type=product&#038;p=8787"},"modified":"2026-01-07T14:46:12","modified_gmt":"2026-01-07T13:46:12","slug":"toshiba-satellite-l300-11p-touchpad-maustastenplatine-6050a2266101","status":"publish","type":"product","link":"https:\/\/boreait.com\/de\/produkt\/toshiba-satellite-l300-11p-touchpad-maustastenplatine-6050a2266101\/","title":{"rendered":"Toshiba Satellite L300-11P Touchpad-Maustastenplatine 6050A2266101"},"content":{"rendered":"<p>Verbessern Sie die Navigation auf Ihrem Toshiba Satellite L300-11P Laptop mit der Toshiba Satellite L300-11P Touchpad-Maustastenplatine 6050A2266101. Dieses Original-Zubeh\u00f6r von Toshiba verbessert die Funktionalit\u00e4t von Touchpad und Maustasten Ihres Laptops und sorgt f\u00fcr ein nahtloses und reaktionsschnelles Benutzererlebnis.<\/p>\n<p>Die Toshiba Satellite L300-11P Touchpad-Maustastenplatine 6050A2266101 l\u00e4sst sich nahtlos in Ihr Laptop integrieren und gew\u00e4hrleistet pr\u00e4zise und reibungslose Bedienung. Ob beim Surfen, Scrollen oder Klicken \u2013 diese Platine erm\u00f6glicht Ihnen eine pr\u00e4zise und intuitive Steuerung von Cursor und Benutzeroberfl\u00e4che Ihres Laptops.<\/p>\n<p>Die Touchpad-Maustastenplatine 6050A2266101 \u00fcberzeugt durch ihre originale Toshiba-Qualit\u00e4t und garantiert Langlebigkeit und zuverl\u00e4ssige Leistung. Das reaktionsschnelle Touchpad und die durchdachten Maustasten erm\u00f6glichen eine komfortable und effiziente Nutzung und steigern so Ihre Produktivit\u00e4t und Interaktion.<\/p>\n<p>Die Installation ist unkompliziert, und die Platine passt perfekt in den daf\u00fcr vorgesehenen Steckplatz Ihres Laptops. R\u00fcsten Sie Ihr Toshiba Satellite L300-11P mit der Toshiba Satellite L300-11P Touchpad-Maustastenplatine 6050A2266101 auf. Genie\u00dfen Sie pr\u00e4zise Cursorsteuerung, fl\u00fcssigere Navigation und ein verbessertes Benutzererlebnis auf Ihrem Laptop.<\/p>\n<p>Bitte \u00fcberpr\u00fcfen Sie vor dem Kauf die Kompatibilit\u00e4t mit Ihrem Laptop-Modell.<\/p>\n","protected":false},"excerpt":{"rendered":"<p>Verbessern Sie Ihr Touchpad-Erlebnis mit der Touchpad-Maustastenplatine 6050A2266101 f\u00fcr das Toshiba Satellite L300-11P. Genie\u00dfen Sie pr\u00e4zise Steuerung, nahtlose Navigation und verbesserte Benutzerinteraktion auf Ihrem Laptop. Jetzt upgraden!<\/p>\n","protected":false},"featured_media":8845,"template":"","meta":[],"product_brand":[],"product_cat":[63],"product_tag":[70],"class_list":{"0":"post-8787","1":"product","2":"type-product","3":"status-publish","4":"has-post-thumbnail","6":"product_cat-motherboards-board-parts","7":"product_tag-toshiba","9":"first","10":"instock","11":"taxable","12":"shipping-taxable","13":"purchasable","14":"product-type-simple"},"_links":{"self":[{"href":"https:\/\/boreait.com\/de\/wp-json\/wp\/v2\/product\/8787","targetHints":{"allow":["GET"]}}],"collection":[{"href":"https:\/\/boreait.com\/de\/wp-json\/wp\/v2\/product"}],"about":[{"href":"https:\/\/boreait.com\/de\/wp-json\/wp\/v2\/types\/product"}],"wp:featuredmedia":[{"embeddable":true,"href":"https:\/\/boreait.com\/de\/wp-json\/wp\/v2\/media\/8845"}],"wp:attachment":[{"href":"https:\/\/boreait.com\/de\/wp-json\/wp\/v2\/media?parent=8787"}],"wp:term":[{"taxonomy":"product_brand","embeddable":true,"href":"https:\/\/boreait.com\/de\/wp-json\/wp\/v2\/product_brand?post=8787"},{"taxonomy":"product_cat","embeddable":true,"href":"https:\/\/boreait.com\/de\/wp-json\/wp\/v2\/product_cat?post=8787"},{"taxonomy":"product_tag","embeddable":true,"href":"https:\/\/boreait.com\/de\/wp-json\/wp\/v2\/product_tag?post=8787"}],"curies":[{"name":"wp","href":"https:\/\/api.w.org\/{rel}","templated":true}]}}