{"id":8776,"date":"2025-09-15T14:41:29","date_gmt":"2025-09-15T12:41:29","guid":{"rendered":"https:\/\/boreait.com\/de\/?post_type=product&#038;p=8776"},"modified":"2026-01-07T14:45:38","modified_gmt":"2026-01-07T13:45:38","slug":"zso51-la-a993p-hp-15-15-r030sq-2xusb-ports-karte","status":"publish","type":"product","link":"https:\/\/boreait.com\/de\/produkt\/zso51-la-a993p-hp-15-15-r030sq-2xusb-ports-karte\/","title":{"rendered":"ZSO51 LA-A993P &#8211; HP 15 (15-r030sq) 2xUSB-Ports-Karte"},"content":{"rendered":"<p>Erweitern Sie die Funktionalit\u00e4t Ihres HP 15 (15-r030sq) Laptops mit der ZSO51 LA-A993P 2xUSB-Anschlussplatine. Dieses Original-HP-Zubeh\u00f6r bietet Ihnen zus\u00e4tzlichen Komfort durch zus\u00e4tzliche USB-Anschl\u00fcsse, verbessert Ihre Konnektivit\u00e4t und erweitert die Leistung Ihres Ger\u00e4ts.<\/p>\n<p>Die ZSO51 LA-A993P 2xUSB-Anschlussplatine wurde speziell f\u00fcr die nahtlose Integration in Ihr HP 15 (15-r030sq) Laptop entwickelt und erm\u00f6glicht den gleichzeitigen Anschluss mehrerer USB-Peripherieger\u00e4te. Ob externe Speicherger\u00e4te, Eingabeger\u00e4te oder anderes Zubeh\u00f6r \u2013 diese Platine bietet die praktische L\u00f6sung f\u00fcr Ihre Konnektivit\u00e4tsanforderungen.<\/p>\n<p>Dank der originalen HP Qualit\u00e4t und des Designs sorgt die ZSO51 LA-A993P 2xUSB-Anschlussplatine f\u00fcr zuverl\u00e4ssige und effiziente Daten\u00fcbertragung. Freuen Sie sich \u00fcber schnellere Daten\u00fcbertragungsgeschwindigkeiten, reibungslosere Verbindungen und den Komfort zus\u00e4tzlicher USB-Anschl\u00fcsse.<\/p>\n<p>Die Installation ist unkompliziert, und die Karte passt nahtlos in den daf\u00fcr vorgesehenen Steckplatz Ihres Laptops. Erweitern Sie die Konnektivit\u00e4t Ihres HP 15 (15-r030sq) Laptops mit der ZSO51 LA-A993P 2xUSB-Anschlusskarte. Profitieren Sie vom Komfort zus\u00e4tzlicher USB-Anschl\u00fcsse, schnellerer Daten\u00fcbertragung und einem vielseitigeren Computer-Setup.<\/p>\n<p>Bitte pr\u00fcfen Sie vor dem Kauf die Kompatibilit\u00e4t mit Ihrem Laptop-Modell.<\/p>\n","protected":false},"excerpt":{"rendered":"<p>Erweitern Sie die Konnektivit\u00e4t Ihres HP 15 (15-r030sq) Laptops mit dem ZSO51 LA-A993P 2xUSB-Port-Board. F\u00fcgen Sie zus\u00e4tzliche USB-Anschl\u00fcsse f\u00fcr den nahtlosen Anschluss von Peripherieger\u00e4ten hinzu und profitieren Sie von schnelleren Daten\u00fcbertragungsgeschwindigkeiten. Erweitern Sie noch heute die Leistungsf\u00e4higkeit Ihres Laptops!<\/p>\n","protected":false},"featured_media":8843,"template":"","meta":[],"product_brand":[],"product_cat":[63],"product_tag":[61],"class_list":{"0":"post-8776","1":"product","2":"type-product","3":"status-publish","4":"has-post-thumbnail","6":"product_cat-motherboards-board-parts","7":"product_tag-hp","9":"first","10":"instock","11":"taxable","12":"shipping-taxable","13":"purchasable","14":"product-type-simple"},"_links":{"self":[{"href":"https:\/\/boreait.com\/de\/wp-json\/wp\/v2\/product\/8776","targetHints":{"allow":["GET"]}}],"collection":[{"href":"https:\/\/boreait.com\/de\/wp-json\/wp\/v2\/product"}],"about":[{"href":"https:\/\/boreait.com\/de\/wp-json\/wp\/v2\/types\/product"}],"wp:featuredmedia":[{"embeddable":true,"href":"https:\/\/boreait.com\/de\/wp-json\/wp\/v2\/media\/8843"}],"wp:attachment":[{"href":"https:\/\/boreait.com\/de\/wp-json\/wp\/v2\/media?parent=8776"}],"wp:term":[{"taxonomy":"product_brand","embeddable":true,"href":"https:\/\/boreait.com\/de\/wp-json\/wp\/v2\/product_brand?post=8776"},{"taxonomy":"product_cat","embeddable":true,"href":"https:\/\/boreait.com\/de\/wp-json\/wp\/v2\/product_cat?post=8776"},{"taxonomy":"product_tag","embeddable":true,"href":"https:\/\/boreait.com\/de\/wp-json\/wp\/v2\/product_tag?post=8776"}],"curies":[{"name":"wp","href":"https:\/\/api.w.org\/{rel}","templated":true}]}}