{"id":8653,"date":"2025-09-15T14:38:36","date_gmt":"2025-09-15T12:38:36","guid":{"rendered":"https:\/\/boreait.com\/de\/?post_type=product&#038;p=8653"},"modified":"2025-09-16T12:48:53","modified_gmt":"2025-09-16T10:48:53","slug":"ersatz-laptop-scharniere-fuer-lenovo-g50-g50-30-g50-45-g50-70-g50-75-g50-80-z50-z50-45-z50-70","status":"publish","type":"product","link":"https:\/\/boreait.com\/de\/produkt\/ersatz-laptop-scharniere-fuer-lenovo-g50-g50-30-g50-45-g50-70-g50-75-g50-80-z50-z50-45-z50-70\/","title":{"rendered":"Ersatz-Laptop-Scharniere f\u00fcr Lenovo G50 G50 30 G50 45 G50 70 G50 75 G50-80 Z50 Z50 45 Z50 70"},"content":{"rendered":"<p>Verbessern Sie die Stabilit\u00e4t und Funktionalit\u00e4t Ihres Laptops mit diesen Ersatz-Laptopscharnieren f\u00fcr die Modelle Lenovo G50, G50-30, G50-45, G50-70, G50-75, G50-80, Z50, Z50-45 und Z50-70. Diese Scharniere sorgen f\u00fcr eine sichere und zuverl\u00e4ssige Verbindung zwischen Bildschirm und Geh\u00e4use und gew\u00e4hrleisten sanftes \u00d6ffnen und Schlie\u00dfen. Gleichzeitig verbessern sie die strukturelle Integrit\u00e4t Ihres Laptops.<\/p>\n<p>Diese Ersatz-Laptopscharniere werden nach strengen Qualit\u00e4tsstandards hergestellt und bieten eine zuverl\u00e4ssige L\u00f6sung f\u00fcr alle, die Wert auf verbesserte Haltbarkeit und Leistung legen. Sie sind als direkter Ersatz f\u00fcr die vorhandenen Scharniere Ihres Laptops konzipiert und erm\u00f6glichen eine problemlose Installation, die sich nahtlos an die Originalkomponenten Ihres Laptops anpasst.<\/p>\n<p>Ob Sie Ihren Laptop f\u00fcr Arbeit, Unterhaltung oder kreative Projekte nutzen \u2013 zuverl\u00e4ssige Scharniere sind unerl\u00e4sslich, um ein Wackeln, eine Fehlausrichtung oder Besch\u00e4digung des Bildschirms im normalen Gebrauch zu verhindern. Diese Ersatzscharniere sorgen f\u00fcr die korrekte Ausrichtung und Stabilit\u00e4t, sodass Sie Ihren Laptop sicher und komfortabel nutzen k\u00f6nnen.<\/p>\n<p>Mit diesen Ersatz-Laptopscharnieren investieren Sie in die langfristige Funktionalit\u00e4t und strukturelle Integrit\u00e4t Ihres Laptops. Verbessern Sie Ihr Laptop-Erlebnis durch sanftere \u00d6ffnungs- und Schlie\u00dfbewegungen, verbesserte Stabilit\u00e4t und l\u00e4ngere Nutzungsdauer.<\/p>\n<p>Bitte pr\u00fcfen Sie vor dem Kauf die Kompatibilit\u00e4t mit Ihrem Laptop-Modell.<\/p>\n","protected":false},"excerpt":{"rendered":"<p>Verbessern Sie die Stabilit\u00e4t und Funktionalit\u00e4t Ihres Lenovo G50, G50-30, G50-45, G50-70, G50-75, G50-80, Z50, Z50-45 oder Z50-70 Laptops mit diesen Ersatz-Laptop-Scharnieren. Genie\u00dfen Sie sanftere Bildschirmbewegungen und verbesserte strukturelle Integrit\u00e4t f\u00fcr ein verbessertes Laptop-Erlebnis.<\/p>\n","protected":false},"featured_media":8727,"template":"","meta":[],"product_brand":[],"product_cat":[55],"product_tag":[62],"class_list":{"0":"post-8653","1":"product","2":"type-product","3":"status-publish","4":"has-post-thumbnail","6":"product_cat-screen-hinge","7":"product_tag-lenovo","9":"first","10":"instock","11":"taxable","12":"shipping-taxable","13":"purchasable","14":"product-type-simple"},"_links":{"self":[{"href":"https:\/\/boreait.com\/de\/wp-json\/wp\/v2\/product\/8653","targetHints":{"allow":["GET"]}}],"collection":[{"href":"https:\/\/boreait.com\/de\/wp-json\/wp\/v2\/product"}],"about":[{"href":"https:\/\/boreait.com\/de\/wp-json\/wp\/v2\/types\/product"}],"wp:featuredmedia":[{"embeddable":true,"href":"https:\/\/boreait.com\/de\/wp-json\/wp\/v2\/media\/8727"}],"wp:attachment":[{"href":"https:\/\/boreait.com\/de\/wp-json\/wp\/v2\/media?parent=8653"}],"wp:term":[{"taxonomy":"product_brand","embeddable":true,"href":"https:\/\/boreait.com\/de\/wp-json\/wp\/v2\/product_brand?post=8653"},{"taxonomy":"product_cat","embeddable":true,"href":"https:\/\/boreait.com\/de\/wp-json\/wp\/v2\/product_cat?post=8653"},{"taxonomy":"product_tag","embeddable":true,"href":"https:\/\/boreait.com\/de\/wp-json\/wp\/v2\/product_tag?post=8653"}],"curies":[{"name":"wp","href":"https:\/\/api.w.org\/{rel}","templated":true}]}}