{"id":8638,"date":"2025-09-15T14:38:13","date_gmt":"2025-09-15T12:38:13","guid":{"rendered":"https:\/\/boreait.com\/de\/?post_type=product&#038;p=8638"},"modified":"2025-09-16T12:48:53","modified_gmt":"2025-09-16T10:48:53","slug":"asus-q504ua-q504u-q504-q534-lcd-rueckabdeckung-hinterdeckel-13nb0bz2am0111","status":"publish","type":"product","link":"https:\/\/boreait.com\/de\/produkt\/asus-q504ua-q504u-q504-q534-lcd-rueckabdeckung-hinterdeckel-13nb0bz2am0111\/","title":{"rendered":"ASUS Q504UA Q504U Q504 Q534 LCD-R\u00fcckabdeckung Hinterdeckel 13NB0BZ2AM0111"},"content":{"rendered":"<p>Verbessern Sie den Schutz und die Optik Ihres ASUS Q504UA, Q504U, Q504 oder Q534 Laptops mit der ASUS Q504UA Q504U Q504 Q534 LCD-R\u00fcckabdeckung 13NB0BZ2AM0111. Diese LCD-R\u00fcckabdeckung sch\u00fctzt das Display Ihres Laptops sicher und verbessert dessen Gesamterscheinung. Sie verbessert sowohl die physische Integrit\u00e4t als auch das visuelle Erlebnis Ihres Laptops f\u00fcr ein verbessertes Computererlebnis.<\/p>\n<p>Die ASUS Q504UA Q504U Q504 Q534 LCD-R\u00fcckabdeckung 13NB0BZ2AM0111 wird von ASUS, einem renommierten Technologief\u00fchrer, hergestellt und f\u00fcgt sich nahtlos in das Design Ihres Laptops ein. Als unverzichtbare Komponente f\u00fcr Displayschutz und Laptop-Optik bietet diese R\u00fcckabdeckung sowohl praktische Vorteile als auch ein stilvolles Design.<\/p>\n<p>Ob Sie Ihren Laptop f\u00fcr Arbeit, Kreativit\u00e4t oder Unterhaltung nutzen \u2013 diese R\u00fcckabdeckung sch\u00fctzt Ihr Laptop-Display vor Staub, Kratzern und leichten St\u00f6\u00dfen. Die pr\u00e4zise Verarbeitung garantiert einen sicheren Sitz und sorgt daf\u00fcr, dass Ihr Display gut gesch\u00fctzt bleibt und gleichzeitig optimale Klarheit und Funktionalit\u00e4t gew\u00e4hrleistet sind.<\/p>\n<p>Dar\u00fcber hinaus tr\u00e4gt das Design der R\u00fcckabdeckung zur Gesamt\u00e4sthetik Ihres Laptops bei, steigert seine Optik und verleiht ihm ein frisches und elegantes Aussehen. Dies wirkt sich positiv auf Ihr gesamtes Computererlebnis aus.<\/p>\n<p>Die Installation ist dank des Designs, das auf die Originalkomponenten Ihres Laptops abgestimmt ist, problemlos. Mit originalen ASUS-Teilen investieren Sie in Qualit\u00e4t, Zuverl\u00e4ssigkeit, verbesserten Displayschutz und die \u00c4sthetik Ihres Laptops.<\/p>\n<p>Verbessern Sie den Displayschutz und die Optik Ihres Laptops mit der ASUS Q504UA Q504U Q504 Q534 LCD-R\u00fcckabdeckung 13NB0BZ2AM0111. Erleben Sie verbesserte Displaysicherheit, ein eleganteres Erscheinungsbild und ein insgesamt verbessertes Computererlebnis.<\/p>\n<p>Bitte \u00fcberpr\u00fcfen Sie vor dem Kauf die Kompatibilit\u00e4t mit Ihrem Laptop-Modell.<\/p>\n","protected":false},"excerpt":{"rendered":"<p>Verbessern Sie den Displayschutz und die Optik Ihres ASUS Q504UA, Q504U, Q504 oder Q534 Laptops mit der ASUS Q504UA Q504U Q504 Q534 LCD-R\u00fcckabdeckung 13NB0BZ2AM0111. Verbessern Sie die Displaysicherheit und den Stil f\u00fcr ein verbessertes visuelles Erlebnis.<\/p>\n","protected":false},"featured_media":8722,"template":"","meta":[],"product_brand":[],"product_cat":[52],"product_tag":[66],"class_list":{"0":"post-8638","1":"product","2":"type-product","3":"status-publish","4":"has-post-thumbnail","6":"product_cat-laptop-housing","7":"product_tag-asus","9":"first","10":"instock","11":"taxable","12":"shipping-taxable","13":"purchasable","14":"product-type-simple"},"_links":{"self":[{"href":"https:\/\/boreait.com\/de\/wp-json\/wp\/v2\/product\/8638","targetHints":{"allow":["GET"]}}],"collection":[{"href":"https:\/\/boreait.com\/de\/wp-json\/wp\/v2\/product"}],"about":[{"href":"https:\/\/boreait.com\/de\/wp-json\/wp\/v2\/types\/product"}],"wp:featuredmedia":[{"embeddable":true,"href":"https:\/\/boreait.com\/de\/wp-json\/wp\/v2\/media\/8722"}],"wp:attachment":[{"href":"https:\/\/boreait.com\/de\/wp-json\/wp\/v2\/media?parent=8638"}],"wp:term":[{"taxonomy":"product_brand","embeddable":true,"href":"https:\/\/boreait.com\/de\/wp-json\/wp\/v2\/product_brand?post=8638"},{"taxonomy":"product_cat","embeddable":true,"href":"https:\/\/boreait.com\/de\/wp-json\/wp\/v2\/product_cat?post=8638"},{"taxonomy":"product_tag","embeddable":true,"href":"https:\/\/boreait.com\/de\/wp-json\/wp\/v2\/product_tag?post=8638"}],"curies":[{"name":"wp","href":"https:\/\/api.w.org\/{rel}","templated":true}]}}