{"id":8617,"date":"2025-09-15T14:37:48","date_gmt":"2025-09-15T12:37:48","guid":{"rendered":"https:\/\/boreait.com\/de\/?post_type=product&#038;p=8617"},"modified":"2025-09-16T12:48:52","modified_gmt":"2025-09-16T10:48:52","slug":"lenovo-thinkpad-t450-buchse-stromanschluss-mit-kabel-sc10g41370","status":"publish","type":"product","link":"https:\/\/boreait.com\/de\/produkt\/lenovo-thinkpad-t450-buchse-stromanschluss-mit-kabel-sc10g41370\/","title":{"rendered":"Lenovo THINKPAD T450 Buchse Stromanschluss mit Kabel SC10G41370"},"content":{"rendered":"<p>Verbessern Sie die Stromversorgung und Zuverl\u00e4ssigkeit Ihres Lenovo ThinkPad T450 Laptops mit der Lenovo THINKPAD T450 Klinkenbuchse mit Kabel SC10G41370. Diese Klinkenbuchse mit Kabel sorgt f\u00fcr eine stabile und sichere Stromverbindung und verbessert die Stromverteilung und die Gesamtfunktionalit\u00e4t Ihres Laptops f\u00fcr ein verbessertes Computererlebnis.<\/p>\n<p>Die Lenovo THINKPAD T450 Klinkenbuchse mit Kabel SC10G41370 wird von Lenovo, einem f\u00fchrenden Anbieter von Computertechnologie, hergestellt und f\u00fcgt sich nahtlos in das Design Ihres Laptops ein. Als unverzichtbare Komponente f\u00fcr die Energieverwaltung bieten diese Klinkenbuchse und das Kabel sowohl praktische Vorteile als auch eine verbesserte Stromverbindung.<\/p>\n<p>Ob Sie Ihren Laptop f\u00fcr Arbeit, Produktivit\u00e4t oder Multimedia nutzen \u2013 diese Klinkenbuchse mit Kabel sorgt f\u00fcr eine zuverl\u00e4ssige und effiziente Stromversorgung Ihres Laptops. Die pr\u00e4zise Verarbeitung garantiert eine sichere Verbindung, verhindert Stromunterbrechungen und tr\u00e4gt zur allgemeinen Leistungsstabilit\u00e4t Ihres Laptops bei.<\/p>\n<p>Die Installation ist dank des Designs, das auf die Originalkomponenten Ihres Laptops abgestimmt ist, unkompliziert. Mit Originalteilen von Lenovo investieren Sie in die Qualit\u00e4t, Zuverl\u00e4ssigkeit und ein verbessertes Energiemanagement Ihres Laptops.<\/p>\n<p>Verbessern Sie die Stromversorgung und Zuverl\u00e4ssigkeit Ihres Laptops mit der Lenovo THINKPAD T450-Netzbuchse mit Kabel SC10G41370. Freuen Sie sich \u00fcber eine verbesserte Stromverteilung, sichere Konnektivit\u00e4t und ein rundum verbessertes Computererlebnis.<\/p>\n<p>Bitte \u00fcberpr\u00fcfen Sie vor dem Kauf die Kompatibilit\u00e4t mit Ihrem Laptop-Modell.<\/p>\n","protected":false},"excerpt":{"rendered":"<p>Erweitern Sie Ihr Lenovo ThinkPad T450-Notebook mit der Lenovo THINKPAD T450-Klinkenbuchse mit Kabel SC10G41370. Verbessern Sie die Stromkonnektivit\u00e4t f\u00fcr mehr Zuverl\u00e4ssigkeit und Leistung.<\/p>\n","protected":false},"featured_media":8696,"template":"","meta":[],"product_brand":[],"product_cat":[63],"product_tag":[62],"class_list":{"0":"post-8617","1":"product","2":"type-product","3":"status-publish","4":"has-post-thumbnail","6":"product_cat-motherboards-board-parts","7":"product_tag-lenovo","9":"first","10":"instock","11":"taxable","12":"shipping-taxable","13":"purchasable","14":"product-type-simple"},"_links":{"self":[{"href":"https:\/\/boreait.com\/de\/wp-json\/wp\/v2\/product\/8617","targetHints":{"allow":["GET"]}}],"collection":[{"href":"https:\/\/boreait.com\/de\/wp-json\/wp\/v2\/product"}],"about":[{"href":"https:\/\/boreait.com\/de\/wp-json\/wp\/v2\/types\/product"}],"wp:featuredmedia":[{"embeddable":true,"href":"https:\/\/boreait.com\/de\/wp-json\/wp\/v2\/media\/8696"}],"wp:attachment":[{"href":"https:\/\/boreait.com\/de\/wp-json\/wp\/v2\/media?parent=8617"}],"wp:term":[{"taxonomy":"product_brand","embeddable":true,"href":"https:\/\/boreait.com\/de\/wp-json\/wp\/v2\/product_brand?post=8617"},{"taxonomy":"product_cat","embeddable":true,"href":"https:\/\/boreait.com\/de\/wp-json\/wp\/v2\/product_cat?post=8617"},{"taxonomy":"product_tag","embeddable":true,"href":"https:\/\/boreait.com\/de\/wp-json\/wp\/v2\/product_tag?post=8617"}],"curies":[{"name":"wp","href":"https:\/\/api.w.org\/{rel}","templated":true}]}}