{"id":8615,"date":"2025-09-15T14:37:47","date_gmt":"2025-09-15T12:37:47","guid":{"rendered":"https:\/\/boreait.com\/de\/?post_type=product&#038;p=8615"},"modified":"2025-09-16T12:48:51","modified_gmt":"2025-09-16T10:48:51","slug":"fuer-lenovo-g50-70-g50-80-g50-75m-c-shell-w-touchpad-schwarz-ap0th000400","status":"publish","type":"product","link":"https:\/\/boreait.com\/de\/produkt\/fuer-lenovo-g50-70-g50-80-g50-75m-c-shell-w-touchpad-schwarz-ap0th000400\/","title":{"rendered":"F\u00fcr Lenovo G50-70 G50-80 G50-75M C Shell W\/Touchpad Schwarz AP0TH000400"},"content":{"rendered":"<p>Verbessern Sie die Optik und Funktionalit\u00e4t Ihres Lenovo G50-70, G50-80 oder G50-75M Laptops mit dem schwarzen C-Shell-Geh\u00e4use f\u00fcr Lenovo G50-70, G50-80 und G50-75M mit Touchpad (AP0TH000400). Dieses C-Shell-Geh\u00e4use wertet das Erscheinungsbild Ihres Laptops auf und bietet gleichzeitig eine reaktionsschnelle Touchpad-Oberfl\u00e4che. Es verleiht Ihrem Computererlebnis einen Hauch von Eleganz und Komfort.<\/p>\n<p>Das f\u00fcr Laptops der Lenovo G50-Serie entwickelte C-Shell-Geh\u00e4use f\u00fcr Lenovo G50-70, G50-80 und G50-75M mit Touchpad (AP0TH000400) wurde sorgf\u00e4ltig gefertigt und f\u00fcgt sich nahtlos in das Design und die Komponenten Ihres Laptops ein. Als unverzichtbarer Bestandteil des \u00c4u\u00dferen Ihres Laptops bietet dieses C-Shell-Geh\u00e4use sowohl praktische Vorteile als auch eine verbesserte Optik.<\/p>\n<p>Ob Sie Ihren Laptop f\u00fcr Arbeit, Multimedia oder Unterhaltung nutzen \u2013 dieses C-Shell-Geh\u00e4use verleiht ihm ein elegantes und professionelles Erscheinungsbild. Das integrierte Touchpad erm\u00f6glicht eine reaktionsschnelle Navigation und macht Ihre Interaktion mit dem Laptop intuitiver und effizienter.<\/p>\n<p>Die Installation ist dank des Designs, das auf die Originalkomponenten Ihres Laptops abgestimmt ist, unkompliziert. Mit Originalteilen von Lenovo investieren Sie in die Qualit\u00e4t, Zuverl\u00e4ssigkeit und verbesserte Funktionalit\u00e4t des Geh\u00e4uses und des Touchpads Ihres Laptops.<\/p>\n<p>Verbessern Sie die Optik und die Touchpad-Funktionalit\u00e4t Ihres Laptops mit dem C-Shell mit Touchpad (schwarz) f\u00fcr Lenovo G50-70 G50-80 G50-75M (AP0TH000400). Genie\u00dfen Sie ein elegantes und elegantes Design, komfortable Touchpad-Navigation und ein rundum verbessertes Computererlebnis.<\/p>\n<p>Bitte \u00fcberpr\u00fcfen Sie vor dem Kauf die Kompatibilit\u00e4t mit Ihrem Laptop-Modell.<\/p>\n","protected":false},"excerpt":{"rendered":"<p>Werten Sie Ihr Lenovo G50-70, G50-80 oder G50-75M Notebook mit dem C-Geh\u00e4use mit Touchpad in Schwarz f\u00fcr Lenovo G50-70 G50-80 G50-75M AP0TH000400 auf. Verbessern Sie die \u00c4sthetik und genie\u00dfen Sie die reaktionsschnelle Touchpad-Navigation f\u00fcr ein verbessertes Computererlebnis.<\/p>\n","protected":false},"featured_media":8693,"template":"","meta":[],"product_brand":[],"product_cat":[52],"product_tag":[62],"class_list":{"0":"post-8615","1":"product","2":"type-product","3":"status-publish","4":"has-post-thumbnail","6":"product_cat-laptop-housing","7":"product_tag-lenovo","9":"first","10":"instock","11":"taxable","12":"shipping-taxable","13":"purchasable","14":"product-type-simple"},"_links":{"self":[{"href":"https:\/\/boreait.com\/de\/wp-json\/wp\/v2\/product\/8615","targetHints":{"allow":["GET"]}}],"collection":[{"href":"https:\/\/boreait.com\/de\/wp-json\/wp\/v2\/product"}],"about":[{"href":"https:\/\/boreait.com\/de\/wp-json\/wp\/v2\/types\/product"}],"wp:featuredmedia":[{"embeddable":true,"href":"https:\/\/boreait.com\/de\/wp-json\/wp\/v2\/media\/8693"}],"wp:attachment":[{"href":"https:\/\/boreait.com\/de\/wp-json\/wp\/v2\/media?parent=8615"}],"wp:term":[{"taxonomy":"product_brand","embeddable":true,"href":"https:\/\/boreait.com\/de\/wp-json\/wp\/v2\/product_brand?post=8615"},{"taxonomy":"product_cat","embeddable":true,"href":"https:\/\/boreait.com\/de\/wp-json\/wp\/v2\/product_cat?post=8615"},{"taxonomy":"product_tag","embeddable":true,"href":"https:\/\/boreait.com\/de\/wp-json\/wp\/v2\/product_tag?post=8615"}],"curies":[{"name":"wp","href":"https:\/\/api.w.org\/{rel}","templated":true}]}}