{"id":8593,"date":"2025-09-15T14:37:24","date_gmt":"2025-09-15T12:37:24","guid":{"rendered":"https:\/\/boreait.com\/de\/?post_type=product&#038;p=8593"},"modified":"2025-09-16T12:48:50","modified_gmt":"2025-09-16T10:48:50","slug":"handauflage-touchpad-acer-aspire-5630-5650-154-original-silber-schwarz-ap008000g00","status":"publish","type":"product","link":"https:\/\/boreait.com\/de\/produkt\/handauflage-touchpad-acer-aspire-5630-5650-154-original-silber-schwarz-ap008000g00\/","title":{"rendered":"Handauflage + Touchpad Acer Aspire 5630 5650 15,4&#8243; Original Silber Schwarz AP008000G00"},"content":{"rendered":"<p>Verbessern Sie die \u00c4sthetik und Funktionalit\u00e4t Ihres Acer Aspire 5630 und 5650 Laptops mit dem originalen Acer Aspire 5630 5650 15,4\u2033 Silber-Schwarz-Handballenauflage-Touchpad AP008000G00. Dieses originale Handballenauflage-Touchpad bietet ein elegantes Geh\u00e4use f\u00fcr Touchpad und Handballenauflage Ihres Laptops und verbessert gleichzeitig die Benutzerfreundlichkeit.<\/p>\n<p>Das originale Acer Aspire 5630 5650 15,4\u2033 Silber-Schwarz-Handballenauflage-Touchpad AP008000G00 von Acer, einem f\u00fchrenden Anbieter von Computertechnologie, ist die perfekte Erg\u00e4nzung zum Design und Benutzererlebnis Ihres Laptops. Als unverzichtbarer Bestandteil des Laptop-Geh\u00e4uses bietet dieses Handballenauflage-Touchpad sowohl praktische Vorteile als auch eine verbesserte Optik.<\/p>\n<p>Ob Sie Ihren Laptop f\u00fcr Arbeit, Multimedia oder Kommunikation nutzen \u2013 dieses Touchpad sorgt f\u00fcr ein komfortables und benutzerfreundliches Erlebnis. Die pr\u00e4zise Verarbeitung garantiert einen festen Sitz und effektiven Schutz und tr\u00e4gt so zur Langlebigkeit Ihres Laptops bei.<\/p>\n<p>Dank des Designs, das auf die Originalkomponenten Ihres Laptops abgestimmt ist, ist die Installation unkompliziert. Mit Originalteilen von Acer investieren Sie in die Qualit\u00e4t und Zuverl\u00e4ssigkeit der Benutzeroberfl\u00e4che Ihres Laptops.<\/p>\n<p>Verbessern Sie die \u00c4sthetik und Benutzerfreundlichkeit Ihres Laptops mit dem Original Acer Aspire 5630 5650 15,4\u2033 Silber-Schwarz Handauflage-Touchpad AP008000G00. Freuen Sie sich \u00fcber eine edle und elegante Optik, ein verbessertes Benutzererlebnis und ein verbessertes Gesamtbild Ihres Laptops. Optimieren Sie Ihr Computererlebnis mit dieser zuverl\u00e4ssigen und effizienten Handauflage-Touchpad-Baugruppe.<\/p>\n<p>Bitte \u00fcberpr\u00fcfen Sie vor dem Kauf die Kompatibilit\u00e4t mit Ihrem Laptop-Modell.<\/p>\n","protected":false},"excerpt":{"rendered":"<p>Werten Sie Ihre Acer Aspire 5630- und 5650-Laptops mit dem originalen 15,4-Zoll-Handauflage-Touchpad AP008000G00 von Acer Aspire 5630 5650 auf. Freuen Sie sich mit dieser Baugruppe \u00fcber eine verbesserte \u00c4sthetik und ein besseres Benutzererlebnis.<\/p>\n","protected":false},"featured_media":8664,"template":"","meta":[],"product_brand":[],"product_cat":[52],"product_tag":[65],"class_list":{"0":"post-8593","1":"product","2":"type-product","3":"status-publish","4":"has-post-thumbnail","6":"product_cat-laptop-housing","7":"product_tag-acer","9":"first","10":"instock","11":"taxable","12":"shipping-taxable","13":"purchasable","14":"product-type-simple"},"_links":{"self":[{"href":"https:\/\/boreait.com\/de\/wp-json\/wp\/v2\/product\/8593","targetHints":{"allow":["GET"]}}],"collection":[{"href":"https:\/\/boreait.com\/de\/wp-json\/wp\/v2\/product"}],"about":[{"href":"https:\/\/boreait.com\/de\/wp-json\/wp\/v2\/types\/product"}],"wp:featuredmedia":[{"embeddable":true,"href":"https:\/\/boreait.com\/de\/wp-json\/wp\/v2\/media\/8664"}],"wp:attachment":[{"href":"https:\/\/boreait.com\/de\/wp-json\/wp\/v2\/media?parent=8593"}],"wp:term":[{"taxonomy":"product_brand","embeddable":true,"href":"https:\/\/boreait.com\/de\/wp-json\/wp\/v2\/product_brand?post=8593"},{"taxonomy":"product_cat","embeddable":true,"href":"https:\/\/boreait.com\/de\/wp-json\/wp\/v2\/product_cat?post=8593"},{"taxonomy":"product_tag","embeddable":true,"href":"https:\/\/boreait.com\/de\/wp-json\/wp\/v2\/product_tag?post=8593"}],"curies":[{"name":"wp","href":"https:\/\/api.w.org\/{rel}","templated":true}]}}