{"id":8591,"date":"2025-09-15T14:37:24","date_gmt":"2025-09-15T12:37:24","guid":{"rendered":"https:\/\/boreait.com\/de\/?post_type=product&#038;p=8591"},"modified":"2025-09-16T12:48:50","modified_gmt":"2025-09-16T10:48:50","slug":"594036-001-ap07d000300-original-lcd-display-luenette-fuer-hp-elitebook-8440p","status":"publish","type":"product","link":"https:\/\/boreait.com\/de\/produkt\/594036-001-ap07d000300-original-lcd-display-luenette-fuer-hp-elitebook-8440p\/","title":{"rendered":"594036-001 AP07D000300 ORIGINAL LCD DISPLAY L\u00dcNETTE f\u00fcr HP ELITEBOOK 8440P"},"content":{"rendered":"<p>Optimieren Sie die Optik und den Displayschutz Ihres HP EliteBook 8440P Laptops mit der Original HP LCD-Displayblende 594036-001 AP07D000300. Diese Original-LCD-Displayblende bietet einen nahtlosen und eleganten Rahmen f\u00fcr Ihr Laptop-Display und verleiht ihm gleichzeitig einen Hauch von Eleganz, ohne die strukturelle Integrit\u00e4t Ihres Laptop-Bildschirms zu beeintr\u00e4chtigen.<\/p>\n<p>Die Original HP LCD-Displayblende 594036-001 AP07D000300 von HP, einem f\u00fchrenden Anbieter von Computertechnologie, ist die perfekte Erg\u00e4nzung zum Design und Display Ihres Laptops. Als zentrales Element des Laptop-Geh\u00e4uses bietet diese Blende sowohl praktische Vorteile als auch eine verbesserte Optik.<\/p>\n<p>Ob Sie Ihren Laptop f\u00fcr Arbeit, Multimedia oder Unterhaltung nutzen \u2013 diese Displayblende sorgt f\u00fcr ein elegantes und professionelles Erscheinungsbild. Die pr\u00e4zise Verarbeitung garantiert einen sicheren Sitz und effektiven Displayschutz und tr\u00e4gt so zur Langlebigkeit Ihres Laptop-Bildschirms bei.<\/p>\n<p>Die Installation ist dank des Designs, das auf die Originalkomponenten Ihres Laptops abgestimmt ist, unkompliziert. Mit Original-HP-Teilen investieren Sie in die Qualit\u00e4t und Zuverl\u00e4ssigkeit Ihres Laptops.<\/p>\n<p>Verbessern Sie die Optik und den Displayschutz Ihres Laptops mit der Original HP LCD-Displayblende 594036-001 AP07D000300 f\u00fcr das EliteBook 8440P. Freuen Sie sich \u00fcber ein elegantes und elegantes Design, verbesserten Displayschutz und ein verbessertes Gesamtbild Ihres Laptops. Optimieren Sie Ihr Computererlebnis mit dieser zuverl\u00e4ssigen und effizienten Displayblende.<\/p>\n<p>Bitte \u00fcberpr\u00fcfen Sie vor dem Kauf die Kompatibilit\u00e4t mit Ihrem Laptopmodell.<\/p>\n","protected":false},"excerpt":{"rendered":"<p>Verbessern Sie die Optik und den Displayschutz Ihres HP EliteBook 8440P Laptops mit der Original HP LCD-Displayblende 594036-001 AP07D000300. Freuen Sie sich \u00fcber ein edles und professionelles Erscheinungsbild f\u00fcr das Display Ihres Laptops.<\/p>\n","protected":false},"featured_media":8659,"template":"","meta":[],"product_brand":[],"product_cat":[52],"product_tag":[61],"class_list":{"0":"post-8591","1":"product","2":"type-product","3":"status-publish","4":"has-post-thumbnail","6":"product_cat-laptop-housing","7":"product_tag-hp","9":"first","10":"instock","11":"taxable","12":"shipping-taxable","13":"purchasable","14":"product-type-simple"},"_links":{"self":[{"href":"https:\/\/boreait.com\/de\/wp-json\/wp\/v2\/product\/8591","targetHints":{"allow":["GET"]}}],"collection":[{"href":"https:\/\/boreait.com\/de\/wp-json\/wp\/v2\/product"}],"about":[{"href":"https:\/\/boreait.com\/de\/wp-json\/wp\/v2\/types\/product"}],"wp:featuredmedia":[{"embeddable":true,"href":"https:\/\/boreait.com\/de\/wp-json\/wp\/v2\/media\/8659"}],"wp:attachment":[{"href":"https:\/\/boreait.com\/de\/wp-json\/wp\/v2\/media?parent=8591"}],"wp:term":[{"taxonomy":"product_brand","embeddable":true,"href":"https:\/\/boreait.com\/de\/wp-json\/wp\/v2\/product_brand?post=8591"},{"taxonomy":"product_cat","embeddable":true,"href":"https:\/\/boreait.com\/de\/wp-json\/wp\/v2\/product_cat?post=8591"},{"taxonomy":"product_tag","embeddable":true,"href":"https:\/\/boreait.com\/de\/wp-json\/wp\/v2\/product_tag?post=8591"}],"curies":[{"name":"wp","href":"https:\/\/api.w.org\/{rel}","templated":true}]}}