{"id":8576,"date":"2025-09-15T14:37:02","date_gmt":"2025-09-15T12:37:02","guid":{"rendered":"https:\/\/boreait.com\/de\/?post_type=product&#038;p=8576"},"modified":"2025-09-16T12:48:47","modified_gmt":"2025-09-16T10:48:47","slug":"fuer-hp-250-255-256-g3-15-g-15-r-15-t-15-h-lcd-rueckabdeckung-lcd-luenettenabdeckung","status":"publish","type":"product","link":"https:\/\/boreait.com\/de\/produkt\/fuer-hp-250-255-256-g3-15-g-15-r-15-t-15-h-lcd-rueckabdeckung-lcd-luenettenabdeckung\/","title":{"rendered":"F\u00fcr HP 250 255 256 G3 15-G 15-R 15-T 15-H LCD-R\u00fcckabdeckung &#8211; LCD-L\u00fcnettenabdeckung"},"content":{"rendered":"<p>Optimieren Sie die Optik und Haltbarkeit Ihrer HP 250, 255, 256 G3 und 15-G, 15-R, 15-T, 15-H Laptopmodelle mit der HP 250 255 256 G3 15-G 15-R 15-T 15-H LCD-Blendenabdeckung. Dieses Kit bietet eine umfassende L\u00f6sung f\u00fcr das \u00c4u\u00dfere Ihres Laptops und enth\u00e4lt die wichtigsten Komponenten zur Verbesserung der \u00c4sthetik und strukturellen Integrit\u00e4t Ihres Laptops.<\/p>\n<p>Die von HP, einem anerkannten Marktf\u00fchrer in der Computertechnologie, entwickelte HP 250 255 256 G3 15-G 15-R 15-T 15-H LCD-Blendenabdeckung f\u00fcgt sich nahtlos in das Design und Display Ihres Laptops ein. Als wesentliche Komponente des \u00c4u\u00dferen Ihres Laptops bietet dieses Kit sowohl praktische Vorteile als auch eine verbesserte Optik.<\/p>\n<p>Ob Sie Ihren Laptop f\u00fcr Arbeit, Multimedia oder Unterhaltung nutzen \u2013 dieses umfassende Kit sorgt f\u00fcr ein elegantes und einheitliches Erscheinungsbild. Die pr\u00e4zise Verarbeitung garantiert einen festen Sitz und effektiven Schutz und tr\u00e4gt so zur Langlebigkeit Ihres Laptops bei.<\/p>\n<p>Bitte \u00fcberpr\u00fcfen Sie vor dem Kauf die Kompatibilit\u00e4t mit Ihrem Laptop-Modell.<\/p>\n","protected":false},"excerpt":{"rendered":"<p>Werten Sie Ihre Laptopmodelle HP 250, 255, 256 G3 und 15-G, 15-R, 15-T, 15-H mit der HP LCD-Blendenabdeckung auf. Freuen Sie sich \u00fcber verbesserte \u00c4sthetik, strukturelle Integrit\u00e4t und ein einheitliches Erscheinungsbild f\u00fcr das \u00c4u\u00dfere Ihres Laptops.<\/p>\n","protected":false},"featured_media":8644,"template":"","meta":[],"product_brand":[],"product_cat":[52],"product_tag":[61],"class_list":{"0":"post-8576","1":"product","2":"type-product","3":"status-publish","4":"has-post-thumbnail","6":"product_cat-laptop-housing","7":"product_tag-hp","9":"first","10":"instock","11":"taxable","12":"shipping-taxable","13":"purchasable","14":"product-type-simple"},"_links":{"self":[{"href":"https:\/\/boreait.com\/de\/wp-json\/wp\/v2\/product\/8576","targetHints":{"allow":["GET"]}}],"collection":[{"href":"https:\/\/boreait.com\/de\/wp-json\/wp\/v2\/product"}],"about":[{"href":"https:\/\/boreait.com\/de\/wp-json\/wp\/v2\/types\/product"}],"wp:featuredmedia":[{"embeddable":true,"href":"https:\/\/boreait.com\/de\/wp-json\/wp\/v2\/media\/8644"}],"wp:attachment":[{"href":"https:\/\/boreait.com\/de\/wp-json\/wp\/v2\/media?parent=8576"}],"wp:term":[{"taxonomy":"product_brand","embeddable":true,"href":"https:\/\/boreait.com\/de\/wp-json\/wp\/v2\/product_brand?post=8576"},{"taxonomy":"product_cat","embeddable":true,"href":"https:\/\/boreait.com\/de\/wp-json\/wp\/v2\/product_cat?post=8576"},{"taxonomy":"product_tag","embeddable":true,"href":"https:\/\/boreait.com\/de\/wp-json\/wp\/v2\/product_tag?post=8576"}],"curies":[{"name":"wp","href":"https:\/\/api.w.org\/{rel}","templated":true}]}}