{"id":8531,"date":"2025-09-15T14:36:15","date_gmt":"2025-09-15T12:36:15","guid":{"rendered":"https:\/\/boreait.com\/de\/?post_type=product&#038;p=8531"},"modified":"2025-09-16T12:48:44","modified_gmt":"2025-09-16T10:48:44","slug":"toshiba-satellite-l300d-242-lautsprecher-soundspeaker-6039b0021701","status":"publish","type":"product","link":"https:\/\/boreait.com\/de\/produkt\/toshiba-satellite-l300d-242-lautsprecher-soundspeaker-6039b0021701\/","title":{"rendered":"Toshiba Satellite L300D-242 Lautsprecher Soundspeaker 6039B0021701"},"content":{"rendered":"<p>Verbessern Sie Ihr Audioerlebnis mit dem Toshiba Satellite L300D-242 Lautsprecher 6039B0021701. Dieser Originallautsprecher bietet au\u00dfergew\u00f6hnliche Klangqualit\u00e4t und Klarheit und verleiht Ihrem Toshiba Satellite L300D-242 Laptop neues Leben.<\/p>\n<p>Der Toshiba Satellite L300D-242 Lautsprecher 6039B0021701 wird von Toshiba, einem renommierten Anbieter in der Computertechnologie, hergestellt und l\u00e4sst sich nahtlos in Ihr Notebook integrieren. Als unverzichtbare Komponente des Audiosystems Ihres Notebooks sorgt dieser Lautsprecher f\u00fcr klaren und satten Klang und verbessert so Ihr Entertainment-, Kommunikations- und Multimedia-Erlebnis.<\/p>\n<p>Ob beim Filmeschauen, bei Videokonferenzen oder beim Musikh\u00f6ren \u2013 dieser Lautsprecher bietet ein beeindruckendes Klangerlebnis. Seine pr\u00e4zise Verarbeitung sorgt f\u00fcr eine pr\u00e4zise Klangwiedergabe und sorgt f\u00fcr au\u00dfergew\u00f6hnliche Klarheit und Tiefe Ihrer Audioinhalte.<\/p>\n<p>Die Installation ist dank des Designs, das auf die Originalkomponenten Ihres Notebooks abgestimmt ist, unkompliziert. Mit Originalteilen von Toshiba investieren Sie in die Qualit\u00e4t und Zuverl\u00e4ssigkeit der Audioleistung Ihres Laptops.<\/p>\n<p>Verbessern Sie Ihre Audiofunktionen mit dem Toshiba Satellite L300D-242 Lautsprecher 6039B0021701. Genie\u00dfen Sie verbesserte Klangqualit\u00e4t, ein beeindruckendes Klangerlebnis und klare Kommunikation auf Ihrem Satellite L300D-242. Optimieren Sie Ihre Unterhaltung und Kommunikation mit diesem zuverl\u00e4ssigen und effizienten Lautsprecher.<\/p>\n<p>Bitte \u00fcberpr\u00fcfen Sie vor dem Kauf die Kompatibilit\u00e4t mit Ihrem Laptop-Modell.<\/p>\n","protected":false},"excerpt":{"rendered":"<p>Verbessern Sie die Audioqualit\u00e4t Ihres Toshiba Satellite L300D-242 Laptops mit dem Toshiba Satellite L300D-242 Lautsprecher 6039B0021701. Genie\u00dfen Sie verbesserte Klangklarheit und Tiefe f\u00fcr ein besseres Audioerlebnis.<\/p>\n","protected":false},"featured_media":8581,"template":"","meta":[],"product_brand":[],"product_cat":[54],"product_tag":[70],"class_list":{"0":"post-8531","1":"product","2":"type-product","3":"status-publish","4":"has-post-thumbnail","6":"product_cat-laptop-speakers","7":"product_tag-toshiba","9":"first","10":"instock","11":"taxable","12":"shipping-taxable","13":"purchasable","14":"product-type-simple"},"_links":{"self":[{"href":"https:\/\/boreait.com\/de\/wp-json\/wp\/v2\/product\/8531","targetHints":{"allow":["GET"]}}],"collection":[{"href":"https:\/\/boreait.com\/de\/wp-json\/wp\/v2\/product"}],"about":[{"href":"https:\/\/boreait.com\/de\/wp-json\/wp\/v2\/types\/product"}],"wp:featuredmedia":[{"embeddable":true,"href":"https:\/\/boreait.com\/de\/wp-json\/wp\/v2\/media\/8581"}],"wp:attachment":[{"href":"https:\/\/boreait.com\/de\/wp-json\/wp\/v2\/media?parent=8531"}],"wp:term":[{"taxonomy":"product_brand","embeddable":true,"href":"https:\/\/boreait.com\/de\/wp-json\/wp\/v2\/product_brand?post=8531"},{"taxonomy":"product_cat","embeddable":true,"href":"https:\/\/boreait.com\/de\/wp-json\/wp\/v2\/product_cat?post=8531"},{"taxonomy":"product_tag","embeddable":true,"href":"https:\/\/boreait.com\/de\/wp-json\/wp\/v2\/product_tag?post=8531"}],"curies":[{"name":"wp","href":"https:\/\/api.w.org\/{rel}","templated":true}]}}