{"id":8514,"date":"2025-09-15T14:35:52","date_gmt":"2025-09-15T12:35:52","guid":{"rendered":"https:\/\/boreait.com\/de\/?post_type=product&#038;p=8514"},"modified":"2026-01-09T13:18:06","modified_gmt":"2026-01-09T12:18:06","slug":"60-nvkcr1000-d01-asus-usb-kartenleser-ersatzplatine","status":"publish","type":"product","link":"https:\/\/boreait.com\/de\/produkt\/60-nvkcr1000-d01-asus-usb-kartenleser-ersatzplatine\/","title":{"rendered":"60-Nvkcr1000-D01 Asus USB-Kartenleser-Ersatzplatine"},"content":{"rendered":"<p>Erweitern Sie die Kartenlesefunktionen Ihres Asus-Laptops mit der Asus USB-Kartenleser-Ersatzplatine 60-NVKCR1000-D01. Diese Original-Ersatzplatine optimiert die Kartenlesefunktion Ihres Laptops und gew\u00e4hrleistet zuverl\u00e4ssigen Kartenzugriff und nahtlose Integration f\u00fcr ein verbessertes Computererlebnis.<\/p>\n<p>Die Asus USB-Kartenleser-Ersatzplatine 60-NVKCR1000-D01 wurde von Asus, einem vertrauensw\u00fcrdigen Anbieter in der Computertechnologie, f\u00fcr effiziente Kartenlesefunktionen entwickelt. Als wichtiger Bestandteil der internen Systeme Ihres Laptops spielt diese Ersatzplatine eine entscheidende Rolle bei der Erweiterung Ihrer Kartenleseoptionen.<\/p>\n<p>Ob Sie auf SD-, SDHC-, microSD- oder andere Speicherkartenformate zugreifen m\u00fcssen \u2013 diese USB-Kartenleser-Ersatzplatine bietet Ihnen den Komfort und die Effizienz, die Sie ben\u00f6tigen. \u00dcbertragen Sie Daten ganz einfach von Speicherkarten auf Ihren Laptop oder umgekehrt, ohne externe Kartenleser oder Adapter.<\/p>\n<p>Die Installation ist dank des Designs, das auf die Originalkomponenten Ihres Laptops abgestimmt ist, unkompliziert. Mit Original-Asus-Teilen investieren Sie in die Qualit\u00e4t und Zuverl\u00e4ssigkeit der Kartenlesefunktionen Ihres Laptops.<\/p>\n<p>Erweitern Sie die Kartenlesefunktion Ihres Laptops mit der Asus USB-Kartenleser-Ersatzplatine 60-NVKCR1000-D01. Profitieren Sie von erweitertem Kartenzugriff, optimierten Daten\u00fcbertragungen und effizientem Kartenlesen auf Ihrem Asus-Laptop. Verbessern Sie Ihr Computererlebnis mit dieser zuverl\u00e4ssigen und effizienten Ersatzplatine.<\/p>\n<p>Bitte \u00fcberpr\u00fcfen Sie vor dem Kauf die Kompatibilit\u00e4t mit Ihrem Laptop-Modell.<\/p>\n","protected":false},"excerpt":{"rendered":"<p>Verbessern Sie die Kartenlesefunktionen Ihres Asus-Laptops mit der Asus USB-Kartenleser-Ersatzplatine 60-NVKCR1000-D01. Profitieren Sie von optimierten Daten\u00fcbertragungen und effizientem Speicherkartenzugriff.<\/p>\n","protected":false},"featured_media":8564,"template":"","meta":[],"product_brand":[],"product_cat":[63],"product_tag":[66],"class_list":{"0":"post-8514","1":"product","2":"type-product","3":"status-publish","4":"has-post-thumbnail","6":"product_cat-motherboards-board-parts","7":"product_tag-asus","9":"first","10":"instock","11":"taxable","12":"shipping-taxable","13":"purchasable","14":"product-type-simple"},"_links":{"self":[{"href":"https:\/\/boreait.com\/de\/wp-json\/wp\/v2\/product\/8514","targetHints":{"allow":["GET"]}}],"collection":[{"href":"https:\/\/boreait.com\/de\/wp-json\/wp\/v2\/product"}],"about":[{"href":"https:\/\/boreait.com\/de\/wp-json\/wp\/v2\/types\/product"}],"wp:featuredmedia":[{"embeddable":true,"href":"https:\/\/boreait.com\/de\/wp-json\/wp\/v2\/media\/8564"}],"wp:attachment":[{"href":"https:\/\/boreait.com\/de\/wp-json\/wp\/v2\/media?parent=8514"}],"wp:term":[{"taxonomy":"product_brand","embeddable":true,"href":"https:\/\/boreait.com\/de\/wp-json\/wp\/v2\/product_brand?post=8514"},{"taxonomy":"product_cat","embeddable":true,"href":"https:\/\/boreait.com\/de\/wp-json\/wp\/v2\/product_cat?post=8514"},{"taxonomy":"product_tag","embeddable":true,"href":"https:\/\/boreait.com\/de\/wp-json\/wp\/v2\/product_tag?post=8514"}],"curies":[{"name":"wp","href":"https:\/\/api.w.org\/{rel}","templated":true}]}}