{"id":8492,"date":"2025-09-15T14:35:28","date_gmt":"2025-09-15T12:35:28","guid":{"rendered":"https:\/\/boreait.com\/de\/?post_type=product&#038;p=8492"},"modified":"2026-01-09T13:16:37","modified_gmt":"2026-01-09T12:16:37","slug":"am0vm000400-am0vm000300-oem-dell-scharnier-kit-kleines-latitude-e7240","status":"publish","type":"product","link":"https:\/\/boreait.com\/de\/produkt\/am0vm000400-am0vm000300-oem-dell-scharnier-kit-kleines-latitude-e7240\/","title":{"rendered":"AM0VM000400 AM0VM000300 OEM DELL SCHARNIER-KIT KLEINES LATITUDE E7240"},"content":{"rendered":"<p>Original Dell Scharnier-Kit AM0VM000400 AM0VM000300 f\u00fcr Latitude E7240<\/p>\n<p>Steigern Sie die Funktionalit\u00e4t und Langlebigkeit Ihres Dell Latitude E7240 Laptops mit diesem Original Dell Scharnier-Kit AM0VM000400 AM0VM000300. Dieses OEM-Scharnier-Kit erf\u00fcllt die hohen Dell-Standards und gew\u00e4hrleistet eine nahtlose Passform und optimale Leistung.<\/p>\n<p>Dieses Scharnier-Kit wurde f\u00fcr die Latitude E7240-Serie entwickelt und umfasst sowohl das linke als auch das rechte Scharnier und bietet umfassenden Halt f\u00fcr die Displayeinheit. Egal, ob Sie besch\u00e4digte Scharniere ersetzen oder die Komponenten Ihres Laptops aufr\u00fcsten, dieses Original Scharnier-Kit garantiert perfekte Passform und zuverl\u00e4ssigen Betrieb.<\/p>\n<p>R\u00fcsten Sie Ihren Laptop mit diesem originalen Dell Scharnier-Kit auf und erhalten Sie die strukturelle Integrit\u00e4t Ihres Ger\u00e4ts. Gehen Sie keine Kompromisse bei der Qualit\u00e4t ein \u2013 entscheiden Sie sich f\u00fcr das Original Dell Scharnier-Kit AM0VM000400 AM0VM000300 f\u00fcr Ihr Latitude E7240 und sichern Sie sich eine sichere und langlebige L\u00f6sung.<\/p>\n<p>Sorgen Sie mit Original Dell Ersatzteilen f\u00fcr einen perfekten Sitz und optimale Leistung Ihres Laptops. Bestellen Sie noch heute Ihr Dell Scharnier-Kit AM0VM000400 AM0VM000300 und genie\u00dfen Sie die Sicherheit, die Originalkomponenten bieten.<\/p>\n","protected":false},"excerpt":{"rendered":"<p>Original Dell Scharnier-Kit f\u00fcr Latitude E7240 \u2013 AM0VM000400 AM0VM000300<\/p>\n","protected":false},"featured_media":8542,"template":"","meta":[],"product_brand":[],"product_cat":[55],"product_tag":[],"class_list":{"0":"post-8492","1":"product","2":"type-product","3":"status-publish","4":"has-post-thumbnail","6":"product_cat-screen-hinge","8":"first","9":"instock","10":"taxable","11":"shipping-taxable","12":"purchasable","13":"product-type-simple"},"_links":{"self":[{"href":"https:\/\/boreait.com\/de\/wp-json\/wp\/v2\/product\/8492","targetHints":{"allow":["GET"]}}],"collection":[{"href":"https:\/\/boreait.com\/de\/wp-json\/wp\/v2\/product"}],"about":[{"href":"https:\/\/boreait.com\/de\/wp-json\/wp\/v2\/types\/product"}],"wp:featuredmedia":[{"embeddable":true,"href":"https:\/\/boreait.com\/de\/wp-json\/wp\/v2\/media\/8542"}],"wp:attachment":[{"href":"https:\/\/boreait.com\/de\/wp-json\/wp\/v2\/media?parent=8492"}],"wp:term":[{"taxonomy":"product_brand","embeddable":true,"href":"https:\/\/boreait.com\/de\/wp-json\/wp\/v2\/product_brand?post=8492"},{"taxonomy":"product_cat","embeddable":true,"href":"https:\/\/boreait.com\/de\/wp-json\/wp\/v2\/product_cat?post=8492"},{"taxonomy":"product_tag","embeddable":true,"href":"https:\/\/boreait.com\/de\/wp-json\/wp\/v2\/product_tag?post=8492"}],"curies":[{"name":"wp","href":"https:\/\/api.w.org\/{rel}","templated":true}]}}