{"id":8480,"date":"2025-09-15T14:35:07","date_gmt":"2025-09-15T12:35:07","guid":{"rendered":"https:\/\/boreait.com\/de\/?post_type=product&#038;p=8480"},"modified":"2026-01-14T09:07:37","modified_gmt":"2026-01-14T08:07:37","slug":"original-hp-elitebook-840-850-g1-zbook-14-serie-netzschalterplatine-6050a2560301","status":"publish","type":"product","link":"https:\/\/boreait.com\/de\/produkt\/original-hp-elitebook-840-850-g1-zbook-14-serie-netzschalterplatine-6050a2560301\/","title":{"rendered":"Original HP EliteBook 840 850 G1 ZBook 14 Serie Netzschalterplatine 6050A2560301"},"content":{"rendered":"<p>Erweitern Sie die Funktionalit\u00e4t Ihres Laptops mit der Original HP EliteBook 840 850 G1 ZBook 14 Serie Power Button Board. Dieses Original HP Zubeh\u00f6r passt perfekt in Ihr Ger\u00e4t und sorgt f\u00fcr Zuverl\u00e4ssigkeit und Leistung.<\/p>\n<p>R\u00fcsten Sie Ihren Laptop mit dieser Power Button Board auf und erhalten Sie einfachen Zugriff auf die Stromversorgungsfunktionen Ihres Ger\u00e4ts. Hergestellt nach den hohen HP Standards, garantiert sie Kompatibilit\u00e4t und eine problemlose Installation. Optimieren Sie Ihr Computererlebnis mit dieser Original Power Button Board.<\/p>\n","protected":false},"excerpt":{"rendered":"<p>Original HP EliteBook 840 850 G1 ZBook 14 Netzschalterplatine<\/p>\n","protected":false},"featured_media":8541,"template":"","meta":[],"product_brand":[],"product_cat":[63],"product_tag":[61],"class_list":{"0":"post-8480","1":"product","2":"type-product","3":"status-publish","4":"has-post-thumbnail","6":"product_cat-motherboards-board-parts","7":"product_tag-hp","9":"first","10":"instock","11":"taxable","12":"shipping-taxable","13":"purchasable","14":"product-type-simple"},"_links":{"self":[{"href":"https:\/\/boreait.com\/de\/wp-json\/wp\/v2\/product\/8480","targetHints":{"allow":["GET"]}}],"collection":[{"href":"https:\/\/boreait.com\/de\/wp-json\/wp\/v2\/product"}],"about":[{"href":"https:\/\/boreait.com\/de\/wp-json\/wp\/v2\/types\/product"}],"wp:featuredmedia":[{"embeddable":true,"href":"https:\/\/boreait.com\/de\/wp-json\/wp\/v2\/media\/8541"}],"wp:attachment":[{"href":"https:\/\/boreait.com\/de\/wp-json\/wp\/v2\/media?parent=8480"}],"wp:term":[{"taxonomy":"product_brand","embeddable":true,"href":"https:\/\/boreait.com\/de\/wp-json\/wp\/v2\/product_brand?post=8480"},{"taxonomy":"product_cat","embeddable":true,"href":"https:\/\/boreait.com\/de\/wp-json\/wp\/v2\/product_cat?post=8480"},{"taxonomy":"product_tag","embeddable":true,"href":"https:\/\/boreait.com\/de\/wp-json\/wp\/v2\/product_tag?post=8480"}],"curies":[{"name":"wp","href":"https:\/\/api.w.org\/{rel}","templated":true}]}}