{"id":8474,"date":"2025-09-15T14:35:06","date_gmt":"2025-09-15T12:35:06","guid":{"rendered":"https:\/\/boreait.com\/de\/?post_type=product&#038;p=8474"},"modified":"2026-01-09T13:42:18","modified_gmt":"2026-01-09T12:42:18","slug":"webcam-kamera-bord-fuer-dell-latitude-e5550-e5450-e3340-e7250-e7450-fhkk7-0fhkk7-2","status":"publish","type":"product","link":"https:\/\/boreait.com\/de\/produkt\/webcam-kamera-bord-fuer-dell-latitude-e5550-e5450-e3340-e7250-e7450-fhkk7-0fhkk7-2\/","title":{"rendered":"Webcam Kamera Bord F\u00fcr Dell Latitude E5550 E5450 E3340 E7250 E7450 FHKK7 0FHKK7"},"content":{"rendered":"<p>Verbessern Sie die Kommunikationsm\u00f6glichkeiten Ihres Laptops mit der Webcam-Kameraplatine f\u00fcr Dell Latitude E5550, E5450, E3340, E7250 und E7450 FHKK7 0FHKK7. Mit diesem Original-Ersatzteil von Dell k\u00f6nnen Sie die vorhandene Webcam-Kameraplatine Ihres Laptops aufr\u00fcsten oder ersetzen und so ein klares und zuverl\u00e4ssiges Videokonferenzerlebnis gew\u00e4hrleisten.<\/p>\n<p>Diese Webcam-Kameraplatine wurde speziell f\u00fcr kompatible Dell Latitude-Modelle, einschlie\u00dflich E5550, E5450, E3340, E7250 und E7450, entwickelt und bietet hochwertige Bildqualit\u00e4t und hervorragende Videoaufzeichnung. Egal, ob Sie Ihren Laptop f\u00fcr Gesch\u00e4ftstreffen, Online-Kurse oder private Videochats nutzen \u2013 dieses Ersatzteil sorgt f\u00fcr optimale Kameraleistung und gestochen scharfe und detailreiche Bilder.<\/p>\n<p>Die Installation der Webcam-Kameraplatine f\u00fcr Dell Latitude E5550 E5450 E3340 E7250 E7450 FHKK7 (0FHKK7) ist dank ihres pr\u00e4zisen Designs, das den Spezifikationen des Originalbauteils entspricht, unkompliziert und problemlos. Sie ist die perfekte L\u00f6sung, wenn Sie Probleme mit der Kamera Ihres Laptops haben oder einfach nur ein Upgrade f\u00fcr eine bessere Videoqualit\u00e4t w\u00fcnschen.<\/p>\n<p>Mit der Webcam-Kameraplatine FHKK7 (0FHKK7) k\u00f6nnen Sie sicher Videokommunikation betreiben, ohne sich um verschwommene oder verpixelte Bilder sorgen zu m\u00fcssen. Bleiben Sie dank der verbesserten Kameraleistung dieses Original-Ersatzteils von Dell auf ansprechendere und professionellere Weise mit Freunden, Familie, Kollegen und Kunden in Verbindung.<\/p>\n","protected":false},"excerpt":{"rendered":"<p>Aktualisieren oder ersetzen Sie die Webcam-Kameraplatine Ihres Laptops mit der Webcam-Kameraplatine f\u00fcr Dell Latitude E5550 E5450 E3340 E7250 E7450 FHKK7 0FHKK7, um Videokonferenzen und Kommunikation in hoher Qualit\u00e4t zu genie\u00dfen.<\/p>\n","protected":false},"featured_media":8525,"template":"","meta":[],"product_brand":[],"product_cat":[59],"product_tag":[53],"class_list":{"0":"post-8474","1":"product","2":"type-product","3":"status-publish","4":"has-post-thumbnail","6":"product_cat-laptop-camera","7":"product_tag-dell","9":"first","10":"instock","11":"taxable","12":"shipping-taxable","13":"purchasable","14":"product-type-simple"},"_links":{"self":[{"href":"https:\/\/boreait.com\/de\/wp-json\/wp\/v2\/product\/8474","targetHints":{"allow":["GET"]}}],"collection":[{"href":"https:\/\/boreait.com\/de\/wp-json\/wp\/v2\/product"}],"about":[{"href":"https:\/\/boreait.com\/de\/wp-json\/wp\/v2\/types\/product"}],"wp:featuredmedia":[{"embeddable":true,"href":"https:\/\/boreait.com\/de\/wp-json\/wp\/v2\/media\/8525"}],"wp:attachment":[{"href":"https:\/\/boreait.com\/de\/wp-json\/wp\/v2\/media?parent=8474"}],"wp:term":[{"taxonomy":"product_brand","embeddable":true,"href":"https:\/\/boreait.com\/de\/wp-json\/wp\/v2\/product_brand?post=8474"},{"taxonomy":"product_cat","embeddable":true,"href":"https:\/\/boreait.com\/de\/wp-json\/wp\/v2\/product_cat?post=8474"},{"taxonomy":"product_tag","embeddable":true,"href":"https:\/\/boreait.com\/de\/wp-json\/wp\/v2\/product_tag?post=8474"}],"curies":[{"name":"wp","href":"https:\/\/api.w.org\/{rel}","templated":true}]}}