{"id":8473,"date":"2025-09-15T14:35:06","date_gmt":"2025-09-15T12:35:06","guid":{"rendered":"https:\/\/boreait.com\/de\/?post_type=product&#038;p=8473"},"modified":"2025-09-16T12:48:38","modified_gmt":"2025-09-16T10:48:38","slug":"acer-aspire-5336-series-pew72-usb-platine-mit-kabel-ls-8581p","status":"publish","type":"product","link":"https:\/\/boreait.com\/de\/produkt\/acer-aspire-5336-series-pew72-usb-platine-mit-kabel-ls-8581p\/","title":{"rendered":"Acer Aspire 5336 Series PEW72 USB-Platine mit Kabel LS-8581P"},"content":{"rendered":"<p>Die Acer Aspire 5336 Serie PEW72 USB-Platine mit Kabel LS-8581P ist die perfekte L\u00f6sung, um die einwandfreie USB-Funktionalit\u00e4t Ihres Laptops wiederherzustellen. Wenn Sie Probleme mit den USB-Anschl\u00fcssen Ihres Laptops haben, wie z. B. Verbindungsprobleme oder fehlende Reaktion, kann dieses Original-Ersatzteil Ihrem Laptop helfen, seine volle Leistungsf\u00e4higkeit wiederherzustellen.<\/p>\n<p>Diese USB-Platine mit Kabel wurde speziell f\u00fcr das Modell Acer Aspire 5336 Serie PEW72 entwickelt und ist ein originales Acer-Ersatzteil. Sie wurde mit h\u00f6chster Pr\u00e4zision gefertigt, um Kompatibilit\u00e4t, einfache Installation und nahtlose Integration in die Hardware und das System Ihres Laptops zu gew\u00e4hrleisten.<\/p>\n<p>Mit der Acer USB-Platine mit Kabel LS-8581P genie\u00dfen Sie wieder den Komfort funktionierender USB-Anschl\u00fcsse. Ob Sie externe Ger\u00e4te anschlie\u00dfen, Daten \u00fcbertragen oder Ihre Ger\u00e4te aufladen m\u00f6chten \u2013 dieses Ersatzteil sorgt daf\u00fcr, dass die USB-Anschl\u00fcsse Ihres Laptops zuverl\u00e4ssig und effizient funktionieren.<\/p>\n<p>Lassen Sie sich nicht von defekten USB-Anschl\u00fcssen ausbremsen. Investieren Sie in das Acer Aspire 5336 Series PEW72 USB-Board mit Kabel LS-8581P, um die USB-Funktionen Ihres Laptops wieder nutzbar und komfortabel zu machen. Ersetzen Sie besch\u00e4digte oder nicht funktionierende USB-Boards durch dieses Original-Ersatzteil von Acer f\u00fcr ein reibungsloseres und produktiveres Computererlebnis.<\/p>\n","protected":false},"excerpt":{"rendered":"<p>Ersetzen Sie die defekte USB-Platine Ihres Laptops Acer Aspire 5336 Series PEW72 durch die Acer USB-Platine mit Kabel LS-8581P, um die Funktionalit\u00e4t wiederherzustellen.<\/p>\n","protected":false},"featured_media":8524,"template":"","meta":[],"product_brand":[],"product_cat":[63],"product_tag":[65],"class_list":{"0":"post-8473","1":"product","2":"type-product","3":"status-publish","4":"has-post-thumbnail","6":"product_cat-motherboards-board-parts","7":"product_tag-acer","9":"first","10":"instock","11":"taxable","12":"shipping-taxable","13":"purchasable","14":"product-type-simple"},"_links":{"self":[{"href":"https:\/\/boreait.com\/de\/wp-json\/wp\/v2\/product\/8473","targetHints":{"allow":["GET"]}}],"collection":[{"href":"https:\/\/boreait.com\/de\/wp-json\/wp\/v2\/product"}],"about":[{"href":"https:\/\/boreait.com\/de\/wp-json\/wp\/v2\/types\/product"}],"wp:featuredmedia":[{"embeddable":true,"href":"https:\/\/boreait.com\/de\/wp-json\/wp\/v2\/media\/8524"}],"wp:attachment":[{"href":"https:\/\/boreait.com\/de\/wp-json\/wp\/v2\/media?parent=8473"}],"wp:term":[{"taxonomy":"product_brand","embeddable":true,"href":"https:\/\/boreait.com\/de\/wp-json\/wp\/v2\/product_brand?post=8473"},{"taxonomy":"product_cat","embeddable":true,"href":"https:\/\/boreait.com\/de\/wp-json\/wp\/v2\/product_cat?post=8473"},{"taxonomy":"product_tag","embeddable":true,"href":"https:\/\/boreait.com\/de\/wp-json\/wp\/v2\/product_tag?post=8473"}],"curies":[{"name":"wp","href":"https:\/\/api.w.org\/{rel}","templated":true}]}}