{"id":8463,"date":"2025-09-15T14:34:43","date_gmt":"2025-09-15T12:34:43","guid":{"rendered":"https:\/\/boreait.com\/de\/?post_type=product&#038;p=8463"},"modified":"2025-09-16T12:48:38","modified_gmt":"2025-09-16T10:48:38","slug":"7nfcy-ls-9593p-oem-dell-ssd-hd-anschlussplatine-latitude-e7440-p40g","status":"publish","type":"product","link":"https:\/\/boreait.com\/de\/produkt\/7nfcy-ls-9593p-oem-dell-ssd-hd-anschlussplatine-latitude-e7440-p40g\/","title":{"rendered":"7NFCY LS-9593P OEM DELL SSD HD-ANSCHLUSSPLATINE LATITUDE E7440 P40G"},"content":{"rendered":"<p>Erweitern Sie die Speicherkapazit\u00e4t Ihres Dell Latitude E7440 P40G Laptops mit dem OEM Dell SSD HD Connector Board (7NFCY LS-9593P). Dieses speziell entwickelte Board ist eine Schl\u00fcsselkomponente f\u00fcr alle, die Speicherkapazit\u00e4t und Leistung ihres Laptops verbessern m\u00f6chten.<\/p>\n<p>Das 7NFCY LS-9593P Connector Board ist ein OEM-Bauteil und gew\u00e4hrleistet Kompatibilit\u00e4t und nahtlose Integration mit Ihrem Dell Latitude E7440 P40G Laptop. Wenn Sie eine SSD oder ein HD-Laufwerk hinzuf\u00fcgen oder ersetzen m\u00f6chten, ist dieses Connector Board f\u00fcr eine sichere und effiziente Konnektivit\u00e4t unerl\u00e4sslich.<\/p>\n<p>Das 7NFCY LS-9593P Connector Board passt perfekt in das Geh\u00e4use Ihres Laptops und ist einfach zu installieren. So erweitern Sie Ihre Speicherkapazit\u00e4t m\u00fchelos. Egal, ob Sie als Profi mehr Speicherplatz f\u00fcr Arbeitsdateien ben\u00f6tigen oder als Gelegenheitsnutzer zus\u00e4tzlichen Platz f\u00fcr Multimedia-Inhalte suchen \u2013 dieses Connector Board bietet die L\u00f6sung.<\/p>\n<p> R\u00fcsten Sie Ihr Dell Latitude E7440 P40G-Notebook mit dem OEM Dell SSD HD Connector Board (7NFCY LS-9593P) aus, um Speicherkapazit\u00e4t und Leistung Ihres Notebooks zu verbessern. Profitieren Sie von mehr Speicherplatz und verbesserter Effizienz bei all Ihren Computeraufgaben.<\/p>\n","protected":false},"excerpt":{"rendered":"<p>Die OEM Dell SSD HD Connector Board (7NFCY LS-9593P) ist eine entscheidende Komponente zur Erweiterung der Speicherkapazit\u00e4t Ihres Latitude E7440 P40G-Laptops.<\/p>\n","protected":false},"featured_media":8522,"template":"","meta":[],"product_brand":[],"product_cat":[63],"product_tag":[61],"class_list":{"0":"post-8463","1":"product","2":"type-product","3":"status-publish","4":"has-post-thumbnail","6":"product_cat-motherboards-board-parts","7":"product_tag-hp","9":"first","10":"instock","11":"taxable","12":"shipping-taxable","13":"purchasable","14":"product-type-simple"},"_links":{"self":[{"href":"https:\/\/boreait.com\/de\/wp-json\/wp\/v2\/product\/8463","targetHints":{"allow":["GET"]}}],"collection":[{"href":"https:\/\/boreait.com\/de\/wp-json\/wp\/v2\/product"}],"about":[{"href":"https:\/\/boreait.com\/de\/wp-json\/wp\/v2\/types\/product"}],"wp:featuredmedia":[{"embeddable":true,"href":"https:\/\/boreait.com\/de\/wp-json\/wp\/v2\/media\/8522"}],"wp:attachment":[{"href":"https:\/\/boreait.com\/de\/wp-json\/wp\/v2\/media?parent=8463"}],"wp:term":[{"taxonomy":"product_brand","embeddable":true,"href":"https:\/\/boreait.com\/de\/wp-json\/wp\/v2\/product_brand?post=8463"},{"taxonomy":"product_cat","embeddable":true,"href":"https:\/\/boreait.com\/de\/wp-json\/wp\/v2\/product_cat?post=8463"},{"taxonomy":"product_tag","embeddable":true,"href":"https:\/\/boreait.com\/de\/wp-json\/wp\/v2\/product_tag?post=8463"}],"curies":[{"name":"wp","href":"https:\/\/api.w.org\/{rel}","templated":true}]}}