{"id":8459,"date":"2025-09-15T14:34:42","date_gmt":"2025-09-15T12:34:42","guid":{"rendered":"https:\/\/boreait.com\/de\/?post_type=product&#038;p=8459"},"modified":"2025-09-16T12:48:37","modified_gmt":"2025-09-16T10:48:37","slug":"asus-k52j-serie-60-nxld1000-usb-vga-karte","status":"publish","type":"product","link":"https:\/\/boreait.com\/de\/produkt\/asus-k52j-serie-60-nxld1000-usb-vga-karte\/","title":{"rendered":"Asus K52J Serie 60-NXLD1000 USB\/VGA-Karte"},"content":{"rendered":"<p>Erweitern Sie die Anschlussm\u00f6glichkeiten Ihres Asus K52J-Laptops mit der Asus K52J-Serie 60-NXLD1000 USB\/VGA-Karte. Diese als Originalersatzteil konzipierte Karte erweitert Ihren Laptop um wertvolle USB- und VGA-Anschl\u00fcsse und erweitert so dessen Funktionalit\u00e4t und Vielseitigkeit.<\/p>\n<p>Die Asus K52J-Serie 60-NXLD1000 USB\/VGA-Karte l\u00e4sst sich nahtlos in Ihren Laptop integrieren und sorgt f\u00fcr eine problemlose Installation. Nach der Installation profitieren Sie von zus\u00e4tzlichen USB-Anschl\u00fcssen f\u00fcr verschiedene Peripherieger\u00e4te wie externe Festplatten, Tastaturen, M\u00e4use und mehr. \u00dcber den VGA-Anschluss k\u00f6nnen Sie Ihren Laptop an externe Displays oder Projektoren anschlie\u00dfen \u2013 ideal f\u00fcr Pr\u00e4sentationen, Multimedia-Aufgaben und gr\u00f6\u00dfere Bildschirme.<\/p>\n<p>Ob Student, Berufst\u00e4tiger oder Gelegenheitsnutzer \u2013 die Asus K52J-Serie 60-NXLD1000 USB\/VGA-Karte erweitert die Leistungsf\u00e4higkeit Ihres Laptops mit wichtigen Anschlussm\u00f6glichkeiten. Verabschieden Sie sich von Einschr\u00e4nkungen und entdecken Sie neue M\u00f6glichkeiten, Ihr Notebook f\u00fcr Arbeit, Unterhaltung und Produktivit\u00e4t zu nutzen.<\/p>\n<p>Investieren Sie in das Asus K52J Series 60-NXLD1000 USB\/VGA-Board, erweitern Sie die Konnektivit\u00e4t Ihres Asus K52J Series-Notebooks und optimieren Sie Ihr Computererlebnis. Mit diesem Original-Ersatzboard k\u00f6nnen Sie problemlos verbinden, Inhalte teilen und pr\u00e4sentieren und profitieren dabei von der bekannten Zuverl\u00e4ssigkeit und Qualit\u00e4t der Asus-Produkte.<\/p>\n","protected":false},"excerpt":{"rendered":"<p>Verbessern Sie die Konnektivit\u00e4t Ihres Laptops der Asus K52J-Serie mit der USB\/VGA-Karte 60-NXLD1000 der Asus K52J-Serie. Diese Original-Ersatzkarte bietet zus\u00e4tzliche USB- und VGA-Anschl\u00fcsse f\u00fcr erweiterte Funktionalit\u00e4t.<\/p>\n","protected":false},"featured_media":8508,"template":"","meta":[],"product_brand":[],"product_cat":[63],"product_tag":[66],"class_list":{"0":"post-8459","1":"product","2":"type-product","3":"status-publish","4":"has-post-thumbnail","6":"product_cat-motherboards-board-parts","7":"product_tag-asus","9":"first","10":"instock","11":"taxable","12":"shipping-taxable","13":"purchasable","14":"product-type-simple"},"_links":{"self":[{"href":"https:\/\/boreait.com\/de\/wp-json\/wp\/v2\/product\/8459","targetHints":{"allow":["GET"]}}],"collection":[{"href":"https:\/\/boreait.com\/de\/wp-json\/wp\/v2\/product"}],"about":[{"href":"https:\/\/boreait.com\/de\/wp-json\/wp\/v2\/types\/product"}],"wp:featuredmedia":[{"embeddable":true,"href":"https:\/\/boreait.com\/de\/wp-json\/wp\/v2\/media\/8508"}],"wp:attachment":[{"href":"https:\/\/boreait.com\/de\/wp-json\/wp\/v2\/media?parent=8459"}],"wp:term":[{"taxonomy":"product_brand","embeddable":true,"href":"https:\/\/boreait.com\/de\/wp-json\/wp\/v2\/product_brand?post=8459"},{"taxonomy":"product_cat","embeddable":true,"href":"https:\/\/boreait.com\/de\/wp-json\/wp\/v2\/product_cat?post=8459"},{"taxonomy":"product_tag","embeddable":true,"href":"https:\/\/boreait.com\/de\/wp-json\/wp\/v2\/product_tag?post=8459"}],"curies":[{"name":"wp","href":"https:\/\/api.w.org\/{rel}","templated":true}]}}