{"id":8458,"date":"2025-09-15T14:34:42","date_gmt":"2025-09-15T12:34:42","guid":{"rendered":"https:\/\/boreait.com\/de\/?post_type=product&#038;p=8458"},"modified":"2026-01-09T13:15:50","modified_gmt":"2026-01-09T12:15:50","slug":"original-lenovo-thinkpad-kameramodul-webcam-bn1l1nvra-001","status":"publish","type":"product","link":"https:\/\/boreait.com\/de\/produkt\/original-lenovo-thinkpad-kameramodul-webcam-bn1l1nvra-001\/","title":{"rendered":"Original Lenovo ThinkPad Kameramodul Webcam BN1L1NVRA-001"},"content":{"rendered":"<p>Erweitern Sie die Funktionen Ihres Lenovo ThinkPad Laptops mit der Original Lenovo ThinkPad Kameramodul-Webcam (Teilenummer: BN1L1NVRA-001). Dieses fortschrittliche Kameramodul erm\u00f6glicht hochwertige Videokonferenzen, Streaming und Content-Erstellung direkt auf Ihrem Laptop und verbessert Ihr Multimedia-Erlebnis auf vielf\u00e4ltige Weise.<\/p>\n<p>Die Original Lenovo ThinkPad Kameramodul-Webcam l\u00e4sst sich nahtlos in Ihr ThinkPad Laptop integrieren und gew\u00e4hrleistet eine einfache Installation und optimale Leistung. Ob Sie an virtuellen Meetings teilnehmen, Videos aufnehmen, Inhalte streamen oder Erinnerungen festhalten \u2013 diese Webcam liefert hervorragende Bildqualit\u00e4t und Klarheit.<\/p>\n<p>Ausgestattet mit fortschrittlicher Bildtechnologie erfasst die Webcam gestochen scharfe und lebendige Bilder f\u00fcr eine effektive Kommunikation bei Videoanrufen und -konferenzen. Die hohe Aufl\u00f6sung der Webcam sorgt daf\u00fcr, dass Ihre Videos und Bilder lebendig werden und bietet Ihnen und Ihrem Publikum ein beeindruckendes Erlebnis.<\/p>\n<p>Mit der Original Lenovo ThinkPad Kameramodul-Webcam genie\u00dfen Sie den Komfort von Videokonferenzen ohne Kompromisse bei der Qualit\u00e4t. Ob Sie mobil arbeiten, mit Kollegen zusammenarbeiten oder mit Freunden und Familie in Kontakt bleiben \u2013 diese Webcam erm\u00f6glicht klare und ansprechende Kommunikation.<\/p>\n<p>Erweitern Sie die Multimedia-Funktionen Ihres Lenovo ThinkPad Laptops mit der Original Lenovo ThinkPad Kameramodul-Webcam (Teilenummer: BN1L1NVRA-001). Sie ist das perfekte Zubeh\u00f6r f\u00fcr moderne Profis, Content-Ersteller und alle, die Wert auf hochwertige Videokommunikation und Streaming legen. Vertrauen Sie auf Lenovos Ruf f\u00fcr Innovation und Qualit\u00e4t und verbessern Sie Ihr Laptop-Erlebnis.<\/p>\n","protected":false},"excerpt":{"rendered":"<p>Verbessern Sie das Multimedia-Erlebnis Ihres Lenovo ThinkPad-Laptops mit der Original Lenovo ThinkPad Kameramodul-Webcam (Teilenummer: BN1L1NVRA-001). Diese hochwertige Webcam sorgt f\u00fcr kristallklare Videokonferenzen, Streaming und Content-Erstellung.<\/p>\n","protected":false},"featured_media":8507,"template":"","meta":[],"product_brand":[],"product_cat":[59],"product_tag":[62],"class_list":{"0":"post-8458","1":"product","2":"type-product","3":"status-publish","4":"has-post-thumbnail","6":"product_cat-laptop-camera","7":"product_tag-lenovo","9":"first","10":"instock","11":"taxable","12":"shipping-taxable","13":"purchasable","14":"product-type-simple"},"_links":{"self":[{"href":"https:\/\/boreait.com\/de\/wp-json\/wp\/v2\/product\/8458","targetHints":{"allow":["GET"]}}],"collection":[{"href":"https:\/\/boreait.com\/de\/wp-json\/wp\/v2\/product"}],"about":[{"href":"https:\/\/boreait.com\/de\/wp-json\/wp\/v2\/types\/product"}],"wp:featuredmedia":[{"embeddable":true,"href":"https:\/\/boreait.com\/de\/wp-json\/wp\/v2\/media\/8507"}],"wp:attachment":[{"href":"https:\/\/boreait.com\/de\/wp-json\/wp\/v2\/media?parent=8458"}],"wp:term":[{"taxonomy":"product_brand","embeddable":true,"href":"https:\/\/boreait.com\/de\/wp-json\/wp\/v2\/product_brand?post=8458"},{"taxonomy":"product_cat","embeddable":true,"href":"https:\/\/boreait.com\/de\/wp-json\/wp\/v2\/product_cat?post=8458"},{"taxonomy":"product_tag","embeddable":true,"href":"https:\/\/boreait.com\/de\/wp-json\/wp\/v2\/product_tag?post=8458"}],"curies":[{"name":"wp","href":"https:\/\/api.w.org\/{rel}","templated":true}]}}