{"id":8413,"date":"2025-09-15T14:33:34","date_gmt":"2025-09-15T12:33:34","guid":{"rendered":"https:\/\/boreait.com\/de\/?post_type=product&#038;p=8413"},"modified":"2026-01-09T13:14:00","modified_gmt":"2026-01-09T12:14:00","slug":"acer-aspire-5250-cd-dvd-player-anschluss-flachbrenner-pew71-ls-6583p","status":"publish","type":"product","link":"https:\/\/boreait.com\/de\/produkt\/acer-aspire-5250-cd-dvd-player-anschluss-flachbrenner-pew71-ls-6583p\/","title":{"rendered":"Acer Aspire 5250 CD\/DVD-Player-Anschluss + Flachbrenner PEW71 LS-6583P"},"content":{"rendered":"<p>Der Acer Aspire 5250 CD\/DVD-Player-Anschluss + Flachbrenner PEW71 LS-6583P ist eine unverzichtbare Komponente f\u00fcr Ihr Acer Aspire 5250 Notebook, insbesondere wenn Sie einen CD\/DVD-Player oder -Brenner verwenden m\u00f6chten. Diese Anschlussplatine dient als Schnittstelle zwischen dem CD\/DVD-Player\/-Brenner und dem Motherboard des Notebooks und erm\u00f6glicht das Lesen und Schreiben von Daten von optischen Datentr\u00e4gern.<\/p>\n<p>Ob Sie Filme ansehen, Software von CDs oder DVDs installieren oder eigene Datentr\u00e4ger erstellen m\u00f6chten \u2013 mit dieser Anschlussplatine ist alles m\u00f6glich. Sie gew\u00e4hrleistet eine reibungslose und zuverl\u00e4ssige Verbindung zwischen dem CD\/DVD-Player\/-Brenner und Ihrem Notebook und erm\u00f6glicht Ihnen die komfortable Nutzung optischer Datentr\u00e4ger.<\/p>\n<p>Der Acer Aspire 5250 CD\/DVD-Player-Anschluss + Flachbrenner PEW71 LS-6583P ist ein Originalersatzteil von Acer und gew\u00e4hrleistet Kompatibilit\u00e4t und optimale Leistung. Bei korrekter Installation integriert es sich nahtlos in die internen Komponenten Ihres Laptops und erm\u00f6glicht Ihnen, alle Vorteile eines CD\/DVD-Players oder -Brenners auf Ihrem Acer Aspire 5250 zu nutzen.<\/p>\n<p>Sollte Ihre Original-Anschlussplatine defekt oder besch\u00e4digt sein, stellen Sie durch den Austausch mit diesem Original-Acer-Ersatzteil die CD\/DVD-Funktionalit\u00e4t Ihres Laptops wieder her und erm\u00f6glichen Ihnen die Nutzung optischer Datentr\u00e4ger f\u00fcr verschiedene Zwecke. R\u00fcsten Sie Ihr Acer Aspire 5250 mit dem Acer Aspire 5250 CD\/DVD-Player-Anschluss + Flachbrenner PEW71 LS-6583P auf und sch\u00f6pfen Sie das volle Potenzial Ihres Laptops aus.<\/p>\n","protected":false},"excerpt":{"rendered":"<p>Der Acer Aspire 5250 CD\/DVD-Player-Anschluss + Flachbrenner PEW71 LS-6583P ist ein Originalersatzteil f\u00fcr Laptops des Typs Acer Aspire 5250. Mit dieser Anschlussplatine k\u00f6nnen Sie einen CD\/DVD-Player oder -Brenner an Ihren Laptop anschlie\u00dfen und verwenden, sodass Sie Daten von optischen Datentr\u00e4gern lesen oder schreiben k\u00f6nnen.<\/p>\n","protected":false},"featured_media":8472,"template":"","meta":[],"product_brand":[],"product_cat":[63],"product_tag":[65],"class_list":{"0":"post-8413","1":"product","2":"type-product","3":"status-publish","4":"has-post-thumbnail","6":"product_cat-motherboards-board-parts","7":"product_tag-acer","9":"first","10":"instock","11":"taxable","12":"shipping-taxable","13":"purchasable","14":"product-type-simple"},"_links":{"self":[{"href":"https:\/\/boreait.com\/de\/wp-json\/wp\/v2\/product\/8413","targetHints":{"allow":["GET"]}}],"collection":[{"href":"https:\/\/boreait.com\/de\/wp-json\/wp\/v2\/product"}],"about":[{"href":"https:\/\/boreait.com\/de\/wp-json\/wp\/v2\/types\/product"}],"wp:featuredmedia":[{"embeddable":true,"href":"https:\/\/boreait.com\/de\/wp-json\/wp\/v2\/media\/8472"}],"wp:attachment":[{"href":"https:\/\/boreait.com\/de\/wp-json\/wp\/v2\/media?parent=8413"}],"wp:term":[{"taxonomy":"product_brand","embeddable":true,"href":"https:\/\/boreait.com\/de\/wp-json\/wp\/v2\/product_brand?post=8413"},{"taxonomy":"product_cat","embeddable":true,"href":"https:\/\/boreait.com\/de\/wp-json\/wp\/v2\/product_cat?post=8413"},{"taxonomy":"product_tag","embeddable":true,"href":"https:\/\/boreait.com\/de\/wp-json\/wp\/v2\/product_tag?post=8413"}],"curies":[{"name":"wp","href":"https:\/\/api.w.org\/{rel}","templated":true}]}}