{"id":8394,"date":"2025-09-15T14:33:11","date_gmt":"2025-09-15T12:33:11","guid":{"rendered":"https:\/\/boreait.com\/de\/?post_type=product&#038;p=8394"},"modified":"2025-09-16T12:48:32","modified_gmt":"2025-09-16T10:48:32","slug":"acer-aspire-e5-551-akku-adapter-anschlussplatine-ls-b163p","status":"publish","type":"product","link":"https:\/\/boreait.com\/de\/produkt\/acer-aspire-e5-551-akku-adapter-anschlussplatine-ls-b163p\/","title":{"rendered":"Acer Aspire E5-551 Akku-Adapter-Anschlussplatine LS-B163P"},"content":{"rendered":"<p>Die Akkuadapter-Anschlussplatine LS-B163P f\u00fcr das Acer Aspire E5-551 ist ein unverzichtbares Bauteil f\u00fcr das Acer Aspire E5-551. Wenn der Akku Ihres Laptops nicht richtig l\u00e4dt oder das Netzteil nicht ausreichend Strom liefert, kann diese Anschlussplatine die Ursache sein.<\/p>\n<p>Als Originalersatzteil ist die LS-B163P-Platine speziell f\u00fcr das Acer Aspire E5-551 konzipiert und funktioniert reibungslos. Sie gew\u00e4hrleistet eine sichere und zuverl\u00e4ssige Verbindung zwischen Akku und Netzteil und erm\u00f6glicht so effizientes Laden und eine reibungslose Stromversorgung Ihres Laptops.<\/p>\n<p>Der Austausch einer defekten Akkuadapter-Anschlussplatine kann Ladeprobleme beheben und weitere Sch\u00e4den am Netzteil des Laptops verhindern. Verwenden Sie unbedingt Originalersatzteile wie die LS-B163P, um Kompatibilit\u00e4t und optimale Leistung zu gew\u00e4hrleisten.<\/p>\n<p>Zum Einbau der Platine empfehlen wir Ihnen, einen professionellen Techniker zu Rate zu ziehen oder die Schritt-f\u00fcr-Schritt-Anleitung im Servicehandbuch Ihres Laptops zu lesen. So gew\u00e4hrleisten Sie einen sicheren und fachgerechten Austausch.<\/p>\n<p>Bei Lade- oder Stromversorgungsproblemen Ihres Acer Aspire E5-551 Laptops sollten Sie die Akkuadapter-Anschlussplatine durch die Original Acer Aspire E5-551 Akkuadapter-Anschlussplatine LS-B163P ersetzen. Dieses Ersatzteil stellt die Funktionsf\u00e4higkeit des Stromversorgungssystems Ihres Laptops wieder her und erm\u00f6glicht Ihnen eine unterbrechungsfreie Nutzung Ihres Laptops.<\/p>\n","protected":false},"excerpt":{"rendered":"<p>Die Akkuadapter-Anschlussplatine LS-B163P f\u00fcr das Acer Aspire E5-551 ist ein Originalersatzteil f\u00fcr das Acer Aspire E5-551. Diese Platine verbindet den Akku und das Netzteil des Laptops und erm\u00f6glicht so effizientes Laden und eine effiziente Stromversorgung.<\/p>\n","protected":false},"featured_media":8454,"template":"","meta":[],"product_brand":[],"product_cat":[63],"product_tag":[65],"class_list":{"0":"post-8394","1":"product","2":"type-product","3":"status-publish","4":"has-post-thumbnail","6":"product_cat-motherboards-board-parts","7":"product_tag-acer","9":"first","10":"instock","11":"taxable","12":"shipping-taxable","13":"purchasable","14":"product-type-simple"},"_links":{"self":[{"href":"https:\/\/boreait.com\/de\/wp-json\/wp\/v2\/product\/8394","targetHints":{"allow":["GET"]}}],"collection":[{"href":"https:\/\/boreait.com\/de\/wp-json\/wp\/v2\/product"}],"about":[{"href":"https:\/\/boreait.com\/de\/wp-json\/wp\/v2\/types\/product"}],"wp:featuredmedia":[{"embeddable":true,"href":"https:\/\/boreait.com\/de\/wp-json\/wp\/v2\/media\/8454"}],"wp:attachment":[{"href":"https:\/\/boreait.com\/de\/wp-json\/wp\/v2\/media?parent=8394"}],"wp:term":[{"taxonomy":"product_brand","embeddable":true,"href":"https:\/\/boreait.com\/de\/wp-json\/wp\/v2\/product_brand?post=8394"},{"taxonomy":"product_cat","embeddable":true,"href":"https:\/\/boreait.com\/de\/wp-json\/wp\/v2\/product_cat?post=8394"},{"taxonomy":"product_tag","embeddable":true,"href":"https:\/\/boreait.com\/de\/wp-json\/wp\/v2\/product_tag?post=8394"}],"curies":[{"name":"wp","href":"https:\/\/api.w.org\/{rel}","templated":true}]}}