{"id":8318,"date":"2025-09-15T14:31:05","date_gmt":"2025-09-15T12:31:05","guid":{"rendered":"https:\/\/boreait.com\/de\/?post_type=product&#038;p=8318"},"modified":"2026-01-07T08:54:25","modified_gmt":"2026-01-07T07:54:25","slug":"hp-probook-4710s-173-zoll-stromanschluss-6017b0199001-rev-a0","status":"publish","type":"product","link":"https:\/\/boreait.com\/de\/produkt\/hp-probook-4710s-173-zoll-stromanschluss-6017b0199001-rev-a0\/","title":{"rendered":"HP ProBook 4710s 17,3 Zoll Stromanschluss 6017B0199001 Rev A0"},"content":{"rendered":"<p>Die HP ProBook 4710s 17,3-Zoll-Strombuchse (6017B0199001 Rev. A0) ist eine hochwertige und originale Strombuchse, die als direkter Ersatz f\u00fcr das Originalteil im HP ProBook 4710s Laptop entwickelt wurde. Sie wurde nach den strengen HP Standards entwickelt und rigorosen Tests unterzogen, um optimale Leistung und Zuverl\u00e4ssigkeit zu gew\u00e4hrleisten.<\/p>\n<p>Die Strombuchse ist ein wichtiges Bauteil, mit dem Sie das Netzteil an Ihren Laptop anschlie\u00dfen und den Akku zum Laden und Betreiben des Ger\u00e4ts mit Strom versorgen k\u00f6nnen. Ohne eine funktionierende Strombuchse kann Ihr Laptop den Akku m\u00f6glicherweise nicht laden oder nicht richtig hochfahren. Wenn Probleme mit der Stromversorgung auftreten, kann eine besch\u00e4digte oder defekte Strombuchse die Ursache sein.<\/p>\n<p>Der Einbau der HP ProBook 4710s 17,3-Zoll-Strombuchse ist unkompliziert. Wir empfehlen, beim Austausch dieses Teils professionelle Hilfe in Anspruch zu nehmen oder die Anweisungen des Herstellers zu befolgen. Die Verwendung eines Originalersatzteils wie 6017B0199001 Rev A0 gew\u00e4hrleistet Kompatibilit\u00e4t und optimale Leistung.<\/p>\n<p>Als Original-HP-Ersatzteil bietet Ihnen die Strombuchse (6017B0199001 Rev A0) die Gewissheit, dass sie speziell f\u00fcr Ihr HP ProBook 4710s Notebook entwickelt wurde. Sie erh\u00e4lt die Integrit\u00e4t und Funktionalit\u00e4t des Stromversorgungssystems Ihres Notebooks, sodass Sie Ihr Ger\u00e4t ohne Unterbrechungen nutzen k\u00f6nnen.<\/p>\n<p>Zusammenfassend l\u00e4sst sich sagen, dass die HP ProBook 4710s 17,3-Zoll-Strombuchse (6017B0199001 Rev A0) ein authentisches und zuverl\u00e4ssiges Ersatzteil f\u00fcr das HP ProBook 4710s Notebook ist. Sie erm\u00f6glicht eine einwandfreie Stromversorgung und stellt sicher, dass Ihr Notebook den Akku l\u00e4dt und einwandfrei funktioniert. Entscheiden Sie sich f\u00fcr diese Original-HP-Strombuchse f\u00fcr einen reibungslosen Austausch und ein einwandfrei funktionierendes Stromversorgungssystem Ihres Notebooks.<\/p>\n","protected":false},"excerpt":{"rendered":"<p>Die 17,3-Zoll-Strombuchse f\u00fcr das HP ProBook 4710s (6017B0199001 Rev. A0) ist ein Originalersatzteil, das speziell f\u00fcr das HP ProBook 4710s-Notebook entwickelt wurde. \u00dcber diese Strombuchse k\u00f6nnen Sie das Netzteil an Ihr Notebook anschlie\u00dfen und so den Akku aufladen und das Ger\u00e4t betreiben.<\/p>\n","protected":false},"featured_media":8403,"template":"","meta":[],"product_brand":[],"product_cat":[63],"product_tag":[61],"class_list":{"0":"post-8318","1":"product","2":"type-product","3":"status-publish","4":"has-post-thumbnail","6":"product_cat-motherboards-board-parts","7":"product_tag-hp","9":"first","10":"instock","11":"taxable","12":"shipping-taxable","13":"purchasable","14":"product-type-simple"},"_links":{"self":[{"href":"https:\/\/boreait.com\/de\/wp-json\/wp\/v2\/product\/8318","targetHints":{"allow":["GET"]}}],"collection":[{"href":"https:\/\/boreait.com\/de\/wp-json\/wp\/v2\/product"}],"about":[{"href":"https:\/\/boreait.com\/de\/wp-json\/wp\/v2\/types\/product"}],"wp:featuredmedia":[{"embeddable":true,"href":"https:\/\/boreait.com\/de\/wp-json\/wp\/v2\/media\/8403"}],"wp:attachment":[{"href":"https:\/\/boreait.com\/de\/wp-json\/wp\/v2\/media?parent=8318"}],"wp:term":[{"taxonomy":"product_brand","embeddable":true,"href":"https:\/\/boreait.com\/de\/wp-json\/wp\/v2\/product_brand?post=8318"},{"taxonomy":"product_cat","embeddable":true,"href":"https:\/\/boreait.com\/de\/wp-json\/wp\/v2\/product_cat?post=8318"},{"taxonomy":"product_tag","embeddable":true,"href":"https:\/\/boreait.com\/de\/wp-json\/wp\/v2\/product_tag?post=8318"}],"curies":[{"name":"wp","href":"https:\/\/api.w.org\/{rel}","templated":true}]}}