{"id":8274,"date":"2025-09-15T14:29:48","date_gmt":"2025-09-15T12:29:48","guid":{"rendered":"https:\/\/boreait.com\/de\/?post_type=product&#038;p=8274"},"modified":"2026-01-07T08:53:17","modified_gmt":"2026-01-07T07:53:17","slug":"lenovo-miix-320-10icr-101-zoll-untere-gehaeuseabdeckung-8s1102-02661","status":"publish","type":"product","link":"https:\/\/boreait.com\/de\/produkt\/lenovo-miix-320-10icr-101-zoll-untere-gehaeuseabdeckung-8s1102-02661\/","title":{"rendered":"Lenovo MIIX 320-10ICR 10,1 Zoll, untere Geh\u00e4useabdeckung, 8S1102-02661"},"content":{"rendered":"<p>Die Lenovo MIIX 320-10ICR 10,1-Zoll-Geh\u00e4useunterseite ist ein hochwertiges Ersatzteil, das speziell f\u00fcr das Lenovo MIIX 320-10ICR 10,1-Zoll-Tablet entwickelt wurde. Diese Geh\u00e4useunterseite ist passgenau und sch\u00fctzt die Unterseite Ihres Tablets vor Staub, Kratzern und leichten St\u00f6\u00dfen.<\/p>\n<p>Dieses Original-Ersatzteil von Lenovo wurde mit Blick auf Pr\u00e4zision und Langlebigkeit gefertigt und passt perfekt zu Ihrem Tablet, wobei die urspr\u00fcngliche \u00c4sthetik erhalten bleibt. Die Montage ist kinderleicht, sodass Sie die Geh\u00e4useunterseite selbst und ohne professionelle Hilfe austauschen k\u00f6nnen.<\/p>\n<p>Mit der Lenovo MIIX 320-10ICR 10,1-Zoll-Geh\u00e4useabdeckung f\u00fcr die untere Basis k\u00f6nnen Sie sich auf Qualit\u00e4t und Zuverl\u00e4ssigkeit verlassen, da sie vom Originalhersteller Lenovo hergestellt wird. Dadurch wird sichergestellt, dass das Ersatzteil den strengen Qualit\u00e4tsstandards des Herstellers entspricht und langlebig ist.<\/p>\n<p>Das Upgrade Ihres Lenovo MIIX 320-10ICR 10,1-Zoll-Tablets mit der originalen Lenovo-Geh\u00e4useabdeckung f\u00fcr die untere Basis sch\u00fctzt das Ger\u00e4t nicht nur, sondern erh\u00e4lt auch sein Gesamtbild und seine Funktionalit\u00e4t. Genie\u00dfen Sie die Gewissheit, dass Ihr Tablet mit diesem hochwertigen Ersatzteil von Lenovo gut gesch\u00fctzt ist.<\/p>\n<p>Investieren Sie in die Lenovo MIIX 320-10ICR 10,1-Zoll-Geh\u00e4useabdeckung f\u00fcr die untere Basis 8S1102-02661 und verl\u00e4ngern Sie die Lebensdauer Ihres Tablets, indem Sie es vor allt\u00e4glicher Abnutzung sch\u00fctzen. Sorgen Sie mit diesem Original-Ersatzteil von Lenovo daf\u00fcr, dass Ihr Ger\u00e4t wie neu aussieht und optimal funktioniert.<\/p>\n","protected":false},"excerpt":{"rendered":"<p>Die untere Geh\u00e4useabdeckung f\u00fcr das Lenovo MIIX 320-10ICR 10,1 Zoll ist ein Originalersatzteil zum Schutz und zur Abdeckung des unteren Teils Ihres Lenovo MIIX 320-10ICR 10,1 Zoll-Tablets.<\/p>\n","protected":false},"featured_media":8354,"template":"","meta":[],"product_brand":[],"product_cat":[52],"product_tag":[62],"class_list":{"0":"post-8274","1":"product","2":"type-product","3":"status-publish","4":"has-post-thumbnail","6":"product_cat-laptop-housing","7":"product_tag-lenovo","9":"first","10":"instock","11":"taxable","12":"shipping-taxable","13":"purchasable","14":"product-type-simple"},"_links":{"self":[{"href":"https:\/\/boreait.com\/de\/wp-json\/wp\/v2\/product\/8274","targetHints":{"allow":["GET"]}}],"collection":[{"href":"https:\/\/boreait.com\/de\/wp-json\/wp\/v2\/product"}],"about":[{"href":"https:\/\/boreait.com\/de\/wp-json\/wp\/v2\/types\/product"}],"wp:featuredmedia":[{"embeddable":true,"href":"https:\/\/boreait.com\/de\/wp-json\/wp\/v2\/media\/8354"}],"wp:attachment":[{"href":"https:\/\/boreait.com\/de\/wp-json\/wp\/v2\/media?parent=8274"}],"wp:term":[{"taxonomy":"product_brand","embeddable":true,"href":"https:\/\/boreait.com\/de\/wp-json\/wp\/v2\/product_brand?post=8274"},{"taxonomy":"product_cat","embeddable":true,"href":"https:\/\/boreait.com\/de\/wp-json\/wp\/v2\/product_cat?post=8274"},{"taxonomy":"product_tag","embeddable":true,"href":"https:\/\/boreait.com\/de\/wp-json\/wp\/v2\/product_tag?post=8274"}],"curies":[{"name":"wp","href":"https:\/\/api.w.org\/{rel}","templated":true}]}}