{"id":8252,"date":"2025-09-15T14:29:24","date_gmt":"2025-09-15T12:29:24","guid":{"rendered":"https:\/\/boreait.com\/de\/?post_type=product&#038;p=8252"},"modified":"2026-01-09T10:18:57","modified_gmt":"2026-01-09T09:18:57","slug":"original-dell-latitude-e7450-sata-festplattenanschlussplatine-2n4j0-02n4j0","status":"publish","type":"product","link":"https:\/\/boreait.com\/de\/produkt\/original-dell-latitude-e7450-sata-festplattenanschlussplatine-2n4j0-02n4j0\/","title":{"rendered":"Original Dell Latitude E7450 SATA-Festplattenanschlussplatine 2N4J0 02N4J0"},"content":{"rendered":"<p>Die SATA-Festplattenanschlussplatine ist eine wichtige Komponente, die die Kommunikation Ihres Laptops mit der Festplatte erm\u00f6glicht und so Daten\u00fcbertragung und -speicherung erm\u00f6glicht. Mit der Zeit k\u00f6nnen Anschl\u00fcsse verschlei\u00dfen oder besch\u00e4digt werden, was zu Daten\u00fcbertragungsproblemen oder sogar zum Totalausfall der Festplatte f\u00fchren kann. Gehen Sie keine Kompromisse bei der Leistung ein und riskieren Sie keinen Datenverlust \u2013 ersetzen Sie Ihre alte Anschlussplatine durch die Original Dell 2N4J0 (02N4J0) und genie\u00dfen Sie die Sicherheit zuverl\u00e4ssiger Speicherl\u00f6sungen.<\/p>\n<p>Diese von Dell entwickelte und hergestellte SATA-Festplattenanschlussplatine ist ein Original-OEM-Teil und gew\u00e4hrleistet h\u00f6chste Kompatibilit\u00e4t und Leistung f\u00fcr Ihr Latitude E7450-Notebook. Mit dem Modell 2N4J0 (02N4J0) k\u00f6nnen Sie sicher sein, dass es perfekt passt und reibungslos mit der Hardware Ihres Laptops zusammenarbeitet.<\/p>\n<p>Die Installation ist kinderleicht, selbst f\u00fcr Benutzer ohne umfassende technische Kenntnisse. Entfernen Sie einfach die alte Anschlussplatine und ersetzen Sie sie durch die Original Dell SATA-Festplattenanschlussplatine 2N4J0 (02N4J0). Machen Sie sich keine Gedanken \u00fcber Kompatibilit\u00e4t oder komplizierte Verfahren \u2013 das Upgrade ist so konzipiert, dass es reibungslos und unkompliziert abl\u00e4uft.<\/p>\n<p>Sorgen Sie f\u00fcr optimale Leistung Ihres Dell Latitude E7450 mit der Original Dell SATA-Festplattenanschlussplatine 2N4J0 (02N4J0). Stellen Sie optimale Daten\u00fcbertragungs- und Speicherkapazit\u00e4ten wieder her und sorgen Sie f\u00fcr maximale Leistung Ihres Laptops. Geben Sie sich bei wichtigen Laptop-Komponenten nicht mit weniger zufrieden \u2013 entscheiden Sie sich f\u00fcr die Original Dell 2N4J0 (02N4J0) und erleben Sie den Unterschied in Zuverl\u00e4ssigkeit und Leistung.<\/p>\n","protected":false},"excerpt":{"rendered":"<p>Sch\u00f6pfen Sie das volle Potenzial Ihres Dell Latitude E7450 mit der Original Dell SATA-Festplattenanschlussplatine 2N4J0 (02N4J0). Diese hochwertige Anschlussplatine ist der perfekte Ersatz f\u00fcr Ihre vorhandene und gew\u00e4hrleistet eine nahtlose und zuverl\u00e4ssige Verbindung zwischen der Festplatte Ihres Laptops und dem Motherboard.<\/p>\n","protected":false},"featured_media":8310,"template":"","meta":[],"product_brand":[],"product_cat":[63],"product_tag":[53],"class_list":{"0":"post-8252","1":"product","2":"type-product","3":"status-publish","4":"has-post-thumbnail","6":"product_cat-motherboards-board-parts","7":"product_tag-dell","9":"first","10":"instock","11":"taxable","12":"shipping-taxable","13":"purchasable","14":"product-type-simple"},"_links":{"self":[{"href":"https:\/\/boreait.com\/de\/wp-json\/wp\/v2\/product\/8252","targetHints":{"allow":["GET"]}}],"collection":[{"href":"https:\/\/boreait.com\/de\/wp-json\/wp\/v2\/product"}],"about":[{"href":"https:\/\/boreait.com\/de\/wp-json\/wp\/v2\/types\/product"}],"wp:featuredmedia":[{"embeddable":true,"href":"https:\/\/boreait.com\/de\/wp-json\/wp\/v2\/media\/8310"}],"wp:attachment":[{"href":"https:\/\/boreait.com\/de\/wp-json\/wp\/v2\/media?parent=8252"}],"wp:term":[{"taxonomy":"product_brand","embeddable":true,"href":"https:\/\/boreait.com\/de\/wp-json\/wp\/v2\/product_brand?post=8252"},{"taxonomy":"product_cat","embeddable":true,"href":"https:\/\/boreait.com\/de\/wp-json\/wp\/v2\/product_cat?post=8252"},{"taxonomy":"product_tag","embeddable":true,"href":"https:\/\/boreait.com\/de\/wp-json\/wp\/v2\/product_tag?post=8252"}],"curies":[{"name":"wp","href":"https:\/\/api.w.org\/{rel}","templated":true}]}}