{"id":8237,"date":"2025-09-15T14:29:00","date_gmt":"2025-09-15T12:29:00","guid":{"rendered":"https:\/\/boreait.com\/de\/?post_type=product&#038;p=8237"},"modified":"2026-01-09T10:18:13","modified_gmt":"2026-01-09T09:18:13","slug":"6053b0255201-6053b0255101-6053b0255201-6053b0255101-scharniere-fuer-hp-compaq","status":"publish","type":"product","link":"https:\/\/boreait.com\/de\/produkt\/6053b0255201-6053b0255101-6053b0255201-6053b0255101-scharniere-fuer-hp-compaq\/","title":{"rendered":"6053B0255201.6053B0255101 &#8211; 6053B0255201.6053B0255101 Scharniere f\u00fcr HP Compaq"},"content":{"rendered":"<p>Wenn die Displayscharniere Ihres HP Compaq Laptops Abnutzungserscheinungen oder Besch\u00e4digungen aufweisen, ist es Zeit, sie durch dieses Original-Scharnierset zu ersetzen. Diese speziell f\u00fcr HP Compaq Modelle entwickelten Scharniere (Teilenummer 6053B0255201 und 6053B0255101) sind die perfekte L\u00f6sung, um die Displayfunktion Ihres Laptops wiederherzustellen und eine reibungslose, stabile Bewegung zu gew\u00e4hrleisten.<\/p>\n<p>Scharniere spielen eine entscheidende Rolle f\u00fcr die Displaybewegung des Laptops und erm\u00f6glichen ein einfaches \u00d6ffnen und Schlie\u00dfen des Deckels. Mit der Zeit k\u00f6nnen sich Scharniere durch st\u00e4ndige Nutzung und Belastung l\u00f6sen oder abnutzen, was zu einer falschen Ausrichtung und einem wackeligen Display f\u00fchrt. Der Austausch der Scharniere ist unerl\u00e4sslich, um weitere Sch\u00e4den am Laptop zu vermeiden und den sicheren Halt des Bildschirms zu gew\u00e4hrleisten.<\/p>\n<p>Dieses Original-Scharnierset garantiert eine perfekte Passform f\u00fcr Ihren HP Compaq Laptop und sorgt f\u00fcr eine zuverl\u00e4ssige und stabile Displaypositionierung. Mit diesen Scharnieren k\u00f6nnen Sie Ihren Laptop sicher \u00f6ffnen und schlie\u00dfen und ein reibungsloses Benutzererlebnis genie\u00dfen.<\/p>\n<p>Der Einbau dieser Scharniere ist relativ einfach, insbesondere wenn Sie Erfahrung mit Laptop-Reparaturen haben. Richtig ausgerichtete Scharniere verhindern eine Belastung des Laptop-Geh\u00e4uses und verringern das Risiko von Sch\u00e4den am Display oder anderen internen Komponenten.<\/p>\n<p>Erhalten Sie die urspr\u00fcngliche Leistung und Funktionalit\u00e4t Ihres HP Compaq Laptops, indem Sie die Scharniere durch dieses Original-Set ersetzen. Gehen Sie bei der Qualit\u00e4t und Zuverl\u00e4ssigkeit Ihrer Laptop-Komponenten keine Kompromisse ein.<\/p>\n<p>R\u00fcsten Sie Ihren Laptop mit diesen Original-Scharnieren auf und beenden Sie Probleme mit der Displayausrichtung. Genie\u00dfen Sie die reibungslose und stabile Bewegung Ihres Laptop-Bildschirms wie im Neuzustand. Bestellen Sie jetzt und profitieren Sie vom schnellen Versand innerhalb Europas. Bringen Sie Ihren HP Compaq Laptop mit diesen zuverl\u00e4ssigen Scharnieren wieder in einen optimalen Zustand.<\/p>\n","protected":false},"excerpt":{"rendered":"<p>Ersetzen Sie die abgenutzten oder besch\u00e4digten Scharniere Ihres HP Compaq Laptops durch dieses Original-Scharnierset. Diese Scharniere sorgen f\u00fcr eine reibungslose und stabile Bewegung und gew\u00e4hrleisten eine korrekte Ausrichtung und sichere Displaypositionierung. Stellen Sie die Funktionalit\u00e4t Ihres Laptops mit diesen zuverl\u00e4ssigen Scharnieren wieder her.<\/p>\n","protected":false},"featured_media":8296,"template":"","meta":[],"product_brand":[],"product_cat":[55],"product_tag":[61],"class_list":{"0":"post-8237","1":"product","2":"type-product","3":"status-publish","4":"has-post-thumbnail","6":"product_cat-screen-hinge","7":"product_tag-hp","9":"first","10":"instock","11":"taxable","12":"shipping-taxable","13":"purchasable","14":"product-type-simple"},"_links":{"self":[{"href":"https:\/\/boreait.com\/de\/wp-json\/wp\/v2\/product\/8237","targetHints":{"allow":["GET"]}}],"collection":[{"href":"https:\/\/boreait.com\/de\/wp-json\/wp\/v2\/product"}],"about":[{"href":"https:\/\/boreait.com\/de\/wp-json\/wp\/v2\/types\/product"}],"wp:featuredmedia":[{"embeddable":true,"href":"https:\/\/boreait.com\/de\/wp-json\/wp\/v2\/media\/8296"}],"wp:attachment":[{"href":"https:\/\/boreait.com\/de\/wp-json\/wp\/v2\/media?parent=8237"}],"wp:term":[{"taxonomy":"product_brand","embeddable":true,"href":"https:\/\/boreait.com\/de\/wp-json\/wp\/v2\/product_brand?post=8237"},{"taxonomy":"product_cat","embeddable":true,"href":"https:\/\/boreait.com\/de\/wp-json\/wp\/v2\/product_cat?post=8237"},{"taxonomy":"product_tag","embeddable":true,"href":"https:\/\/boreait.com\/de\/wp-json\/wp\/v2\/product_tag?post=8237"}],"curies":[{"name":"wp","href":"https:\/\/api.w.org\/{rel}","templated":true}]}}