{"id":8235,"date":"2025-09-15T14:29:00","date_gmt":"2025-09-15T12:29:00","guid":{"rendered":"https:\/\/boreait.com\/de\/?post_type=product&#038;p=8235"},"modified":"2025-09-16T12:48:21","modified_gmt":"2025-09-16T10:48:21","slug":"original-dell-precision-m6400-17-zoll-30-pin-ccfl-lcd-panel-b170pw06-v-3","status":"publish","type":"product","link":"https:\/\/boreait.com\/de\/produkt\/original-dell-precision-m6400-17-zoll-30-pin-ccfl-lcd-panel-b170pw06-v-3\/","title":{"rendered":"Original Dell Precision M6400 \u2013 17 Zoll 30-Pin CCFL LCD-Panel \u2013 B170PW06 V.3"},"content":{"rendered":"<p>R\u00fcsten Sie Ihr Dell Precision M6400 Notebook mit dem originalen Dell 17\u2033 30-Pin CCFL LCD-Panel B170PW06 V.3 auf und genie\u00dfen Sie verbesserte Grafik f\u00fcr alle Ihre Computeraufgaben. Dieses erstklassige LCD-Panel liefert beeindruckende Bildqualit\u00e4t und ist der ideale Ersatz f\u00fcr Ihren vorhandenen Bildschirm.<\/p>\n<p>Das B170PW06 V.3 verf\u00fcgt \u00fcber ein gro\u00dfz\u00fcgiges 17-Zoll-Display mit 30-Pin CCFL-Hintergrundbeleuchtung und bietet ausreichend Bildschirmfl\u00e4che f\u00fcr Multitasking, kreative Projekte und beeindruckende Multimedia-Erlebnisse. Die hohe Aufl\u00f6sung und die pr\u00e4zise Farbwiedergabe sorgen f\u00fcr gestochen scharfe und lebendige Bilder bei Arbeit und Freizeit.<\/p>\n<p>Dank fortschrittlicher CCFL-Technologie bietet dieses LCD-Panel eine gleichm\u00e4\u00dfige Hintergrundbeleuchtung, reduziert Blendeffekte und sorgt f\u00fcr eine konstante Helligkeit auf dem gesamten Bildschirm. Verabschieden Sie sich von Augenerm\u00fcdung und genie\u00dfen Sie komfortables Arbeiten \u00fcber l\u00e4ngere Zeitr\u00e4ume.<\/p>\n<p>Die Installation des originalen Dell Precision M6400 17\u2033 30-Pin CCFL LCD-Panels B170PW06 V.3 ist unkompliziert So k\u00f6nnen Sie Ihren alten oder besch\u00e4digten Bildschirm schnell und unkompliziert austauschen. So sind Sie im Handumdrehen wieder produktiv und unterhaltsam.<\/p>\n<p>Ob Berufst\u00e4tiger, Student oder begeisterter Multimedia-Enthusiast \u2013 dieses Original Dell LCD-Panel ist die perfekte Wahl, um die Anzeigeleistung Ihres Laptops zu verbessern. Genie\u00dfen Sie sch\u00e4rferen Text, fl\u00fcssigere Grafiken und naturgetreue Farben mit diesem hochwertigen Bildschirm.<\/p>\n<p>Investieren Sie noch heute in das Original Dell Precision M6400 17\u2033 30-Pin CCFL LCD-Panel \u2013 B170PW06 V.3 und erleben Sie den Unterschied bei der Nutzung Ihres Laptops. Verabschieden Sie sich von schlechter Grafik und steigern Sie Ihr Computererlebnis auf ein neues Niveau. Schneller Versand innerhalb Europas m\u00f6glich. R\u00fcsten Sie Ihren Laptop-Bildschirm jetzt auf und genie\u00dfen Sie sofort verbesserte Grafik!<\/p>\n","protected":false},"excerpt":{"rendered":"<p>Ersetzen Sie Ihren besch\u00e4digten oder alten Laptop-Bildschirm durch das Original Dell Precision M6400 17&#8243; 30-Pin CCFL LCD-Panel \u2013 B170PW06 V.3. Dieses hochwertige Display bietet scharfe Bilder, pr\u00e4zise Farben und eine fl\u00fcssige Bildleistung und sorgt so f\u00fcr ein hervorragendes Seherlebnis bei der Arbeit, Unterhaltung und mehr.<\/p>\n","protected":false},"featured_media":8291,"template":"","meta":[],"product_brand":[],"product_cat":[80,57],"product_tag":[],"class_list":{"0":"post-8235","1":"product","2":"type-product","3":"status-publish","4":"has-post-thumbnail","6":"product_cat-80","7":"product_cat-laptop-screens-lcd-panels","9":"first","10":"instock","11":"taxable","12":"shipping-taxable","13":"purchasable","14":"product-type-simple"},"_links":{"self":[{"href":"https:\/\/boreait.com\/de\/wp-json\/wp\/v2\/product\/8235","targetHints":{"allow":["GET"]}}],"collection":[{"href":"https:\/\/boreait.com\/de\/wp-json\/wp\/v2\/product"}],"about":[{"href":"https:\/\/boreait.com\/de\/wp-json\/wp\/v2\/types\/product"}],"wp:featuredmedia":[{"embeddable":true,"href":"https:\/\/boreait.com\/de\/wp-json\/wp\/v2\/media\/8291"}],"wp:attachment":[{"href":"https:\/\/boreait.com\/de\/wp-json\/wp\/v2\/media?parent=8235"}],"wp:term":[{"taxonomy":"product_brand","embeddable":true,"href":"https:\/\/boreait.com\/de\/wp-json\/wp\/v2\/product_brand?post=8235"},{"taxonomy":"product_cat","embeddable":true,"href":"https:\/\/boreait.com\/de\/wp-json\/wp\/v2\/product_cat?post=8235"},{"taxonomy":"product_tag","embeddable":true,"href":"https:\/\/boreait.com\/de\/wp-json\/wp\/v2\/product_tag?post=8235"}],"curies":[{"name":"wp","href":"https:\/\/api.w.org\/{rel}","templated":true}]}}