{"id":8219,"date":"2025-09-15T14:28:35","date_gmt":"2025-09-15T12:28:35","guid":{"rendered":"https:\/\/boreait.com\/de\/?post_type=product&#038;p=8219"},"modified":"2026-01-09T10:17:21","modified_gmt":"2026-01-09T09:17:21","slug":"hp-elitebook-8440p-videokabel-displaykabel-dc02c000u10","status":"publish","type":"product","link":"https:\/\/boreait.com\/de\/produkt\/hp-elitebook-8440p-videokabel-displaykabel-dc02c000u10\/","title":{"rendered":"HP Elitebook 8440p Videokabel Displaykabel DC02C000U10"},"content":{"rendered":"<p>Das HP Elitebook 8440p Videokabel (DC02C000U10) ist eine wichtige Komponente f\u00fcr die einwandfreie Funktion des Laptop-Displays. Es verbindet das Display mit dem Motherboard und erm\u00f6glicht die \u00dcbertragung von Videosignalen von der Grafikkarte zum Bildschirm.<\/p>\n<p>Wenn bei Ihrem HP Elitebook 8440p Displayprobleme wie Flimmern, verzerrte Bilder, horizontale oder vertikale Linien oder ein komplett leerer Bildschirm auftreten, kann ein defektes oder besch\u00e4digtes Videokabel die Ursache sein. In solchen F\u00e4llen kann der Austausch des Kabels durch das Original HP Elitebook 8440p Videokabel (DC02C000U10) diese Probleme beheben und die Bildqualit\u00e4t des Laptops wiederherstellen.<\/p>\n<p>W\u00e4hlen Sie unbedingt das richtige Ersatzkabel f\u00fcr Ihr Laptop-Modell, um Kompatibilit\u00e4t und optimale Leistung zu gew\u00e4hrleisten. Das HP Elitebook 8440p Videokabel (DC02C000U10) ist ein Original-HP-Teil und wurde speziell f\u00fcr das Elitebook 8440p entwickelt. Es gew\u00e4hrleistet Zuverl\u00e4ssigkeit und Leistung.<\/p>\n<p>Beim Austausch des Videokabels sollten Sie die Anweisungen des Herstellers befolgen oder sich an einen professionellen Techniker wenden, um eine ordnungsgem\u00e4\u00dfe Installation zu gew\u00e4hrleisten und Sch\u00e4den am Laptop oder Kabel zu vermeiden.<\/p>\n<p>Mit dem Original-HP Elitebook 8440p Videokabel (DC02C000U10) stellen Sie sicher, dass das Display Ihres Laptops wie vorgesehen funktioniert und Ihnen ein klares und lebendiges Bilderlebnis f\u00fcr alle Ihre Computeranforderungen bietet. Ob f\u00fcr die Arbeit, Multimedia oder den allgemeinen Gebrauch \u2013 mit diesem Ersatzkabel k\u00f6nnen Sie die optimale Displayleistung Ihres HP Elitebook 8440p wiederherstellen.<\/p>\n","protected":false},"excerpt":{"rendered":"<p>Das HP Elitebook 8440p Videokabel, auch Displaykabel oder LVDS-Kabel genannt, ist ein Originalersatzteil, das speziell f\u00fcr das HP Elitebook 8440p entwickelt wurde. Dieses Kabel verbindet das Display des Laptops mit der Hauptplatine und erm\u00f6glicht so die \u00dcbertragung von Videosignalen. Bei Anzeigeproblemen oder einem defekten Bildschirm kann der Austausch dieses Kabels die optimale Bildqualit\u00e4t wiederherstellen.<\/p>\n","protected":false},"featured_media":8276,"template":"","meta":[],"product_brand":[],"product_cat":[56],"product_tag":[61],"class_list":{"0":"post-8219","1":"product","2":"type-product","3":"status-publish","4":"has-post-thumbnail","6":"product_cat-cables","7":"product_tag-hp","9":"first","10":"instock","11":"taxable","12":"shipping-taxable","13":"purchasable","14":"product-type-simple"},"_links":{"self":[{"href":"https:\/\/boreait.com\/de\/wp-json\/wp\/v2\/product\/8219","targetHints":{"allow":["GET"]}}],"collection":[{"href":"https:\/\/boreait.com\/de\/wp-json\/wp\/v2\/product"}],"about":[{"href":"https:\/\/boreait.com\/de\/wp-json\/wp\/v2\/types\/product"}],"wp:featuredmedia":[{"embeddable":true,"href":"https:\/\/boreait.com\/de\/wp-json\/wp\/v2\/media\/8276"}],"wp:attachment":[{"href":"https:\/\/boreait.com\/de\/wp-json\/wp\/v2\/media?parent=8219"}],"wp:term":[{"taxonomy":"product_brand","embeddable":true,"href":"https:\/\/boreait.com\/de\/wp-json\/wp\/v2\/product_brand?post=8219"},{"taxonomy":"product_cat","embeddable":true,"href":"https:\/\/boreait.com\/de\/wp-json\/wp\/v2\/product_cat?post=8219"},{"taxonomy":"product_tag","embeddable":true,"href":"https:\/\/boreait.com\/de\/wp-json\/wp\/v2\/product_tag?post=8219"}],"curies":[{"name":"wp","href":"https:\/\/api.w.org\/{rel}","templated":true}]}}