{"id":8213,"date":"2025-09-15T14:28:35","date_gmt":"2025-09-15T12:28:35","guid":{"rendered":"https:\/\/boreait.com\/de\/?post_type=product&#038;p=8213"},"modified":"2025-09-16T12:48:18","modified_gmt":"2025-09-16T10:48:18","slug":"hp-470-g1-470-g0-s17-723646-001-led-flachdisplay-kabel-vga-kabel","status":"publish","type":"product","link":"https:\/\/boreait.com\/de\/produkt\/hp-470-g1-470-g0-s17-723646-001-led-flachdisplay-kabel-vga-kabel\/","title":{"rendered":"HP 470 G1 470 G0 S17 723646-001 LED-FLACHDISPLAY-KABEL VGA-KABEL"},"content":{"rendered":"<p>Das HP 470 G1 470 G0 S17 723646-001 LED-Flachbildschirmkabel (VGA-Kabel) ist eine wichtige Komponente f\u00fcr bestimmte HP Laptop-Modelle, einschlie\u00dflich der Serien 470 G1 und 470 G0. Es dient als Verbindung zwischen dem Motherboard des Laptops und dem LED-Flachbildschirm und erm\u00f6glicht die \u00dcbertragung von Videosignalen von der Grafikkarte zum Bildschirm.<\/p>\n<p>Wenn bei Ihrem HP Laptop Anzeigeprobleme wie Flackern, Streifen oder gar keine Videoausgabe auftreten, kann ein defektes VGA-Kabel die Ursache sein. Der Austausch durch das Original HP 723646-001 LED-Flachbildschirmkabel (VGA-Kabel) kann diese Probleme beheben und eine klare und stabile Videoausgabe wiederherstellen.<\/p>\n<p>Das speziell f\u00fcr kompatible HP Laptop-Modelle entwickelte VGA-Kabel 723646-001 gew\u00e4hrleistet perfekten Sitz und Kompatibilit\u00e4t mit den internen Komponenten des Laptops. Es besteht aus hochwertigen Materialien und gew\u00e4hrleistet so Langlebigkeit und zuverl\u00e4ssige Leistung.<\/p>\n<p>Befolgen Sie bei der Installation unbedingt die Anweisungen des Herstellers oder wenden Sie sich an einen professionellen Techniker, um eine korrekte Installation zu gew\u00e4hrleisten und m\u00f6gliche Sch\u00e4den am Laptop zu vermeiden.<\/p>\n<p>Ein funktionsf\u00e4higes Display ist f\u00fcr ein unterbrechungsfreies Computererlebnis auf Ihrem HP 470 G1 oder 470 G0 Laptop unerl\u00e4sslich. Mit dem Original HP 723646-001 LED-Flachbildschirm-Kabel (VGA-Kabel) k\u00f6nnen Sie sich auf seine Leistung und die F\u00e4higkeit verlassen, klare und stabile Videosignale zwischen dem Motherboard und dem LED-Flachbildschirm zu \u00fcbertragen. Investieren Sie in dieses Ersatzteil und genie\u00dfen Sie wieder die optimale Displayleistung Ihres HP Laptops. W\u00e4hlen Sie das HP 723646-001 LED-Flachbildschirm-Kabel (VGA-Kabel) aufgrund seiner Qualit\u00e4t, Kompatibilit\u00e4t und Zuverl\u00e4ssigkeit.<\/p>\n","protected":false},"excerpt":{"rendered":"<p>Das HP 470 G1 470 G0 S17 723646-001 LED-Flachbildschirm-VGA-Kabel ist ein Originalersatzteil f\u00fcr bestimmte HP Laptopmodelle. Dieses VGA-Kabel verbindet das Motherboard des Laptops mit dem LED-Flachbildschirm und erm\u00f6glicht die \u00dcbertragung von Videosignalen. Es sorgt f\u00fcr eine klare und stabile Videoausgabe und ist somit eine wesentliche Komponente f\u00fcr eine optimale Bildschirmleistung.<\/p>\n","protected":false},"featured_media":8262,"template":"","meta":[],"product_brand":[],"product_cat":[56],"product_tag":[61],"class_list":{"0":"post-8213","1":"product","2":"type-product","3":"status-publish","4":"has-post-thumbnail","6":"product_cat-cables","7":"product_tag-hp","9":"first","10":"instock","11":"taxable","12":"shipping-taxable","13":"purchasable","14":"product-type-simple"},"_links":{"self":[{"href":"https:\/\/boreait.com\/de\/wp-json\/wp\/v2\/product\/8213","targetHints":{"allow":["GET"]}}],"collection":[{"href":"https:\/\/boreait.com\/de\/wp-json\/wp\/v2\/product"}],"about":[{"href":"https:\/\/boreait.com\/de\/wp-json\/wp\/v2\/types\/product"}],"wp:featuredmedia":[{"embeddable":true,"href":"https:\/\/boreait.com\/de\/wp-json\/wp\/v2\/media\/8262"}],"wp:attachment":[{"href":"https:\/\/boreait.com\/de\/wp-json\/wp\/v2\/media?parent=8213"}],"wp:term":[{"taxonomy":"product_brand","embeddable":true,"href":"https:\/\/boreait.com\/de\/wp-json\/wp\/v2\/product_brand?post=8213"},{"taxonomy":"product_cat","embeddable":true,"href":"https:\/\/boreait.com\/de\/wp-json\/wp\/v2\/product_cat?post=8213"},{"taxonomy":"product_tag","embeddable":true,"href":"https:\/\/boreait.com\/de\/wp-json\/wp\/v2\/product_tag?post=8213"}],"curies":[{"name":"wp","href":"https:\/\/api.w.org\/{rel}","templated":true}]}}