{"id":8201,"date":"2025-09-15T14:28:10","date_gmt":"2025-09-15T12:28:10","guid":{"rendered":"https:\/\/boreait.com\/de\/?post_type=product&#038;p=8201"},"modified":"2025-09-16T12:48:18","modified_gmt":"2025-09-16T10:48:18","slug":"03h0ng-dc02c007p00-fuer-dell-latitude-e7250-laptop-lcd-video-band-kabel","status":"publish","type":"product","link":"https:\/\/boreait.com\/de\/produkt\/03h0ng-dc02c007p00-fuer-dell-latitude-e7250-laptop-lcd-video-band-kabel\/","title":{"rendered":"03H0NG DC02C007P00 F\u00dcR DELL Latitude E7250 Laptop LCD Video Band Kabel"},"content":{"rendered":"<div class=\"flex-1 overflow-hidden\">\n<div class=\"react-scroll-to-bottom--css-ivmta-79elbk h-full dunkel:bg-grau-800\">\n<div class=\"react-scroll-to-bottom--css-ivmta-1n7m0yu\">\n<div class=\"flex flex-col text-sm dunkel:bg-grau-800\">\n<div class=\"group w-full text-grau-800 dunkel:text-grau-100 border-b border-schwarz\/10 dunkel:border-grau-900\/50 bg-grau-50 dunkel:bg-[#444654]\">\n<div class=\"flex p-4 gap-4 text-base md:gap-6 md:max-w-2xl lg:max-w-[38rem] xl:max-w-3xl md:py-6 lg:px-0 m-auto\">\n<div class=\"relative flex w-[calc(100%-50px)] flex-col gap-1 md:gap-3 lg:w-[calc(100%-115px)]\">\n<div class=\"flex flex-grow flex-col gap-3\">\n<div class=\"min-h-[20px] flex items-start overflow-x-auto whitespace-pre-wrap break-words\">\n<div class=\"markdown prose w-full break-words dark:prose-invert light\">\n<p>Der 03H0NG DC02C007P00 ist ein wichtiges Bauteil f\u00fcr Dell Latitude E7250-Laptops und stellt die Verbindung zwischen dem Motherboard und dem LCD-Bildschirm her. Dieses LCD-Video-Flachbandkabel spielt eine entscheidende Rolle bei der \u00dcbertragung von Videosignalen und erm\u00f6glicht die Anzeige von Bildern, Videos und Grafiken auf dem Laptop-Display.<\/p>\n<p>Wenn bei Ihrem Dell Latitude E7250 Laptop Anzeigeprobleme wie Flackern, Streifen oder gar kein Bild auftreten, kann das LCD-Video-Flachbandkabel die Ursache sein. Der Austausch durch das Originalkabel 03H0NG DC02C007P00 kann solche Probleme beheben und die optimale Anzeigeleistung wiederherstellen.<\/p>\n<p>Das speziell f\u00fcr Dell Latitude E7250 Laptops entwickelte LCD-Video-Flachbandkabel 03H0NG DC02C007P00 gew\u00e4hrleistet Kompatibilit\u00e4t und nahtlose Integration mit den Laptop-Komponenten. Es wird aus hochwertigen Materialien hergestellt und garantiert so Langlebigkeit und zuverl\u00e4ssige Leistung.<\/p>\n<p>Befolgen Sie bei der Installation des LCD-Video-Flachbandkabels unbedingt die Anweisungen des Herstellers oder wenden Sie sich an einen qualifizierten Techniker, um eine ordnungsgem\u00e4\u00dfe Installation zu gew\u00e4hrleisten und Sch\u00e4den zu vermeiden.<\/p>\n<p>Ein funktionsf\u00e4higer LCD-Bildschirm ist entscheidend f\u00fcr ein reibungsloses Benutzererlebnis und die Produktivit\u00e4t Ihres Dell Latitude E7250 Laptops. Mit dem Original 03H0NG DC02C007P00 LCD-Video-Flachbandkabel k\u00f6nnen Sie sich auf seine Leistung und die F\u00e4higkeit verlassen, klare und hochwertige Videosignale zwischen Motherboard und Display zu \u00fcbertragen. Investieren Sie in dieses Ersatzteil und genie\u00dfen Sie wieder ein reibungsloses Seherlebnis auf Ihrem Dell Latitude E7250 Laptop. Entscheiden Sie sich f\u00fcr das 03H0NG DC02C007P00 LCD-Video-Flachbandkabel f\u00fcr Dell Latitude E7250 Laptops aufgrund seiner Qualit\u00e4t und Kompatibilit\u00e4t.<\/p>\n<\/div>\n<\/div>\n<\/div>\n<div class=\"flex justify-between lg:block\">\n<div class=\"text-xs flex items-center justify-center gap-1 self-center pt-2 !invisible\"><\/div>\n<div class=\"text-gray-400 flex self-end lg:self-center justify-center mt-2 gap-2 md:gap-3 lg:gap-1 lg:absolute lg:top-0 lg:translate-x-full lg:right-0 lg:mt-0 lg:pl-2 visible\">\n<p>\u00a0<\/p>\n<div class=\"flex gap-1\"><\/div>\n<\/div>\n<\/div>\n<\/div>\n<\/div>\n<\/div>\n<div class=\"h-32 md:h-48 flex-shrink-0\"><\/div>\n<p>\u00a0<\/p>\n<\/div>\n<\/div>\n<\/div>\n<\/div>\n<div class=\"absolute bottom-0 left-0 w-full border-t md:border-t-0 dark:border-white\/20 md:border-transparent md:dark:border-transparent md:bg-vert-light-gradient bg-white dark:bg-gray-800 md:!bg-transparent dark:md:bg-vert-dark-gradient pt-2 md:pl-2 md:w-[calc(100%-.5rem)]\">\n<div class=\"relative flex h-full flex-1 items-stretch md:flex-col\" role=\"presentation\">\n<div>\n<div class=\"h-full flex ml-1 md:w-full md:m-auto md:mb-4 gap-0 md:gap-2 justify-center\"><\/div>\n<\/div>\n<\/div>\n<\/div>\n","protected":false},"excerpt":{"rendered":"<p>Das 03H0NG DC02C007P00 ist ein originales LCD-Video-Flachbandkabel, das speziell f\u00fcr Dell Latitude E7250-Laptops entwickelt wurde. Dieses wichtige Bauteil verbindet das Motherboard des Laptops mit dem LCD-Bildschirm und erm\u00f6glicht die \u00dcbertragung von Videosignalen. Dank seiner hochwertigen Konstruktion sorgt dieses Kabel f\u00fcr eine zuverl\u00e4ssige und klare Anzeigeleistung.<\/p>\n","protected":false},"featured_media":8261,"template":"","meta":[],"product_brand":[],"product_cat":[56],"product_tag":[53],"class_list":{"0":"post-8201","1":"product","2":"type-product","3":"status-publish","4":"has-post-thumbnail","6":"product_cat-cables","7":"product_tag-dell","9":"first","10":"instock","11":"taxable","12":"shipping-taxable","13":"purchasable","14":"product-type-simple"},"_links":{"self":[{"href":"https:\/\/boreait.com\/de\/wp-json\/wp\/v2\/product\/8201","targetHints":{"allow":["GET"]}}],"collection":[{"href":"https:\/\/boreait.com\/de\/wp-json\/wp\/v2\/product"}],"about":[{"href":"https:\/\/boreait.com\/de\/wp-json\/wp\/v2\/types\/product"}],"wp:featuredmedia":[{"embeddable":true,"href":"https:\/\/boreait.com\/de\/wp-json\/wp\/v2\/media\/8261"}],"wp:attachment":[{"href":"https:\/\/boreait.com\/de\/wp-json\/wp\/v2\/media?parent=8201"}],"wp:term":[{"taxonomy":"product_brand","embeddable":true,"href":"https:\/\/boreait.com\/de\/wp-json\/wp\/v2\/product_brand?post=8201"},{"taxonomy":"product_cat","embeddable":true,"href":"https:\/\/boreait.com\/de\/wp-json\/wp\/v2\/product_cat?post=8201"},{"taxonomy":"product_tag","embeddable":true,"href":"https:\/\/boreait.com\/de\/wp-json\/wp\/v2\/product_tag?post=8201"}],"curies":[{"name":"wp","href":"https:\/\/api.w.org\/{rel}","templated":true}]}}