{"id":8197,"date":"2025-09-15T14:28:10","date_gmt":"2025-09-15T12:28:10","guid":{"rendered":"https:\/\/boreait.com\/de\/?post_type=product&#038;p=8197"},"modified":"2026-01-09T10:14:57","modified_gmt":"2026-01-09T09:14:57","slug":"oem-hp-zbook-17-g1-g2-webcam-kameraplatine-724294-140","status":"publish","type":"product","link":"https:\/\/boreait.com\/de\/produkt\/oem-hp-zbook-17-g1-g2-webcam-kameraplatine-724294-140\/","title":{"rendered":"OEM HP Zbook 17 G1 G2 Webcam-Kameraplatine 724294-140"},"content":{"rendered":"<p>Die OEM HP Zbook 17 G1 G2 Webcam-Kameraplatine 724294-140 ist ein Original-Ersatzteil, das speziell f\u00fcr die HP Zbook 17 G1- und G2-Laptops entwickelt wurde. Wenn die integrierte Webcam Ihres Laptops nicht richtig funktioniert oder besch\u00e4digt ist, bietet diese Webcam-Kameraplatine die perfekte L\u00f6sung, um ihre Funktionalit\u00e4t wiederherzustellen.<\/p>\n<p>Mit dieser Webcam-Kameraplatine in Ihrem HP Zbook 17 G1 oder G2 genie\u00dfen Sie klare und hochwertige Videokonferenzen, virtuelle Meetings und Online-Kommunikation. Ob Sie remote arbeiten, an Online-Kursen teilnehmen oder mit Freunden und Familie in Kontakt bleiben \u2013 mit dieser Webcam-Kameraplatine bleiben Sie in Verbindung und k\u00f6nnen virtuell von Angesicht zu Angesicht interagieren.<\/p>\n<p>Bitte beachten Sie, dass der Einbau dieser Ersatz-Webcam-Kameraplatine sorgf\u00e4ltige Handhabung und fundierte Kenntnisse der Laptop-Komponenten erfordert. Um eine erfolgreiche Installation zu gew\u00e4hrleisten und versehentliche Sch\u00e4den zu vermeiden, empfehlen wir Ihnen, sich an einen qualifizierten Techniker oder ein autorisiertes HP Servicecenter zu wenden.<\/p>\n<p>Mit der OEM HP Zbook 17 G1 G2 Webcam-Kameraplatine 724294-140 k\u00f6nnen Sie sich auf die Kompatibilit\u00e4t und nahtlose Integration mit Ihrem HP Zbook 17 G1 oder G2 Laptop verlassen. Sie wird nach den strengen HP Qualit\u00e4tsstandards gefertigt und gew\u00e4hrleistet zuverl\u00e4ssige Leistung und Langlebigkeit.<\/p>\n<p>Investieren Sie in diese Original-Ersatz-Webcam-Kameraplatine, um die volle Funktionalit\u00e4t der Webcam Ihres HP Zbook 17 G1 oder G2 Laptops wiederherzustellen. Bleiben Sie mit Kollegen, Freunden und Familie in Verbindung und f\u00fchren Sie Videokonferenzen mit Klarheit und Pr\u00e4zision durch. Genie\u00dfen Sie reibungslose und zuverl\u00e4ssige Videokommunikation mit dieser zuverl\u00e4ssigen und kompatiblen Webcam-Kameraplatine.<\/p>\n","protected":false},"excerpt":{"rendered":"<p>Die OEM HP Zbook 17 G1 G2 Webcam-Kameraplatine 724294-140 ist ein Original-Ersatzteil f\u00fcr HP Zbook 17 G1 und G2 Laptops. Diese Webcam-Kameraplatine sorgt f\u00fcr klare und hochwertige Videokonferenzen und erm\u00f6glicht es Ihnen, mit Kollegen, Freunden und Familie in Verbindung zu bleiben. Stellen Sie die Funktionalit\u00e4t der Webcam Ihres Laptops mit dieser zuverl\u00e4ssigen und kompatiblen Ersatzplatine wieder her.<\/p>\n","protected":false},"featured_media":8248,"template":"","meta":[],"product_brand":[],"product_cat":[59],"product_tag":[61],"class_list":{"0":"post-8197","1":"product","2":"type-product","3":"status-publish","4":"has-post-thumbnail","6":"product_cat-laptop-camera","7":"product_tag-hp","9":"first","10":"instock","11":"taxable","12":"shipping-taxable","13":"purchasable","14":"product-type-simple"},"_links":{"self":[{"href":"https:\/\/boreait.com\/de\/wp-json\/wp\/v2\/product\/8197","targetHints":{"allow":["GET"]}}],"collection":[{"href":"https:\/\/boreait.com\/de\/wp-json\/wp\/v2\/product"}],"about":[{"href":"https:\/\/boreait.com\/de\/wp-json\/wp\/v2\/types\/product"}],"wp:featuredmedia":[{"embeddable":true,"href":"https:\/\/boreait.com\/de\/wp-json\/wp\/v2\/media\/8248"}],"wp:attachment":[{"href":"https:\/\/boreait.com\/de\/wp-json\/wp\/v2\/media?parent=8197"}],"wp:term":[{"taxonomy":"product_brand","embeddable":true,"href":"https:\/\/boreait.com\/de\/wp-json\/wp\/v2\/product_brand?post=8197"},{"taxonomy":"product_cat","embeddable":true,"href":"https:\/\/boreait.com\/de\/wp-json\/wp\/v2\/product_cat?post=8197"},{"taxonomy":"product_tag","embeddable":true,"href":"https:\/\/boreait.com\/de\/wp-json\/wp\/v2\/product_tag?post=8197"}],"curies":[{"name":"wp","href":"https:\/\/api.w.org\/{rel}","templated":true}]}}