{"id":8154,"date":"2025-09-15T14:27:00","date_gmt":"2025-09-15T12:27:00","guid":{"rendered":"https:\/\/boreait.com\/de\/?post_type=product&#038;p=8154"},"modified":"2026-01-14T09:04:42","modified_gmt":"2026-01-14T08:04:42","slug":"hp-compaq-all-in-one-elite-8300-aio-ksb0605hb-bc18-693953-001-luefter","status":"publish","type":"product","link":"https:\/\/boreait.com\/de\/produkt\/hp-compaq-all-in-one-elite-8300-aio-ksb0605hb-bc18-693953-001-luefter\/","title":{"rendered":"HP Compaq All-in-One Elite 8300 AIO KSB0605HB BC18 693953-001 L\u00fcfter"},"content":{"rendered":"<p>Sorgen Sie mit dem KSB0605HB BC18 L\u00fcfter (693953-001) f\u00fcr optimale Leistung und Langlebigkeit Ihres HP Compaq All-in-One Elite 8300 AIO. Der L\u00fcfter ist ein wichtiger Bestandteil jedes Computersystems, da er W\u00e4rme ableitet und \u00dcberhitzung verhindert.<\/p>\n<p>Wenn Ihr Computer hei\u00df l\u00e4uft oder ungew\u00f6hnliche Ger\u00e4usche vom L\u00fcfter zu h\u00f6ren sind, ist es m\u00f6glicherweise an der Zeit, ihn auszutauschen. Dieser Original HP Ersatzl\u00fcfter wurde speziell f\u00fcr den Elite 8300 AIO entwickelt und gew\u00e4hrleistet perfekte Passform und Kompatibilit\u00e4t mit Ihrem System.<\/p>\n<p>Der KSB0605HB BC18 L\u00fcfter arbeitet leise und effizient und sorgt f\u00fcr ausreichend Luftstrom, um die internen Komponenten Ihres Computers auch bei starker Beanspruchung k\u00fchl zu halten. Durch die Aufrechterhaltung optimaler Temperaturen beugt dieser L\u00fcfter Leistungsproblemen vor und verl\u00e4ngert die Lebensdauer Ihres Systems.<\/p>\n<p>Der Einbau des neuen L\u00fcfters ist unkompliziert. Folgen Sie dazu einfach der Schritt-f\u00fcr-Schritt-Anleitung im Servicehandbuch Ihres Computers. Wenn Sie sich den Austausch nicht selbst zutrauen, wenden Sie sich am besten an einen Fachmann, um eine ordnungsgem\u00e4\u00dfe Installation zu gew\u00e4hrleisten.<\/p>\n<p>Sorgen Sie mit dem Original HP KSB0605HB BC18 L\u00fcfter (693953-001) f\u00fcr einen reibungslosen und zuverl\u00e4ssigen Betrieb Ihres HP Compaq All-in-One Elite 8300 AIO. Vertrauen Sie auf Original-Ersatzteile von HP, um die Qualit\u00e4t und Leistung Ihres Computers \u00fcber Jahre hinweg zu erhalten.<\/p>\n","protected":false},"excerpt":{"rendered":"<p>Ersetzen Sie den L\u00fcfter Ihres HP Compaq All-in-One Elite 8300 AIO durch diesen KSB0605HB BC18-L\u00fcfter (693953-001). Sorgen Sie mit diesem Original-HP-Ersatzteil daf\u00fcr, dass Ihr Computer bei optimaler Temperatur l\u00e4uft und zuverl\u00e4ssige Leistung gew\u00e4hrleistet ist.<\/p>\n","protected":false},"featured_media":8223,"template":"","meta":[],"product_brand":[],"product_cat":[69],"product_tag":[61],"class_list":{"0":"post-8154","1":"product","2":"type-product","3":"status-publish","4":"has-post-thumbnail","6":"product_cat-cpu-fans-heatsinks","7":"product_tag-hp","9":"first","10":"instock","11":"taxable","12":"shipping-taxable","13":"purchasable","14":"product-type-simple"},"_links":{"self":[{"href":"https:\/\/boreait.com\/de\/wp-json\/wp\/v2\/product\/8154","targetHints":{"allow":["GET"]}}],"collection":[{"href":"https:\/\/boreait.com\/de\/wp-json\/wp\/v2\/product"}],"about":[{"href":"https:\/\/boreait.com\/de\/wp-json\/wp\/v2\/types\/product"}],"wp:featuredmedia":[{"embeddable":true,"href":"https:\/\/boreait.com\/de\/wp-json\/wp\/v2\/media\/8223"}],"wp:attachment":[{"href":"https:\/\/boreait.com\/de\/wp-json\/wp\/v2\/media?parent=8154"}],"wp:term":[{"taxonomy":"product_brand","embeddable":true,"href":"https:\/\/boreait.com\/de\/wp-json\/wp\/v2\/product_brand?post=8154"},{"taxonomy":"product_cat","embeddable":true,"href":"https:\/\/boreait.com\/de\/wp-json\/wp\/v2\/product_cat?post=8154"},{"taxonomy":"product_tag","embeddable":true,"href":"https:\/\/boreait.com\/de\/wp-json\/wp\/v2\/product_tag?post=8154"}],"curies":[{"name":"wp","href":"https:\/\/api.w.org\/{rel}","templated":true}]}}