{"id":8085,"date":"2025-09-15T14:25:24","date_gmt":"2025-09-15T12:25:24","guid":{"rendered":"https:\/\/boreait.com\/de\/?post_type=product&#038;p=8085"},"modified":"2026-01-07T10:08:06","modified_gmt":"2026-01-07T09:08:06","slug":"dell-optiplex-9010-festplattenkabel-p13mh-0p13mh-cn-0p13mh","status":"publish","type":"product","link":"https:\/\/boreait.com\/de\/produkt\/dell-optiplex-9010-festplattenkabel-p13mh-0p13mh-cn-0p13mh\/","title":{"rendered":"Dell OptiPlex 9010 Festplattenkabel P13MH 0P13MH CN-0P13MH"},"content":{"rendered":"<p>Das Dell OptiPlex 9010 Festplattenkabel (Teilenummer: P13MH oder CN-0P13MH) ist ein unverzichtbares Bauteil f\u00fcr eine reibungslose Datenkommunikation zwischen Festplatte und Mainboard. Das von Dell entwickelte und hergestellte Kabel bietet eine zuverl\u00e4ssige und sichere Verbindung und erm\u00f6glicht so eine optimale Funktion der Festplatte im Dell OptiPlex 9010 Desktop.<\/p>\n<p>Beim Upgrade oder Austausch der Festplatte in Ihrem Dell OptiPlex 9010 ist die Verwendung eines kompatiblen Original-Festplattenkabels von Dell entscheidend, um eine reibungslose Daten\u00fcbertragung und Systemstabilit\u00e4t zu gew\u00e4hrleisten. Das P13MH-Kabel wurde speziell f\u00fcr das Modell OptiPlex 9010 entwickelt und bietet eine perfekte Passform und eine einfache Installation.<\/p>\n<p>Dieses Kabel wird an einem Ende mit der SATA-Schnittstelle der Festplatte und am anderen Ende mit dem SATA-Anschluss des Mainboards verbunden. Die sichere Verbindung gew\u00e4hrleistet eine effiziente Daten\u00fcbertragung und erm\u00f6glicht dem Betriebssystem den unterbrechungs- und leistungsfreien Zugriff auf die Daten der Festplatte.<\/p>\n<p>Ob Sie ein defektes Kabel ersetzen oder Ihr System mit einer Festplatte mit h\u00f6herer Kapazit\u00e4t aufr\u00fcsten m\u00f6chten \u2013 das Dell OptiPlex 9010 Festplattenkabel (Teilenummer: P13MH oder CN-0P13MH) ist ein zuverl\u00e4ssiges Originalprodukt von Dell, das eine reibungslose Datenkommunikation gew\u00e4hrleistet und die Gesamtleistung Ihres Desktops steigert.<\/p>\n<p>R\u00fcsten Sie Ihren Dell OptiPlex 9010 Desktop mit diesem Original-Festplattenkabel von Dell auf und profitieren Sie von verbesserten Daten\u00fcbertragungsgeschwindigkeiten, zuverl\u00e4ssigerem Speicher und einem reibungsloseren Systembetrieb. Dieses Kabel erf\u00fcllt die hohen Qualit\u00e4tsstandards von Dell und bietet eine stabile und sichere Verbindung f\u00fcr Ihre Festplatte \u2013 f\u00fcr ein sorgenfreies und reibungsloses Computererlebnis.<\/p>\n","protected":false},"excerpt":{"rendered":"<p>Das Dell OptiPlex 9010-Festplattenkabel (Teilenummer: P13MH oder CN-0P13MH) ist ein Originalprodukt von Dell und dient zum Anschluss der Festplatte an die Hauptplatine des Systems. Es bietet eine zuverl\u00e4ssige und sichere Daten\u00fcbertragungsverbindung, die die ordnungsgem\u00e4\u00dfe Funktion der Festplatte im Computer gew\u00e4hrleistet.<\/p>\n","protected":false},"featured_media":8155,"template":"","meta":[],"product_brand":[],"product_cat":[56],"product_tag":[53],"class_list":{"0":"post-8085","1":"product","2":"type-product","3":"status-publish","4":"has-post-thumbnail","6":"product_cat-cables","7":"product_tag-dell","9":"first","10":"instock","11":"taxable","12":"shipping-taxable","13":"purchasable","14":"product-type-simple"},"_links":{"self":[{"href":"https:\/\/boreait.com\/de\/wp-json\/wp\/v2\/product\/8085","targetHints":{"allow":["GET"]}}],"collection":[{"href":"https:\/\/boreait.com\/de\/wp-json\/wp\/v2\/product"}],"about":[{"href":"https:\/\/boreait.com\/de\/wp-json\/wp\/v2\/types\/product"}],"wp:featuredmedia":[{"embeddable":true,"href":"https:\/\/boreait.com\/de\/wp-json\/wp\/v2\/media\/8155"}],"wp:attachment":[{"href":"https:\/\/boreait.com\/de\/wp-json\/wp\/v2\/media?parent=8085"}],"wp:term":[{"taxonomy":"product_brand","embeddable":true,"href":"https:\/\/boreait.com\/de\/wp-json\/wp\/v2\/product_brand?post=8085"},{"taxonomy":"product_cat","embeddable":true,"href":"https:\/\/boreait.com\/de\/wp-json\/wp\/v2\/product_cat?post=8085"},{"taxonomy":"product_tag","embeddable":true,"href":"https:\/\/boreait.com\/de\/wp-json\/wp\/v2\/product_tag?post=8085"}],"curies":[{"name":"wp","href":"https:\/\/api.w.org\/{rel}","templated":true}]}}