{"id":8044,"date":"2025-09-15T14:24:13","date_gmt":"2025-09-15T12:24:13","guid":{"rendered":"https:\/\/boreait.com\/de\/?post_type=product&#038;p=8044"},"modified":"2026-01-07T10:06:02","modified_gmt":"2026-01-07T09:06:02","slug":"sc20x55499-lenovo-lcd-webkamera-ideapad-3-15iil05","status":"publish","type":"product","link":"https:\/\/boreait.com\/de\/produkt\/sc20x55499-lenovo-lcd-webkamera-ideapad-3-15iil05\/","title":{"rendered":"SC20X55499 LENOVO LCD WEBKAMERA IDEAPAD 3 15IIL05"},"content":{"rendered":"<p>Verbessern Sie Ihre Videokommunikation und -aufzeichnung mit der Lenovo LCD-Webcam SC20X55499 f\u00fcr das Ideapad 3 15IIL05. Dieses Original-Webcam-Modul ist der perfekte Ersatz oder das Upgrade f\u00fcr die vorhandene Webcam Ihres Laptops und liefert klare und scharfe Bilder f\u00fcr Videoanrufe, Online-Meetings und Videoaufzeichnungen.<\/p>\n<p>Die speziell f\u00fcr das Ideapad 3 15IIL05 entwickelte Webcam SC20X55499 gew\u00e4hrleistet nahtlose Kompatibilit\u00e4t und einfache Installation. Dank ihrer hochwertigen Konstruktion und fortschrittlichen Bildtechnologie erfasst sie pr\u00e4zise Farben und scharfe Details, sodass Sie in hochaufl\u00f6senden Videoanrufen mit Freunden, Familie und Kollegen in Verbindung bleiben k\u00f6nnen.<\/p>\n<p>Ob Sie an virtuellen Meetings teilnehmen, Online-Kurse besuchen oder einfach mit Ihren Lieben in Kontakt bleiben \u2013 eine zuverl\u00e4ssige Webcam ist unerl\u00e4sslich. Die Lenovo LCD-Webcam SC20X55499 garantiert fl\u00fcssiges Videostreaming und reduziert dank ihres \u00fcberlegenen Bildsensors und der fortschrittlichen Ger\u00e4uschunterdr\u00fcckungstechnologie selbst bei schlechten Lichtverh\u00e4ltnissen Unsch\u00e4rfe.<\/p>\n<p>Mit ihrem integrierten Mikrofon sorgt die Webcam f\u00fcr klaren Ton und sorgt daf\u00fcr, dass Ihre Stimme bei Videoanrufen laut und deutlich zu h\u00f6ren ist. Dank des benutzerfreundlichen Designs k\u00f6nnen Sie die Einstellungen ganz einfach anpassen und Helligkeit, Kontrast und andere Aspekte ganz einfach nach Ihren W\u00fcnschen regeln.<\/p>\n<p>Die SC20X55499 Webcam ist zudem robust und f\u00fcr den t\u00e4glichen Gebrauch konzipiert. Sie gew\u00e4hrleistet eine lang anhaltende Leistung f\u00fcr Ihr Ideapad 3 15IIL05. Sie f\u00fcgt sich nahtlos in das Design Ihres Laptops ein, beh\u00e4lt dessen elegantes Erscheinungsbild und bietet gleichzeitig ein verbessertes Videokommunikationserlebnis.<\/p>\n<p>Erweitern Sie die Webcam Ihres Laptops mit der SC20X55499 Lenovo LCD-Webcam und heben Sie Ihre Videokommunikation auf ein v\u00f6llig neues Niveau. Genie\u00dfen Sie kristallklare Bilder, klaren Ton und eine m\u00fchelose Installation mit diesem Original-Webcam-Modul. Bleiben Sie mit Freunden, Familie und Kollegen wie nie zuvor in Verbindung \u2013 mit diesem unverzichtbaren Zubeh\u00f6r f\u00fcr Ihr Ideapad 3 15IIL05.<\/p>\n","protected":false},"excerpt":{"rendered":"<p>R\u00fcsten Sie Ihr Ideapad 3 15IIL05 mit der Lenovo LCD-Webcam SC20X55499 auf. Dieses Original-Webcam-Modul erm\u00f6glicht klare Videoanrufe, Online-Meetings und Videoaufnahmen. Es ist perfekt auf Ihr Notebook abgestimmt und gew\u00e4hrleistet eine einfache Installation und optimale Leistung.<\/p>\n","protected":false},"featured_media":8122,"template":"","meta":[],"product_brand":[],"product_cat":[59],"product_tag":[62],"class_list":{"0":"post-8044","1":"product","2":"type-product","3":"status-publish","4":"has-post-thumbnail","6":"product_cat-laptop-camera","7":"product_tag-lenovo","9":"first","10":"instock","11":"taxable","12":"shipping-taxable","13":"purchasable","14":"product-type-simple"},"_links":{"self":[{"href":"https:\/\/boreait.com\/de\/wp-json\/wp\/v2\/product\/8044","targetHints":{"allow":["GET"]}}],"collection":[{"href":"https:\/\/boreait.com\/de\/wp-json\/wp\/v2\/product"}],"about":[{"href":"https:\/\/boreait.com\/de\/wp-json\/wp\/v2\/types\/product"}],"wp:featuredmedia":[{"embeddable":true,"href":"https:\/\/boreait.com\/de\/wp-json\/wp\/v2\/media\/8122"}],"wp:attachment":[{"href":"https:\/\/boreait.com\/de\/wp-json\/wp\/v2\/media?parent=8044"}],"wp:term":[{"taxonomy":"product_brand","embeddable":true,"href":"https:\/\/boreait.com\/de\/wp-json\/wp\/v2\/product_brand?post=8044"},{"taxonomy":"product_cat","embeddable":true,"href":"https:\/\/boreait.com\/de\/wp-json\/wp\/v2\/product_cat?post=8044"},{"taxonomy":"product_tag","embeddable":true,"href":"https:\/\/boreait.com\/de\/wp-json\/wp\/v2\/product_tag?post=8044"}],"curies":[{"name":"wp","href":"https:\/\/api.w.org\/{rel}","templated":true}]}}