{"id":8021,"date":"2025-09-15T14:23:42","date_gmt":"2025-09-15T12:23:42","guid":{"rendered":"https:\/\/boreait.com\/de\/?post_type=product&#038;p=8021"},"modified":"2026-01-07T10:04:38","modified_gmt":"2026-01-07T09:04:38","slug":"hp-elite-x2-12-1012-g1-original-webcam-platine-mit-kabel-cjaf513_a4","status":"publish","type":"product","link":"https:\/\/boreait.com\/de\/produkt\/hp-elite-x2-12-1012-g1-original-webcam-platine-mit-kabel-cjaf513_a4\/","title":{"rendered":"HP Elite x2 12 1012 G1 Original-Webcam-Platine mit Kabel CJAF513_A4"},"content":{"rendered":"<p>Wenn die Webcam Ihres HP Elite x2 1012 G1 Tablets nicht richtig funktioniert oder eine schlechte Videoqualit\u00e4t liefert, ist es Zeit, die Webcam-Platine auszutauschen. Diese Original-OEM-Webcam-Platine bietet zusammen mit dem mitgelieferten Kabel (CJAF513_A4) einen zuverl\u00e4ssigen und nahtlosen Ersatz f\u00fcr Ihr Ger\u00e4t.<\/p>\n<p>Erhalten Sie die hochwertige Videoleistung Ihres HP Elite x2 1012 G1 mit dieser Original-Webcam-Platine. Das OEM-Teil gew\u00e4hrleistet Kompatibilit\u00e4t und optimale Funktionalit\u00e4t f\u00fcr klare und scharfe Videoqualit\u00e4t bei Videoanrufen, Online-Konferenzen und Multimedia-Aufgaben.<\/p>\n<p>Die Installation der Webcam-Platine ist mit dem mitgelieferten Kabel problemlos, und die pr\u00e4zise Passform sorgt f\u00fcr eine sichere Verbindung. Sie erhalten garantiert einen zuverl\u00e4ssigen Ersatz, der den gleichen Standards wie das Originalteil entspricht.<\/p>\n<p>Mit dieser HP Elite x2 1012 G1 Webcam-Platine k\u00f6nnen Sie die Webcam-Funktionen Ihres Tablets wiederherstellen und daf\u00fcr sorgen, dass es wieder wie neu funktioniert. Verabschieden Sie sich von unscharfen oder k\u00f6rnigen Videos und freuen Sie sich auf klare und professionelle Videoqualit\u00e4t dank dieser Original-OEM-Webcam-Platine und dem dazugeh\u00f6rigen Kabel.<\/p>\n<p>Investieren Sie in die Original-OEM-Webcam-Platine mit Kabel (CJAF513_A4), um die Leistung und Funktionalit\u00e4t Ihres HP Elite x2 1012 G1 zu erhalten. Genie\u00dfen Sie fl\u00fcssige und hochwertige Videoanrufe und -konferenzen mit diesem zuverl\u00e4ssigen Ersatzteil. Ob Sie Ihr Tablet f\u00fcr die Arbeit, Videochats mit der Familie oder Online-Meetings nutzen \u2013 mit dieser Webcam-Platine sehen Sie auf dem Bildschirm immer optimal aus.<\/p>\n","protected":false},"excerpt":{"rendered":"<p>Ersetzen Sie die defekte oder besch\u00e4digte Webcam-Platine Ihres HP Elite x2 1012 G1 Tablets durch dieses Original-Ersatzteil. Die Platine wird mit dem erforderlichen Kabel (CJAF513_A4) f\u00fcr eine einfache Installation geliefert und sorgt f\u00fcr klare und scharfe Videoqualit\u00e4t bei Videoanrufen und Konferenzen.<\/p>\n","protected":false},"featured_media":8095,"template":"","meta":[],"product_brand":[],"product_cat":[63],"product_tag":[61],"class_list":{"0":"post-8021","1":"product","2":"type-product","3":"status-publish","4":"has-post-thumbnail","6":"product_cat-motherboards-board-parts","7":"product_tag-hp","9":"first","10":"instock","11":"taxable","12":"shipping-taxable","13":"purchasable","14":"product-type-simple"},"_links":{"self":[{"href":"https:\/\/boreait.com\/de\/wp-json\/wp\/v2\/product\/8021","targetHints":{"allow":["GET"]}}],"collection":[{"href":"https:\/\/boreait.com\/de\/wp-json\/wp\/v2\/product"}],"about":[{"href":"https:\/\/boreait.com\/de\/wp-json\/wp\/v2\/types\/product"}],"wp:featuredmedia":[{"embeddable":true,"href":"https:\/\/boreait.com\/de\/wp-json\/wp\/v2\/media\/8095"}],"wp:attachment":[{"href":"https:\/\/boreait.com\/de\/wp-json\/wp\/v2\/media?parent=8021"}],"wp:term":[{"taxonomy":"product_brand","embeddable":true,"href":"https:\/\/boreait.com\/de\/wp-json\/wp\/v2\/product_brand?post=8021"},{"taxonomy":"product_cat","embeddable":true,"href":"https:\/\/boreait.com\/de\/wp-json\/wp\/v2\/product_cat?post=8021"},{"taxonomy":"product_tag","embeddable":true,"href":"https:\/\/boreait.com\/de\/wp-json\/wp\/v2\/product_tag?post=8021"}],"curies":[{"name":"wp","href":"https:\/\/api.w.org\/{rel}","templated":true}]}}