{"id":8019,"date":"2025-09-15T14:23:42","date_gmt":"2025-09-15T12:23:42","guid":{"rendered":"https:\/\/boreait.com\/de\/?post_type=product&#038;p=8019"},"modified":"2025-09-16T12:47:59","modified_gmt":"2025-09-16T10:47:59","slug":"fuer-hp-elite-x2-1012-g1-eine-schale-844871-001-oberer-deckel-rueckseitige-abdeckung","status":"publish","type":"product","link":"https:\/\/boreait.com\/de\/produkt\/fuer-hp-elite-x2-1012-g1-eine-schale-844871-001-oberer-deckel-rueckseitige-abdeckung\/","title":{"rendered":"F\u00fcr HP Elite X2 1012 G1 Eine Schale 844871-001 Oberer Deckel R\u00fcckseitige Abdeckung"},"content":{"rendered":"<p>Werten Sie Ihr HP Elite X2 1012 G1 mit der originalen HP 844871-001 A Shell Top Lid Back Cover auf und sch\u00fctzen Sie es. Dieses Ersatzcover ist perfekt auf Ihr Elite X2 1012 G1 zugeschnitten und sorgt f\u00fcr ein nahtloses und professionelles Erscheinungsbild.<\/p>\n<p>Das aus hochwertigen Materialien gefertigte 844871-001 A Shell Top Lid Back Cover gew\u00e4hrleistet Langlebigkeit und dauerhafte Leistung. Es sch\u00fctzt die internen Komponenten Ihres Ger\u00e4ts zuverl\u00e4ssig und verleiht ihm gleichzeitig ein frisches und elegantes Aussehen.<\/p>\n<p>Das Back Cover verf\u00fcgt \u00fcber pr\u00e4zise Aussparungen und Zugriffspunkte, die einfachen Zugriff auf alle Anschl\u00fcsse, Tasten und Funktionen Ihres Elite X2 1012 G1 erm\u00f6glichen. Sie k\u00f6nnen Ihr Tablet problemlos weiter nutzen.<\/p>\n<p>Ob Sie ein besch\u00e4digtes Back Cover ersetzen oder einfach das Erscheinungsbild Ihres HP Elite X2 1012 G1 auffrischen m\u00f6chten \u2013 das 844871-001 A Shell Top Lid Back Cover ist die ideale L\u00f6sung. Es handelt sich um ein Original-HP-Teil, das Kompatibilit\u00e4t und zuverl\u00e4ssige Leistung gew\u00e4hrleistet.<\/p>\n<p>Die Installation ist unkompliziert und dank der perfekten Passform dieser Ersatz-R\u00fcckabdeckung sieht Ihr Elite X2 1012 G1 im Handumdrehen wieder wie neu aus. Verleihen Sie Ihrem Ger\u00e4t mit der 844871-001 A Shell Top Lid-R\u00fcckabdeckung von HP den Schutz und das professionelle Aussehen, das es verdient.<\/p>\n","protected":false},"excerpt":{"rendered":"<p>Verbessern Sie das Aussehen und den Schutz Ihres HP Elite X2 1012 G1 mit der 844871-001 A Shell Top Lid Back Cover. Dieses Originalteil von HP bietet perfekte Passform und hochwertige Verarbeitung und sorgt so f\u00fcr Langlebigkeit und ein professionelles Aussehen Ihres Ger\u00e4ts.<\/p>\n","protected":false},"featured_media":8090,"template":"","meta":[],"product_brand":[],"product_cat":[52],"product_tag":[61],"class_list":{"0":"post-8019","1":"product","2":"type-product","3":"status-publish","4":"has-post-thumbnail","6":"product_cat-laptop-housing","7":"product_tag-hp","9":"first","10":"instock","11":"taxable","12":"shipping-taxable","13":"purchasable","14":"product-type-simple"},"_links":{"self":[{"href":"https:\/\/boreait.com\/de\/wp-json\/wp\/v2\/product\/8019","targetHints":{"allow":["GET"]}}],"collection":[{"href":"https:\/\/boreait.com\/de\/wp-json\/wp\/v2\/product"}],"about":[{"href":"https:\/\/boreait.com\/de\/wp-json\/wp\/v2\/types\/product"}],"wp:featuredmedia":[{"embeddable":true,"href":"https:\/\/boreait.com\/de\/wp-json\/wp\/v2\/media\/8090"}],"wp:attachment":[{"href":"https:\/\/boreait.com\/de\/wp-json\/wp\/v2\/media?parent=8019"}],"wp:term":[{"taxonomy":"product_brand","embeddable":true,"href":"https:\/\/boreait.com\/de\/wp-json\/wp\/v2\/product_brand?post=8019"},{"taxonomy":"product_cat","embeddable":true,"href":"https:\/\/boreait.com\/de\/wp-json\/wp\/v2\/product_cat?post=8019"},{"taxonomy":"product_tag","embeddable":true,"href":"https:\/\/boreait.com\/de\/wp-json\/wp\/v2\/product_tag?post=8019"}],"curies":[{"name":"wp","href":"https:\/\/api.w.org\/{rel}","templated":true}]}}