{"id":8002,"date":"2025-09-15T14:23:20","date_gmt":"2025-09-15T12:23:20","guid":{"rendered":"https:\/\/boreait.com\/de\/?post_type=product&#038;p=8002"},"modified":"2025-09-16T12:47:56","modified_gmt":"2025-09-16T10:47:56","slug":"hp-elitebook-folio-9480m-785648-041-tastatur-einzelne-tastatur-tasten-tasten-beleuchtet","status":"publish","type":"product","link":"https:\/\/boreait.com\/de\/produkt\/hp-elitebook-folio-9480m-785648-041-tastatur-einzelne-tastatur-tasten-tasten-beleuchtet\/","title":{"rendered":"HP EliteBook Folio 9480m 785648-041 Tastatur Einzelne Tastatur Tasten Tasten beleuchtet"},"content":{"rendered":"<p><strong>Sie erhalten die Taste der Tastatur auf dem Foto! Verf\u00fcgbare Tasten sind auf dem Bild zu sehen!<\/strong><\/p>\n<p>Dies ist ein Produktangebot f\u00fcr Ersatztastaturtasten f\u00fcr das HP EliteBook Folio 9480m Laptop mit der Teilenummer 785648-041 (Hintergrundbeleuchtung). Der Verk\u00e4ufer bietet wichtige Informationen vor dem Kauf des Ersatztasten-Kits, einschlie\u00dflich der Unterschiede in den Clips je nach Tastaturhersteller. K\u00e4ufern wird empfohlen, die bereitgestellten Bilder zu pr\u00fcfen, um sicherzustellen, dass die Clips der Ersatztasten mit denen ihrer Tastatur \u00fcbereinstimmen. Bei Fragen oder einem Foto der Taste kann der K\u00e4ufer den Verk\u00e4ufer \u00fcber den Link \u201eVerk\u00e4ufer fragen\u201c kontaktieren und erh\u00e4lt innerhalb von 24 Stunden eine Antwort.<\/p>\n<p>Der K\u00e4ufer erh\u00e4lt eine Tastaturtaste mit Kunststoffclips und einer Gummikappe unterhalb der Taste. Der Verk\u00e4ufer weist jedoch darauf hin, dass die Kompatibilit\u00e4t vor dem Kauf gepr\u00fcft werden sollte, da das gleiche Laptopmodell oder die gleiche Tastaturteilenummer keine Garantie f\u00fcr die Funktion der Ersatztasten darstellt. Der K\u00e4ufer wird gebeten, den Clip seines vorhandenen Schl\u00fcssels mit den bereitgestellten Bildern zu vergleichen und im Zweifelsfall ein Bild zur Beurteilung an den Verk\u00e4ufer zu senden.<\/p>\n<p>Um Ersatzschl\u00fcssel zu kaufen, muss der K\u00e4ufer dem Verk\u00e4ufer mitteilen, welchen Schl\u00fcssel er kaufen m\u00f6chte. Die Liste der verf\u00fcgbaren Schl\u00fcssel finden Sie im Angebot. Der K\u00e4ufer kann dem Verk\u00e4ufer entweder w\u00e4hrend des Bestellvorgangs eine Nachricht schreiben oder ihn nach dem Bestellvorgang \u00fcber die eBay-Kaufhistorie kontaktieren. Der K\u00e4ufer wird gebeten, anzugeben, ob er eine linke oder rechte Umschalt-, Strg- oder Alt-Taste kauft und ob er bei Zifferntasten die oberen Tasten oder die Zifferntasten des Ziffernblocks kauft. Wenn der K\u00e4ufer dem Verk\u00e4ufer nicht mitteilt, welchen Schl\u00fcssel er kaufen m\u00f6chte, wird die Bestellung nicht bearbeitet.<\/p>\n<p>Layout: Deutschland<\/p>\n<p>Wir haben derzeit alle Tasten wie auf dem Foto in der Auflistung auf Lager, einschlie\u00dflich:<\/p>\n<p>esc F1 F2 F3 F4 F5 F6 F8 F9 F10 F11 F12 \u201eScrollen\u201c \u201ePause\u201c \u201eEinf\u00fcgen\u201c \u201eEntf\u201c<\/p>\n<p>Tilde 2 3 4 5 6 7 8 9 0 \u2013 = R\u00fccktaste \u201ePos1\u201c<\/p>\n<p>tab w e r y i o p [ ]  \u201eBild auf\u201c<\/p>\n<p>Feststelltaste s f j l ; \u201a \u201eEingabe\u201c \u201eBild ab\u201c<\/p>\n<p>Linke Umschalttaste z x c . \/ \u201eRechte Umschalttaste\u201c \u201eEnde\u201c<\/p>\n<p>\u201eFn\u201c \u201eWindows\u201c \u201eLinke Alt\u201c \u201eRechte Alt\u201c \u201eMen\u00fc\u201c \u201eRechte Strg\u201c<\/p>\n<p>\u201eRechts\u201c<\/p>\n","protected":false},"excerpt":{"rendered":"<p>#VALUE!<\/p>\n","protected":false},"featured_media":8075,"template":"","meta":[],"product_brand":[],"product_cat":[60],"product_tag":[61],"class_list":{"0":"post-8002","1":"product","2":"type-product","3":"status-publish","4":"has-post-thumbnail","6":"product_cat-individual-keyboard-keys","7":"product_tag-hp","9":"first","10":"instock","11":"taxable","12":"shipping-taxable","13":"purchasable","14":"product-type-simple"},"_links":{"self":[{"href":"https:\/\/boreait.com\/de\/wp-json\/wp\/v2\/product\/8002","targetHints":{"allow":["GET"]}}],"collection":[{"href":"https:\/\/boreait.com\/de\/wp-json\/wp\/v2\/product"}],"about":[{"href":"https:\/\/boreait.com\/de\/wp-json\/wp\/v2\/types\/product"}],"wp:featuredmedia":[{"embeddable":true,"href":"https:\/\/boreait.com\/de\/wp-json\/wp\/v2\/media\/8075"}],"wp:attachment":[{"href":"https:\/\/boreait.com\/de\/wp-json\/wp\/v2\/media?parent=8002"}],"wp:term":[{"taxonomy":"product_brand","embeddable":true,"href":"https:\/\/boreait.com\/de\/wp-json\/wp\/v2\/product_brand?post=8002"},{"taxonomy":"product_cat","embeddable":true,"href":"https:\/\/boreait.com\/de\/wp-json\/wp\/v2\/product_cat?post=8002"},{"taxonomy":"product_tag","embeddable":true,"href":"https:\/\/boreait.com\/de\/wp-json\/wp\/v2\/product_tag?post=8002"}],"curies":[{"name":"wp","href":"https:\/\/api.w.org\/{rel}","templated":true}]}}