{"id":7968,"date":"2025-09-15T14:22:33","date_gmt":"2025-09-15T12:22:33","guid":{"rendered":"https:\/\/boreait.com\/de\/?post_type=product&#038;p=7968"},"modified":"2026-01-07T10:01:42","modified_gmt":"2026-01-07T09:01:42","slug":"hp-g62-460so-original-power-buchse-dd0ax6pb000","status":"publish","type":"product","link":"https:\/\/boreait.com\/de\/produkt\/hp-g62-460so-original-power-buchse-dd0ax6pb000\/","title":{"rendered":"HP G62-460SO ORIGINAL Power Buchse DD0AX6PB000"},"content":{"rendered":"<p>Die HP G62-460SO Strombuchse DD0AX6PB000 ist ein originaler Ersatzstromanschluss, der speziell f\u00fcr das HP G62-460SO Laptopmodell entwickelt wurde. Dieser Stromanschluss, auch DC-Strombuchse genannt, spielt eine entscheidende Rolle f\u00fcr die Funktion des Laptop-Stromversorgungssystems. Er dient als Schnittstelle zwischen dem Netzteil des Laptops und dem Motherboard und versorgt den Laptop mit Strom zum Laden des Akkus und zum Betrieb des Systems.<\/p>\n<p>Mit der Zeit k\u00f6nnen Stromanschl\u00fcsse verschlei\u00dfen, was zu Problemen wie losen Anschl\u00fcssen, unterbrochenem Laden oder sogar dazu f\u00fchren kann, dass sich der Laptop nicht mehr einschalten l\u00e4sst. Sollten Sie bei Ihrem HP G62-460SO Laptop eines dieser Probleme feststellen, ist der Austausch des Stromanschlusses durch ein Originalteil unerl\u00e4sslich.<\/p>\n<p>Die HP G62-460SO Strombuchse DD0AX6PB000 ist ein Original-Ersatzteil von HP und gew\u00e4hrleistet Kompatibilit\u00e4t und optimale Leistung mit Ihrem spezifischen Laptopmodell. Sie wird aus hochwertigen Materialien hergestellt, um eine sichere und stabile Stromverbindung zu gew\u00e4hrleisten. Dieses Originalteil ist f\u00fcr den regelm\u00e4\u00dfigen Gebrauch konzipiert und behebt effektiv Probleme mit der Stromversorgung.<\/p>\n<p>Durch den Austausch Ihres besch\u00e4digten oder losen Stromanschlusses durch die HP G62-460SO Strombuchse DD0AX6PB000 stellen Sie die ordnungsgem\u00e4\u00dfe Stromversorgung Ihres HP G62-460SO Laptops wieder her. Egal, ob Sie Probleme beim Laden Ihres Akkus oder eine inkonsistente Stromversorgung haben \u2013 dieser Original-Stromanschluss behebt diese Probleme und sorgt f\u00fcr eine zuverl\u00e4ssige Stromversorgung Ihres Laptops.<\/p>\n<p>Stellen Sie sicher, dass Ihr HP G62-460SO Laptop optimal funktioniert, indem Sie den defekten Stromanschluss durch die HP G62-460SO Strombuchse DD0AX6PB000 ersetzen. Wir empfehlen, professionelle Hilfe in Anspruch zu nehmen oder einen Techniker zu konsultieren, um die ordnungsgem\u00e4\u00dfe Installation dieses Ersatzteils zu gew\u00e4hrleisten und eine erfolgreiche und zuverl\u00e4ssige Stromverbindung zu gew\u00e4hrleisten.<\/p>\n<p>Mit der HP G62-460SO Power Female DD0AX6PB000 haben Sie die Gewissheit, einen originalen und zuverl\u00e4ssigen Stromanschluss f\u00fcr Ihr HP G62-460SO Notebook zu haben. Verabschieden Sie sich von Problemen mit der Stromversorgung und genie\u00dfen Sie eine unterbrechungsfreie Stromversorgung f\u00fcr optimale Leistung Ihres Notebooks.<\/p>\n","protected":false},"excerpt":{"rendered":"<p>Die HP G62-460SO Power Female DD0AX6PB000 ist ein Original-Stromanschluss, der speziell f\u00fcr das HP G62-460SO Laptopmodell entwickelt wurde. Er erm\u00f6glicht eine sichere und zuverl\u00e4ssige Verbindung zwischen dem Netzteil des Laptops und dem Motherboard. Ersetzen Sie Ihren besch\u00e4digten oder losen Stromanschluss durch dieses Originalteil, um die ordnungsgem\u00e4\u00dfe Stromversorgung Ihres HP G62-460SO Laptops wiederherzustellen.<\/p>\n","protected":false},"featured_media":8026,"template":"","meta":[],"product_brand":[],"product_cat":[56],"product_tag":[61],"class_list":{"0":"post-7968","1":"product","2":"type-product","3":"status-publish","4":"has-post-thumbnail","6":"product_cat-cables","7":"product_tag-hp","9":"first","10":"instock","11":"taxable","12":"shipping-taxable","13":"purchasable","14":"product-type-simple"},"_links":{"self":[{"href":"https:\/\/boreait.com\/de\/wp-json\/wp\/v2\/product\/7968","targetHints":{"allow":["GET"]}}],"collection":[{"href":"https:\/\/boreait.com\/de\/wp-json\/wp\/v2\/product"}],"about":[{"href":"https:\/\/boreait.com\/de\/wp-json\/wp\/v2\/types\/product"}],"wp:featuredmedia":[{"embeddable":true,"href":"https:\/\/boreait.com\/de\/wp-json\/wp\/v2\/media\/8026"}],"wp:attachment":[{"href":"https:\/\/boreait.com\/de\/wp-json\/wp\/v2\/media?parent=7968"}],"wp:term":[{"taxonomy":"product_brand","embeddable":true,"href":"https:\/\/boreait.com\/de\/wp-json\/wp\/v2\/product_brand?post=7968"},{"taxonomy":"product_cat","embeddable":true,"href":"https:\/\/boreait.com\/de\/wp-json\/wp\/v2\/product_cat?post=7968"},{"taxonomy":"product_tag","embeddable":true,"href":"https:\/\/boreait.com\/de\/wp-json\/wp\/v2\/product_tag?post=7968"}],"curies":[{"name":"wp","href":"https:\/\/api.w.org\/{rel}","templated":true}]}}