{"id":7954,"date":"2025-09-15T14:22:10","date_gmt":"2025-09-15T12:22:10","guid":{"rendered":"https:\/\/boreait.com\/de\/?post_type=product&#038;p=7954"},"modified":"2025-09-16T12:47:54","modified_gmt":"2025-09-16T10:47:54","slug":"einzelner-schluessel-fuer-hp-elitebook-x360-1030-g3-g2-us-l10860-001-hpm16a63usj9201-schwarze-tasten-mit-hintergrundbeleuchtung","status":"publish","type":"product","link":"https:\/\/boreait.com\/de\/produkt\/einzelner-schluessel-fuer-hp-elitebook-x360-1030-g3-g2-us-l10860-001-hpm16a63usj9201-schwarze-tasten-mit-hintergrundbeleuchtung\/","title":{"rendered":"Einzelner Schl\u00fcssel f\u00fcr HP EliteBook x360 1030 G3 G2 US L10860-001 HPM16A63USJ9201 Schwarze Tasten mit Hintergrundbeleuchtung"},"content":{"rendered":"<p><strong>Sie erhalten eine einzelne Taste der Tastatur auf dem Foto! Verf\u00fcgbare Tasten sind auf dem Bild zu sehen!<\/strong><\/p>\n<p>Maximieren Sie die Funktionalit\u00e4t Ihres Laptops mit unserem hochwertigen Einzeltasten-Ersatz f\u00fcr das HP EliteBook x360 1030 G3 G2. Dieser Einzeltasten-Ersatz passt perfekt auf Ihre EliteBook x360-Tastatur und wurde speziell f\u00fcr die Modellnummern L10860-001 HPM16A63USJ9201 entwickelt. Die hintergrundbeleuchteten schwarzen Tasten sorgen nicht nur f\u00fcr eine elegante und moderne Optik, sondern verbessern auch die Sichtbarkeit bei schlechten Lichtverh\u00e4ltnissen oder bei Nacht.<\/p>\n<p>Unsere Ersatztaste entspricht den hohen Qualit\u00e4tsstandards, die HP EliteBook-Nutzer gewohnt sind. Sie passt perfekt zu Ihrer vorhandenen Tastatur und verleiht ihr ein neuwertiges Aussehen und Gef\u00fchl. Das robuste Design sorgt f\u00fcr Langlebigkeit und bietet Ihnen eine nachhaltige und kosteng\u00fcnstige L\u00f6sung bei Besch\u00e4digung oder Verlust einzelner Tasten.<\/p>\n<p>Diese Taste wurde speziell f\u00fcr das US-Tastaturlayout entwickelt und entspricht dem spezifischen Tastgef\u00fchl und der Tastentiefe von HP-Tastaturen. Die Installation ist kinderleicht, sodass Sie Ihre alten oder besch\u00e4digten Tasten ohne professionelle Hilfe ersetzen k\u00f6nnen.<\/p>\n<p>Der Verk\u00e4ufer stellt wichtige Informationen zur Verf\u00fcgung, die vor dem Kauf des Ersatztasten-Kits zu beachten sind, einschlie\u00dflich der Unterschiede in den Clips je nach Tastaturhersteller. K\u00e4ufern wird empfohlen, sich die beigef\u00fcgten Bilder anzusehen, um sicherzustellen, dass die Clips der Ersatztasten mit denen ihrer Tastatur \u00fcbereinstimmen. Bei Fragen oder einem Bild der Taste kann der K\u00e4ufer den Verk\u00e4ufer \u00fcber den Link \u201eVerk\u00e4ufer fragen\u201c kontaktieren und erh\u00e4lt innerhalb von 24 Stunden eine Antwort.<\/p>\n<p>Der K\u00e4ufer erh\u00e4lt eine Tastaturtaste mit Kunststoffclips und einer Gummikappe unterhalb der Taste. Der Verk\u00e4ufer weist jedoch darauf hin, dass die Kompatibilit\u00e4t vor dem Kauf gepr\u00fcft werden sollte, da gleiche Laptopmodelle oder Tastaturteile keine Garantie f\u00fcr die Funktion der Ersatztasten sind. Der K\u00e4ufer wird gebeten, den Clip seines vorhandenen Schl\u00fcssels mit den bereitgestellten Bildern zu vergleichen und im Zweifelsfall ein Bild zur Beurteilung an den Verk\u00e4ufer zu senden.<\/p>\n<p>Um Ersatzschl\u00fcssel zu kaufen, muss der K\u00e4ufer dem Verk\u00e4ufer mitteilen, welchen Schl\u00fcssel er kaufen m\u00f6chte. Die Liste der verf\u00fcgbaren Schl\u00fcssel finden Sie im Angebot. Der K\u00e4ufer kann dem Verk\u00e4ufer entweder w\u00e4hrend des Bestellvorgangs eine Nachricht schreiben oder ihn nach dem Bestellvorgang \u00fcber die eBay-Kaufhistorie kontaktieren. Der K\u00e4ufer wird gebeten, anzugeben, ob er eine linke oder rechte Umschalt-, Strg- oder Alt-Taste kauft und ob er bei Zifferntasten die oberen Tasten oder die Zifferntasten des Ziffernblocks kauft. Wenn der K\u00e4ufer dem Verk\u00e4ufer nicht mitteilt, welchen Schl\u00fcssel er kaufen m\u00f6chte, wird die Bestellung nicht bearbeitet.<\/p>\n<p>Layout: USA \/ US<\/p>\n<p>Wir haben derzeit alle Tasten wie auf dem Foto in der Auflistung auf Lager, einschlie\u00dflich:<\/p>\n<p>esc F1 F2 F3 F4 F5 F6 F8 F9 F10 F11 F12 \u201eScrollen\u201c \u201ePause\u201c \u201eEinf\u00fcgen\u201c \u201eEntf\u201c<\/p>\n<p>Tilde 2 3 4 5 6 7 8 9 0 \u2013 = R\u00fccktaste \u201ePos1\u201c<\/p>\n<p>tab w e r y i o p [ ]  \u201eBild auf\u201c<\/p>\n<p>Feststelltaste s f j l\u00a0 \u201eEingabe\u201c \u201eBild ab\u201c<\/p>\n<p>Linke Umschalttaste z x c . \/ \u201eRechte Umschalttaste\u201c \u201eEnde\u201c<\/p>\n<p>\u201eFn\u201c \u201eWindows\u201c \u201eLinke Alt\u201c \u201eRechte Alt\u201c \u201eMen\u00fc\u201c \u201eRechte Strg\u201c<\/p>\n<p>\u201eRechts\u201c<\/p>\n","protected":false},"excerpt":{"rendered":"<p>Verbessern Sie Ihr HP EliteBook x360 1030 G3 G2-Erlebnis mit unserem Premium-Einzelschl\u00fcssel-Ersatzteil, Modell L10860-001 HPM16A63USJ9201, mit elegantem schwarzen Finish und hintergrundbeleuchtetem Design f\u00fcr eine nahtlose \u00dcbereinstimmung und hervorragende Sichtbarkeit.<\/p>\n","protected":false},"featured_media":8012,"template":"","meta":[],"product_brand":[],"product_cat":[60],"product_tag":[61],"class_list":{"0":"post-7954","1":"product","2":"type-product","3":"status-publish","4":"has-post-thumbnail","6":"product_cat-individual-keyboard-keys","7":"product_tag-hp","9":"first","10":"instock","11":"taxable","12":"shipping-taxable","13":"purchasable","14":"product-type-simple"},"_links":{"self":[{"href":"https:\/\/boreait.com\/de\/wp-json\/wp\/v2\/product\/7954","targetHints":{"allow":["GET"]}}],"collection":[{"href":"https:\/\/boreait.com\/de\/wp-json\/wp\/v2\/product"}],"about":[{"href":"https:\/\/boreait.com\/de\/wp-json\/wp\/v2\/types\/product"}],"wp:featuredmedia":[{"embeddable":true,"href":"https:\/\/boreait.com\/de\/wp-json\/wp\/v2\/media\/8012"}],"wp:attachment":[{"href":"https:\/\/boreait.com\/de\/wp-json\/wp\/v2\/media?parent=7954"}],"wp:term":[{"taxonomy":"product_brand","embeddable":true,"href":"https:\/\/boreait.com\/de\/wp-json\/wp\/v2\/product_brand?post=7954"},{"taxonomy":"product_cat","embeddable":true,"href":"https:\/\/boreait.com\/de\/wp-json\/wp\/v2\/product_cat?post=7954"},{"taxonomy":"product_tag","embeddable":true,"href":"https:\/\/boreait.com\/de\/wp-json\/wp\/v2\/product_tag?post=7954"}],"curies":[{"name":"wp","href":"https:\/\/api.w.org\/{rel}","templated":true}]}}