{"id":7952,"date":"2025-09-15T14:22:10","date_gmt":"2025-09-15T12:22:10","guid":{"rendered":"https:\/\/boreait.com\/de\/?post_type=product&#038;p=7952"},"modified":"2025-09-16T12:47:53","modified_gmt":"2025-09-16T10:47:53","slug":"hp-zbook-15-g2-usb-platine-mit-kabel-ls-9243p","status":"publish","type":"product","link":"https:\/\/boreait.com\/de\/produkt\/hp-zbook-15-g2-usb-platine-mit-kabel-ls-9243p\/","title":{"rendered":"HP ZBook 15 G2 USB-Platine mit Kabel LS-9243P"},"content":{"rendered":"<p>Die HP ZBook 15 G2 USB-Platine mit Kabel LS-9243P ist ein Ersatzteil zur Behebung von USB-Verbindungsproblemen Ihres HP ZBook 15 G2 Laptops. Wenn USB-Anschl\u00fcsse Ger\u00e4te nicht erkennen oder nicht ausreichend mit Strom versorgen, k\u00f6nnen diese Ersatzplatine und das Ersatzkabel Abhilfe schaffen.<\/p>\n<p>Dieses Original-Ersatzteil von HP gew\u00e4hrleistet Kompatibilit\u00e4t und zuverl\u00e4ssige Leistung. Es wurde speziell f\u00fcr das ZBook 15 G2 entwickelt und gew\u00e4hrleistet perfekte Passform und nahtlose Integration. Die USB-Platine und das USB-Kabel sind wichtige Komponenten, die die notwendigen elektrischen Verbindungen f\u00fcr die korrekte Funktion der USB-Anschl\u00fcsse herstellen.<\/p>\n<p>Befolgen Sie beim Austausch der USB-Platine und des Kabels unbedingt die Anweisungen des Herstellers oder wenden Sie sich an einen Fachmann, wenn Sie mit dem Austausch von Laptop-Hardware nicht vertraut sind. Schalten Sie Ihren Laptop unbedingt aus und trennen Sie ihn von der Stromquelle, bevor Sie mit der Installation beginnen.<\/p>\n<p>Investieren Sie in die HP ZBook 15 G2 USB-Platine mit Kabel LS-9243P, um die zuverl\u00e4ssige USB-Verbindung Ihres Laptops wiederherzustellen. Genie\u00dfen Sie den Komfort, Ihre USB-Ger\u00e4te ohne \u00c4rger oder Kompatibilit\u00e4tsprobleme anzuschlie\u00dfen.<\/p>\n","protected":false},"excerpt":{"rendered":"<p>Ersetzen Sie Ihre defekte USB-Platine und das Kabel durch die HP ZBook 15 G2 USB-Platine mit Kabel LS-9243P. Dieses Original-Ersatzteil von HP gew\u00e4hrleistet zuverl\u00e4ssige Konnektivit\u00e4t und erm\u00f6glicht Ihnen den problemlosen Anschluss von USB-Ger\u00e4ten an Ihren Laptop.<\/p>\n","protected":false},"featured_media":8010,"template":"","meta":[],"product_brand":[],"product_cat":[63],"product_tag":[61],"class_list":{"0":"post-7952","1":"product","2":"type-product","3":"status-publish","4":"has-post-thumbnail","6":"product_cat-motherboards-board-parts","7":"product_tag-hp","9":"first","10":"instock","11":"taxable","12":"shipping-taxable","13":"purchasable","14":"product-type-simple"},"_links":{"self":[{"href":"https:\/\/boreait.com\/de\/wp-json\/wp\/v2\/product\/7952","targetHints":{"allow":["GET"]}}],"collection":[{"href":"https:\/\/boreait.com\/de\/wp-json\/wp\/v2\/product"}],"about":[{"href":"https:\/\/boreait.com\/de\/wp-json\/wp\/v2\/types\/product"}],"wp:featuredmedia":[{"embeddable":true,"href":"https:\/\/boreait.com\/de\/wp-json\/wp\/v2\/media\/8010"}],"wp:attachment":[{"href":"https:\/\/boreait.com\/de\/wp-json\/wp\/v2\/media?parent=7952"}],"wp:term":[{"taxonomy":"product_brand","embeddable":true,"href":"https:\/\/boreait.com\/de\/wp-json\/wp\/v2\/product_brand?post=7952"},{"taxonomy":"product_cat","embeddable":true,"href":"https:\/\/boreait.com\/de\/wp-json\/wp\/v2\/product_cat?post=7952"},{"taxonomy":"product_tag","embeddable":true,"href":"https:\/\/boreait.com\/de\/wp-json\/wp\/v2\/product_tag?post=7952"}],"curies":[{"name":"wp","href":"https:\/\/api.w.org\/{rel}","templated":true}]}}