{"id":7951,"date":"2025-09-15T14:22:09","date_gmt":"2025-09-15T12:22:09","guid":{"rendered":"https:\/\/boreait.com\/de\/?post_type=product&#038;p=7951"},"modified":"2026-01-07T10:01:10","modified_gmt":"2026-01-07T09:01:10","slug":"netzschalterplatine-und-kabel-der-hp-elitebook-g2-serie-6050a256030","status":"publish","type":"product","link":"https:\/\/boreait.com\/de\/produkt\/netzschalterplatine-und-kabel-der-hp-elitebook-g2-serie-6050a256030\/","title":{"rendered":"Netzschalterplatine und Kabel der HP EliteBook G2-Serie 6050A256030"},"content":{"rendered":"<p>Die Netzschalterplatine und das Kabel 6050A256030 der HP EliteBook G2-Serie ersetzen die Netzschalterplatine und das Kabel Ihres HP EliteBook G2-Laptops. Wenn Ihr Netzschalter nicht reagiert oder nicht richtig funktioniert, stellt dieses Ersatzteil seine Funktionalit\u00e4t wieder her, sodass Sie Ihren Laptop problemlos ein- und ausschalten k\u00f6nnen.<\/p>\n<p>Dieses Original-Ersatzteil von HP gew\u00e4hrleistet Kompatibilit\u00e4t und zuverl\u00e4ssige Leistung. Es wurde speziell f\u00fcr die Laptops der EliteBook G2-Serie entwickelt und gew\u00e4hrleistet perfekte Passform und nahtlose Integration. Die Netzschalterplatine und das Kabel sind wichtige Komponenten, die die notwendige elektrische Verbindung f\u00fcr die korrekte Funktion des Netzschalters herstellen.<\/p>\n<p>Befolgen Sie beim Austausch der Netzschalterplatine und des Kabels unbedingt die Anweisungen des Herstellers oder suchen Sie professionelle Hilfe, wenn Sie mit dem Austausch von Laptop-Hardware nicht vertraut sind. Schalten Sie Ihren Laptop unbedingt aus und trennen Sie ihn von der Stromquelle, bevor Sie mit der Installation beginnen.<\/p>\n<p>Investieren Sie in die Netzschalterplatine und das Kabel 6050A256030 der HP EliteBook G2-Serie, um die Funktionalit\u00e4t des Netzschalters Ihres Laptops wiederherzustellen. Genie\u00dfen Sie den Komfort des einfachen Ein- und Ausschaltens Ihres Laptops und sorgen Sie f\u00fcr ein reibungsloses Benutzererlebnis.<\/p>\n","protected":false},"excerpt":{"rendered":"<p>Ersetzen Sie Ihre defekte Netzschalterplatine und das Kabel durch die Netzschalterplatine und das Kabel 6050A256030 der HP EliteBook G2-Serie. Dieses Original-Ersatzteil von HP gew\u00e4hrleistet die ordnungsgem\u00e4\u00dfe Funktion des Netzschalters und erm\u00f6glicht Ihnen das problemlose Ein- und Ausschalten Ihres Laptops.<\/p>\n","protected":false},"featured_media":8009,"template":"","meta":[],"product_brand":[],"product_cat":[63],"product_tag":[61],"class_list":{"0":"post-7951","1":"product","2":"type-product","3":"status-publish","4":"has-post-thumbnail","6":"product_cat-motherboards-board-parts","7":"product_tag-hp","9":"first","10":"instock","11":"taxable","12":"shipping-taxable","13":"purchasable","14":"product-type-simple"},"_links":{"self":[{"href":"https:\/\/boreait.com\/de\/wp-json\/wp\/v2\/product\/7951","targetHints":{"allow":["GET"]}}],"collection":[{"href":"https:\/\/boreait.com\/de\/wp-json\/wp\/v2\/product"}],"about":[{"href":"https:\/\/boreait.com\/de\/wp-json\/wp\/v2\/types\/product"}],"wp:featuredmedia":[{"embeddable":true,"href":"https:\/\/boreait.com\/de\/wp-json\/wp\/v2\/media\/8009"}],"wp:attachment":[{"href":"https:\/\/boreait.com\/de\/wp-json\/wp\/v2\/media?parent=7951"}],"wp:term":[{"taxonomy":"product_brand","embeddable":true,"href":"https:\/\/boreait.com\/de\/wp-json\/wp\/v2\/product_brand?post=7951"},{"taxonomy":"product_cat","embeddable":true,"href":"https:\/\/boreait.com\/de\/wp-json\/wp\/v2\/product_cat?post=7951"},{"taxonomy":"product_tag","embeddable":true,"href":"https:\/\/boreait.com\/de\/wp-json\/wp\/v2\/product_tag?post=7951"}],"curies":[{"name":"wp","href":"https:\/\/api.w.org\/{rel}","templated":true}]}}