{"id":7905,"date":"2025-09-15T14:20:50","date_gmt":"2025-09-15T12:20:50","guid":{"rendered":"https:\/\/boreait.com\/de\/?post_type=product&#038;p=7905"},"modified":"2026-01-07T14:40:44","modified_gmt":"2026-01-07T13:40:44","slug":"hp-zbook-156-15-oem-lcd-scharniere-abdeckung-vbl20-kupplungsabdeckung-ecotj000600","status":"publish","type":"product","link":"https:\/\/boreait.com\/de\/produkt\/hp-zbook-156-15-oem-lcd-scharniere-abdeckung-vbl20-kupplungsabdeckung-ecotj000600\/","title":{"rendered":"HP ZBook 15,6&#8243; 15 OEM LCD-Scharniere Abdeckung VBL20 Kupplungsabdeckung ECOTJ000600"},"content":{"rendered":"<p>Die HP ZBook 15,6\u2033 OEM-LCD-Scharnierabdeckung VBL20 Kupplungsabdeckung ECOTJ000600 ist ein hochwertiges Ersatzteil f\u00fcr HP ZBook 15,6\u2033-Laptops. Dieses OEM-Teil gew\u00e4hrleistet Kompatibilit\u00e4t und perfekte Passform mit Ihrem Ger\u00e4t.<\/p>\n<p>Die LCD-Scharnierabdeckung und die Kupplungsabdeckung sind wichtige Komponenten, die den Laptop-Bildschirm an Ort und Stelle halten und ein reibungsloses \u00d6ffnen und Schlie\u00dfen erm\u00f6glichen. Mit der Zeit k\u00f6nnen diese Teile verschlei\u00dfen oder besch\u00e4digt werden, was die Stabilit\u00e4t und Funktionalit\u00e4t der Bildschirmeinheit beeintr\u00e4chtigt. Der Austausch durch die OEM-LCD-Scharnierabdeckung und die Kupplungsabdeckung gew\u00e4hrleistet optimale Leistung und Haltbarkeit.<\/p>\n<p>Die HP ZBook 15,6\u2033 OEM LCD-Scharnierabdeckung VBL20 Kupplungsabdeckung ECOTJ000600 besteht aus langlebigen Materialien und ist f\u00fcr den t\u00e4glichen Gebrauch und eine lang anhaltende Leistung ausgelegt. Sie entspricht exakt dem Originalteil und gew\u00e4hrleistet eine einfache Installation und eine nahtlose Integration in das Laptop-Geh\u00e4use.<\/p>\n<p>Durch den Austausch der LCD-Scharnierabdeckung und der Kupplungsabdeckung stellen Sie die einwandfreie Funktionalit\u00e4t Ihres HP ZBook 15,6\u2033 Laptop-Bildschirms wieder her. Egal, ob Sie beruflich auf den Laptop angewiesen sind oder als Gelegenheitsnutzer Wert auf einen reibungslosen und stabilen Bildschirm legen \u2013 dieses Original-Ersatzteil ist die ideale Wahl.<\/p>\n<p>Sichern Sie die Integrit\u00e4t und Funktionalit\u00e4t Ihres HP ZBook 15,6\u2033 Laptop-Bildschirms mit der HP ZBook 15,6\u2033 OEM LCD-Scharnierabdeckung VBL20 Kupplungsabdeckung ECOTJ000600. Vertrauen Sie auf die Originalqualit\u00e4t und Kompatibilit\u00e4t dieses Ersatzteils, um die Leistung und Zuverl\u00e4ssigkeit Ihres Laptops zu erhalten.<\/p>\n","protected":false},"excerpt":{"rendered":"<p>Die OEM-LCD-Scharnierabdeckung VBL20 f\u00fcr das HP ZBook (15,6 Zoll) ECOTJ000600 ist ein Originalersatzteil f\u00fcr HP ZBook-Laptops (15,6 Zoll). Es umfasst die LCD-Scharnierabdeckung und die Kupplungsabdeckung und sorgt so f\u00fcr eine sichere und funktionale Montage des Laptop-Bildschirms.<\/p>\n","protected":false},"featured_media":7973,"template":"","meta":[],"product_brand":[],"product_cat":[52],"product_tag":[61],"class_list":{"0":"post-7905","1":"product","2":"type-product","3":"status-publish","4":"has-post-thumbnail","6":"product_cat-laptop-housing","7":"product_tag-hp","9":"first","10":"instock","11":"taxable","12":"shipping-taxable","13":"purchasable","14":"product-type-simple"},"_links":{"self":[{"href":"https:\/\/boreait.com\/de\/wp-json\/wp\/v2\/product\/7905","targetHints":{"allow":["GET"]}}],"collection":[{"href":"https:\/\/boreait.com\/de\/wp-json\/wp\/v2\/product"}],"about":[{"href":"https:\/\/boreait.com\/de\/wp-json\/wp\/v2\/types\/product"}],"wp:featuredmedia":[{"embeddable":true,"href":"https:\/\/boreait.com\/de\/wp-json\/wp\/v2\/media\/7973"}],"wp:attachment":[{"href":"https:\/\/boreait.com\/de\/wp-json\/wp\/v2\/media?parent=7905"}],"wp:term":[{"taxonomy":"product_brand","embeddable":true,"href":"https:\/\/boreait.com\/de\/wp-json\/wp\/v2\/product_brand?post=7905"},{"taxonomy":"product_cat","embeddable":true,"href":"https:\/\/boreait.com\/de\/wp-json\/wp\/v2\/product_cat?post=7905"},{"taxonomy":"product_tag","embeddable":true,"href":"https:\/\/boreait.com\/de\/wp-json\/wp\/v2\/product_tag?post=7905"}],"curies":[{"name":"wp","href":"https:\/\/api.w.org\/{rel}","templated":true}]}}