{"id":7881,"date":"2025-09-15T14:20:02","date_gmt":"2025-09-15T12:20:02","guid":{"rendered":"https:\/\/boreait.com\/de\/?post_type=product&#038;p=7881"},"modified":"2026-01-14T08:37:18","modified_gmt":"2026-01-14T07:37:18","slug":"0vx90n-fuer-dell-latitude-e5570-sata-festplatte-hdd-caddy-halterung","status":"publish","type":"product","link":"https:\/\/boreait.com\/de\/produkt\/0vx90n-fuer-dell-latitude-e5570-sata-festplatte-hdd-caddy-halterung\/","title":{"rendered":"0VX90N f\u00fcr Dell Latitude E5570 SATA Festplatte HDD Caddy Halterung"},"content":{"rendered":"<div class=\"group w-full text-gray-800 dark:text-gray-100 border-b border-black\/10 dark:border-gray-900\/50 bg-gray-50 dark:bg-[#444654]\">\n<div class=\"flex p-4 gap-4 text-base md:gap-6 md:max-w-2xl lg:max-w-[38rem] xl:max-w-3xl md:py-6 lg:px-0 m-auto\">\n<div class=\"relative flex w-[calc(100%-50px)] flex-col gap-1 md:gap-3 lg:w-[calc(100%-115px)]\">\n<div class=\"flex flex-grow flex-col gap-3\">\n<div class=\"min-h-[20px] flex items-start overflow-x-auto whitespace-pre-wrap break-words flex-col gap-4\">\n<div class=\"markdown prose w-full break-words dark:prose-invert light\">\n<p>Die 0VX90N SATA-Festplattenhalterung ist die perfekte L\u00f6sung f\u00fcr zus\u00e4tzlichen Speicher f\u00fcr Ihr Dell Latitude E5570 Notebook. Ob Sie mehr Speicherplatz f\u00fcr Dateien, Anwendungen oder Multimedia-Inhalte ben\u00f6tigen \u2013 diese Halterung bietet eine bequeme und sichere M\u00f6glichkeit, eine SATA-Festplatte oder SSD zu installieren.<\/p>\n<p>Diese originale Dell-Halterung wurde mit Blick auf Pr\u00e4zision und Kompatibilit\u00e4t entwickelt und gew\u00e4hrleistet eine optimale Passform und Ausrichtung mit den internen Komponenten Ihres Notebooks. Die Installation ist einfach und erfordert nur minimale technische Kenntnisse. Entfernen Sie einfach die vorhandene Halterung von Ihrem Notebook, befestigen Sie die neue Halterung und schlie\u00dfen Sie Ihre SATA-Festplatte oder SSD sicher an.<\/p>\n<p>Mit einer zus\u00e4tzlichen Festplatte oder SSD profitieren Sie bei Ihrem Dell Latitude E5570 von mehr Speicherplatz, schnellerem Datenzugriff und schnellerer Daten\u00fcbertragung sowie einer verbesserten Gesamtsystemleistung. Ob Sie zus\u00e4tzlichen Speicherplatz f\u00fcr professionelle Arbeit, Multimedia-Inhalte oder pers\u00f6nliche Dateien ben\u00f6tigen \u2013 diese Caddy-Halterung bietet eine zuverl\u00e4ssige und effiziente Speicherl\u00f6sung.<\/p>\n<p>R\u00fcsten Sie Ihr Dell Latitude E5570 mit der 0VX90N SATA-Festplatten-Caddy-Halterung auf und profitieren Sie von zus\u00e4tzlichem Speicher. Erweitern Sie die Kapazit\u00e4t Ihres Laptops, verbessern Sie seine Leistung und steigern Sie Ihre Produktivit\u00e4t. Mit diesem Original-Ersatzteil von Dell k\u00f6nnen Sie sich auf die Qualit\u00e4t und Kompatibilit\u00e4t mit Ihrem Laptop verlassen.<\/p>\n<\/div>\n<\/div>\n<\/div>\n<div class=\"flex justify-between lg:block\">\n<div class=\"text-xs flex items-center justify-center gap-1 self-center pt-2 !invisible\"><\/div>\n<div class=\"text-gray-400 flex self-end lg:self-center justify-center mt-2 gap-2 md:gap-3 lg:gap-1 lg:absolute lg:top-0 lg:translate-x-full lg:right-0 lg:mt-0 lg:pl-2 visible\">\n<p>\u00a0<\/p>\n<div class=\"flex gap-1\"><\/div>\n<\/div>\n<\/div>\n<\/div>\n<\/div>\n","protected":false},"excerpt":{"rendered":"<p>Die 0VX90N SATA-Festplatten-Caddy-Halterung ist ein Original-Ersatzteil von Dell, das speziell f\u00fcr das Dell Latitude E5570-Notebook entwickelt wurde. Sie erm\u00f6glicht Ihnen die sichere Installation und den Anschluss einer SATA-Festplatte oder eines Solid-State-Laufwerks (SSD) an Ihr Notebook, wodurch die Speicherkapazit\u00e4t erweitert und die Gesamtleistung verbessert wird.<\/p>\n","protected":false},"featured_media":7946,"template":"","meta":[],"product_brand":[],"product_cat":[52],"product_tag":[53],"class_list":{"0":"post-7881","1":"product","2":"type-product","3":"status-publish","4":"has-post-thumbnail","6":"product_cat-laptop-housing","7":"product_tag-dell","9":"first","10":"instock","11":"taxable","12":"shipping-taxable","13":"purchasable","14":"product-type-simple"},"_links":{"self":[{"href":"https:\/\/boreait.com\/de\/wp-json\/wp\/v2\/product\/7881","targetHints":{"allow":["GET"]}}],"collection":[{"href":"https:\/\/boreait.com\/de\/wp-json\/wp\/v2\/product"}],"about":[{"href":"https:\/\/boreait.com\/de\/wp-json\/wp\/v2\/types\/product"}],"wp:featuredmedia":[{"embeddable":true,"href":"https:\/\/boreait.com\/de\/wp-json\/wp\/v2\/media\/7946"}],"wp:attachment":[{"href":"https:\/\/boreait.com\/de\/wp-json\/wp\/v2\/media?parent=7881"}],"wp:term":[{"taxonomy":"product_brand","embeddable":true,"href":"https:\/\/boreait.com\/de\/wp-json\/wp\/v2\/product_brand?post=7881"},{"taxonomy":"product_cat","embeddable":true,"href":"https:\/\/boreait.com\/de\/wp-json\/wp\/v2\/product_cat?post=7881"},{"taxonomy":"product_tag","embeddable":true,"href":"https:\/\/boreait.com\/de\/wp-json\/wp\/v2\/product_tag?post=7881"}],"curies":[{"name":"wp","href":"https:\/\/api.w.org\/{rel}","templated":true}]}}