{"id":7862,"date":"2025-09-15T14:19:13","date_gmt":"2025-09-15T12:19:13","guid":{"rendered":"https:\/\/boreait.com\/de\/?post_type=product&#038;p=7862"},"modified":"2026-01-07T14:39:33","modified_gmt":"2026-01-07T13:39:33","slug":"ls-e081p-dell-led-platine-latitude-5490-i5-8250u","status":"publish","type":"product","link":"https:\/\/boreait.com\/de\/produkt\/ls-e081p-dell-led-platine-latitude-5490-i5-8250u\/","title":{"rendered":"LS-E081P Dell LED-Platine LATITUDE 5490 I5-8250U"},"content":{"rendered":"<p>Die Dell LED-Platine LS-E081P wurde speziell f\u00fcr das Dell Latitude 5490 Laptopmodell mit Intel Core i5-8250U Prozessor entwickelt. Sie dient als Ersatz f\u00fcr eine defekte oder besch\u00e4digte LED-Platine, die f\u00fcr die Hintergrundbeleuchtung des Laptop-Displays zust\u00e4ndig ist.<\/p>\n<p>Dank der originalen Dell-Konstruktion gew\u00e4hrleistet die LS-E081P Kompatibilit\u00e4t und Zuverl\u00e4ssigkeit. Sie erf\u00fcllt die gleichen Spezifikationen wie die Original-LED-Platine und garantiert so perfekte Passform und optimale Leistung. Mit der Installation dieser LED-Platine stellen Sie die klare und lebendige Darstellung Ihres Dell Latitude 5490 Laptops wieder her.<\/p>\n<p>Eine funktionsf\u00e4hige LED-Platine ist entscheidend f\u00fcr ein hochwertiges Seherlebnis. Wenn Ihr Laptop-Bildschirm dunkel ist, flackert oder nicht richtig anzeigt, kann dies an einer defekten LED-Platine liegen. Der Austausch durch die LS-E081P LED-Platine behebt diese Probleme und sorgt daf\u00fcr, dass Sie wieder ein gestochen scharfes und lebendiges Display genie\u00dfen k\u00f6nnen.<\/p>\n<p>Bitte beachten Sie, dass f\u00fcr den Einbau dieser Komponente entsprechende technische Kenntnisse und Werkzeuge erforderlich sind. Sollten Sie keine Erfahrung mit Laptop-Reparaturen haben, empfiehlt es sich, professionelle Hilfe in Anspruch zu nehmen, um einen sicheren und erfolgreichen Austausch zu gew\u00e4hrleisten.<\/p>\n<p>R\u00fcsten Sie Ihr Dell Latitude 5490-Notebook mit der Dell LED-Platine LS-E081P auf und profitieren Sie von einem hochwertigen Display f\u00fcr all Ihre Computeranforderungen. Es handelt sich um ein Originalteil von Dell, das f\u00fcr zuverl\u00e4ssige Leistung und Kompatibilit\u00e4t entwickelt wurde.<\/p>\n","protected":false},"excerpt":{"rendered":"<p>Ersetzen Sie die defekte oder besch\u00e4digte LED-Platine Ihres Dell Latitude 5490 Laptops durch die Dell LED-Platine LS-E081P. Sie sorgt f\u00fcr eine klare und lebendige Hintergrundbeleuchtung Ihres Displays und sorgt f\u00fcr ein hochwertiges visuelles Erlebnis. Original Dell-Teil f\u00fcr Kompatibilit\u00e4t und Zuverl\u00e4ssigkeit.<\/p>\n","protected":false},"featured_media":7933,"template":"","meta":[],"product_brand":[],"product_cat":[63],"product_tag":[53],"class_list":{"0":"post-7862","1":"product","2":"type-product","3":"status-publish","4":"has-post-thumbnail","6":"product_cat-motherboards-board-parts","7":"product_tag-dell","9":"first","10":"instock","11":"taxable","12":"shipping-taxable","13":"purchasable","14":"product-type-simple"},"_links":{"self":[{"href":"https:\/\/boreait.com\/de\/wp-json\/wp\/v2\/product\/7862","targetHints":{"allow":["GET"]}}],"collection":[{"href":"https:\/\/boreait.com\/de\/wp-json\/wp\/v2\/product"}],"about":[{"href":"https:\/\/boreait.com\/de\/wp-json\/wp\/v2\/types\/product"}],"wp:featuredmedia":[{"embeddable":true,"href":"https:\/\/boreait.com\/de\/wp-json\/wp\/v2\/media\/7933"}],"wp:attachment":[{"href":"https:\/\/boreait.com\/de\/wp-json\/wp\/v2\/media?parent=7862"}],"wp:term":[{"taxonomy":"product_brand","embeddable":true,"href":"https:\/\/boreait.com\/de\/wp-json\/wp\/v2\/product_brand?post=7862"},{"taxonomy":"product_cat","embeddable":true,"href":"https:\/\/boreait.com\/de\/wp-json\/wp\/v2\/product_cat?post=7862"},{"taxonomy":"product_tag","embeddable":true,"href":"https:\/\/boreait.com\/de\/wp-json\/wp\/v2\/product_tag?post=7862"}],"curies":[{"name":"wp","href":"https:\/\/api.w.org\/{rel}","templated":true}]}}