{"id":7828,"date":"2025-09-15T14:18:26","date_gmt":"2025-09-15T12:18:26","guid":{"rendered":"https:\/\/boreait.com\/de\/?post_type=product&#038;p=7828"},"modified":"2026-01-07T14:37:51","modified_gmt":"2026-01-07T13:37:51","slug":"dell-latitude-5280-5480-5490-5580-5590-7480-webcam-kameraplatine-0k49w1","status":"publish","type":"product","link":"https:\/\/boreait.com\/de\/produkt\/dell-latitude-5280-5480-5490-5580-5590-7480-webcam-kameraplatine-0k49w1\/","title":{"rendered":"DELL Latitude 5280 5480 5490 5580 5590 7480 Webcam-Kameraplatine 0K49W1"},"content":{"rendered":"<p>Die Webcam-Kameraplatine f\u00fcr die Modelle DELL Latitude 5280, 5480, 5490, 5580, 5590 und 7480 ist ein Originalersatzteil, das speziell f\u00fcr diese Laptop-Modelle entwickelt wurde. Sollte Ihre aktuelle Webcam-Kameraplatine defekt oder besch\u00e4digt sein, bietet diese Platine eine zuverl\u00e4ssige L\u00f6sung, um die Funktionalit\u00e4t Ihrer Laptop-Webcam wiederherzustellen.<\/p>\n<p>Mit der Webcam-Kameraplatine genie\u00dfen Sie klare und hochwertige Videokommunikation \u2013 egal ob bei Videokonferenzen, Online-Meetings oder beim Festhalten besonderer Momente per Videoaufzeichnung. Die Platine bietet eine hervorragende Bildqualit\u00e4t und sorgt f\u00fcr gestochen scharfe und lebendige Videochats und -aufnahmen.<\/p>\n<p>Die Installation der Webcam-Kameraplatine ist unkompliziert und kann mit einfachen Werkzeugen durchgef\u00fchrt werden. Sollten Sie jedoch mit der Demontage eines Laptops nicht vertraut sein oder Bedenken hinsichtlich des Installationsvorgangs haben, empfehlen wir Ihnen, professionelle Hilfe in Anspruch zu nehmen, um eine ordnungsgem\u00e4\u00dfe Installation und Funktionalit\u00e4t zu gew\u00e4hrleisten.<\/p>\n<p>Durch den Austausch Ihrer defekten oder besch\u00e4digten Webcam-Kameraplatine durch die Original-DELL-Webcam-Kameraplatine genie\u00dfen Sie weiterhin reibungslose und zuverl\u00e4ssige Videokommunikation auf Ihrem DELL Latitude-Laptop. Bleiben Sie mit Freunden, Familie und Kollegen in Verbindung \u2013 mit klaren und hochwertigen Videoanrufen und -aufzeichnungen.<\/p>\n<p>Hinweis: Stellen Sie vor dem Kauf der Webcam-Kameraplatine unbedingt die Kompatibilit\u00e4t mit Ihrem Laptop-Modell sicher.<\/p>\n","protected":false},"excerpt":{"rendered":"<p>Ersetzen Sie die besch\u00e4digte oder nicht funktionierende Webcam-Kameraplatine Ihres DELL Latitude 5280, 5480, 5490, 5580, 5590 oder 7480 Laptops durch die Original-Webcam-Kameraplatine. Diese Platine sorgt f\u00fcr klare und hochwertige Videokonferenzen, Videoaufzeichnungen und Online-Kommunikation.<\/p>\n","protected":false},"featured_media":7888,"template":"","meta":[],"product_brand":[],"product_cat":[59],"product_tag":[53],"class_list":{"0":"post-7828","1":"product","2":"type-product","3":"status-publish","4":"has-post-thumbnail","6":"product_cat-laptop-camera","7":"product_tag-dell","9":"first","10":"instock","11":"taxable","12":"shipping-taxable","13":"purchasable","14":"product-type-simple"},"_links":{"self":[{"href":"https:\/\/boreait.com\/de\/wp-json\/wp\/v2\/product\/7828","targetHints":{"allow":["GET"]}}],"collection":[{"href":"https:\/\/boreait.com\/de\/wp-json\/wp\/v2\/product"}],"about":[{"href":"https:\/\/boreait.com\/de\/wp-json\/wp\/v2\/types\/product"}],"wp:featuredmedia":[{"embeddable":true,"href":"https:\/\/boreait.com\/de\/wp-json\/wp\/v2\/media\/7888"}],"wp:attachment":[{"href":"https:\/\/boreait.com\/de\/wp-json\/wp\/v2\/media?parent=7828"}],"wp:term":[{"taxonomy":"product_brand","embeddable":true,"href":"https:\/\/boreait.com\/de\/wp-json\/wp\/v2\/product_brand?post=7828"},{"taxonomy":"product_cat","embeddable":true,"href":"https:\/\/boreait.com\/de\/wp-json\/wp\/v2\/product_cat?post=7828"},{"taxonomy":"product_tag","embeddable":true,"href":"https:\/\/boreait.com\/de\/wp-json\/wp\/v2\/product_tag?post=7828"}],"curies":[{"name":"wp","href":"https:\/\/api.w.org\/{rel}","templated":true}]}}