{"id":7824,"date":"2025-09-15T14:18:26","date_gmt":"2025-09-15T12:18:26","guid":{"rendered":"https:\/\/boreait.com\/de\/?post_type=product&#038;p=7824"},"modified":"2026-01-07T09:25:17","modified_gmt":"2026-01-07T08:25:17","slug":"intel-8260-ngw-wifi-bluetooth-modul-set-dell-mini-3020-3060-3040-3050-9020-7040","status":"publish","type":"product","link":"https:\/\/boreait.com\/de\/produkt\/intel-8260-ngw-wifi-bluetooth-modul-set-dell-mini-3020-3060-3040-3050-9020-7040\/","title":{"rendered":"Intel 8260 NGW WiFi Bluetooth-Modul SET Dell MINI 3020 3060 3040 3050 9020 7040"},"content":{"rendered":"<p>Erweitern Sie die WLAN-Funktionen Ihres Dell MINI 3020, 3060, 3040, 3050, 9020 oder 7040 Desktops mit dem Intel 8260 NGW WLAN-Bluetooth-Modulset. Dieses Set enth\u00e4lt eine leistungsstarke WLAN-Karte f\u00fcr zuverl\u00e4ssige und schnelle WLAN-Konnektivit\u00e4t f\u00fcr Ihren Desktop.<\/p>\n<p>Das Intel 8260 NGW WLAN-Bluetooth-Modul unterst\u00fctzt den neuesten WLAN-Standard 802.11ac und bietet h\u00f6here Geschwindigkeiten, eine gr\u00f6\u00dfere Reichweite und weniger St\u00f6rungen im Vergleich zu fr\u00fcheren WLAN-Standards. Mit diesem Modul erleben Sie fl\u00fcssiges und verz\u00f6gerungsfreies Online-Gaming, Streaming und Downloads.<\/p>\n<p>Zus\u00e4tzlich unterst\u00fctzt das Modul Bluetooth 4.2 und erm\u00f6glicht so den Anschluss von kabellosen Peripherieger\u00e4ten wie Tastaturen, M\u00e4usen und Kopfh\u00f6rern. Koppeln Sie Ihren Desktop ganz einfach mit Bluetooth-f\u00e4higen Ger\u00e4ten f\u00fcr nahtlose Daten\u00fcbertragung und komfortable drahtlose Steuerung.<\/p>\n<p>Die Installation des Intel 8260 NGW WiFi-Bluetooth-Moduls ist unkompliziert und erfordert nur grundlegende Computerkenntnisse. Das Modul ist mit den angegebenen Dell Desktop-Modellen kompatibel und passt sicher in den verf\u00fcgbaren PCIe-Steckplatz, was eine stabile und zuverl\u00e4ssige Verbindung gew\u00e4hrleistet.<\/p>\n<p>R\u00fcsten Sie Ihren Dell MINI-Desktop mit dem Intel 8260 NGW WiFi-Bluetooth-Modul auf und genie\u00dfen Sie schnelle, zuverl\u00e4ssige und komfortable WLAN-Konnektivit\u00e4t. Bleiben Sie in Verbindung, streamen Sie Medien und arbeiten Sie effizient \u2013 \u200b\u200bganz ohne Kabelsalat. Mit diesem Upgrade ist Ihr Desktop mit den neuesten WLAN-Technologien ausgestattet und bietet Ihnen ein verbessertes Computererlebnis.<\/p>\n","protected":false},"excerpt":{"rendered":"<p>R\u00fcsten Sie Ihren Dell MINI 3020, 3060, 3040, 3050, 9020 oder 7040 Desktop mit dem Intel 8260 NGW WiFi-Bluetooth-Modulset auf. Dieses Set enth\u00e4lt eine leistungsstarke WLAN-Karte, die die neuesten WLAN- und Bluetooth-Technologien unterst\u00fctzt und Ihnen schnelle und zuverl\u00e4ssige WLAN-Konnektivit\u00e4t f\u00fcr Ihren Desktop bietet.<\/p>\n","protected":false},"featured_media":7878,"template":"","meta":[],"product_brand":[],"product_cat":[63],"product_tag":[53],"class_list":{"0":"post-7824","1":"product","2":"type-product","3":"status-publish","4":"has-post-thumbnail","6":"product_cat-motherboards-board-parts","7":"product_tag-dell","9":"first","10":"instock","11":"taxable","12":"shipping-taxable","13":"purchasable","14":"product-type-simple"},"_links":{"self":[{"href":"https:\/\/boreait.com\/de\/wp-json\/wp\/v2\/product\/7824","targetHints":{"allow":["GET"]}}],"collection":[{"href":"https:\/\/boreait.com\/de\/wp-json\/wp\/v2\/product"}],"about":[{"href":"https:\/\/boreait.com\/de\/wp-json\/wp\/v2\/types\/product"}],"wp:featuredmedia":[{"embeddable":true,"href":"https:\/\/boreait.com\/de\/wp-json\/wp\/v2\/media\/7878"}],"wp:attachment":[{"href":"https:\/\/boreait.com\/de\/wp-json\/wp\/v2\/media?parent=7824"}],"wp:term":[{"taxonomy":"product_brand","embeddable":true,"href":"https:\/\/boreait.com\/de\/wp-json\/wp\/v2\/product_brand?post=7824"},{"taxonomy":"product_cat","embeddable":true,"href":"https:\/\/boreait.com\/de\/wp-json\/wp\/v2\/product_cat?post=7824"},{"taxonomy":"product_tag","embeddable":true,"href":"https:\/\/boreait.com\/de\/wp-json\/wp\/v2\/product_tag?post=7824"}],"curies":[{"name":"wp","href":"https:\/\/api.w.org\/{rel}","templated":true}]}}