{"id":7768,"date":"2025-09-15T14:16:47","date_gmt":"2025-09-15T12:16:47","guid":{"rendered":"https:\/\/boreait.com\/de\/?post_type=product&#038;p=7768"},"modified":"2026-01-14T08:00:12","modified_gmt":"2026-01-14T07:00:12","slug":"hp-probook-450-g2-kameraplatine-765816-3h1","status":"publish","type":"product","link":"https:\/\/boreait.com\/de\/produkt\/hp-probook-450-g2-kameraplatine-765816-3h1\/","title":{"rendered":"Hp Probook 450 G2 Kameraplatine 765816-3H1"},"content":{"rendered":"<p>Erweitern Sie die Kommunikationsfunktionen Ihres HP Probook 450 G2 Laptops mit der HP Probook 450 G2 Kameraplatine 765816-3H1. Diese originale HP Ersatzkameraplatine wurde speziell f\u00fcr das Probook 450 G2 Modell entwickelt und gew\u00e4hrleistet Kompatibilit\u00e4t und nahtlose Integration.<\/p>\n<p>Die HP Probook 450 G2 Kameraplatine 765816-3H1 erm\u00f6glicht Ihnen Videoanrufe, Videokonferenzen und Online-Meetings mit Kollegen, Freunden und Familie. Sie erfasst klare und scharfe Bilder und sorgt daf\u00fcr, dass Sie klar gesehen und geh\u00f6rt werden. Die Kameraplatine erm\u00f6glicht au\u00dferdem die Aufnahme von Fotos und Videos und ist somit ein vielseitiges Tool f\u00fcr verschiedene Multimedia-Anwendungen.<\/p>\n<p>Die Installation der HP Probook 450 G2 Kameraplatine 765816-3H1 ist unkompliziert. Stellen Sie sicher, dass Ihr Laptop ausgeschaltet und von der Stromquelle getrennt ist. Suchen Sie den passenden Steckplatz oder Anschluss am Display Ihres Laptops f\u00fcr die Kameraplatine und stecken Sie sie vorsichtig ein, um eine sichere Verbindung zu gew\u00e4hrleisten. Nach der Installation profitieren Sie von verbesserten Videokommunikations- und Multimediafunktionen.<\/p>\n<p> R\u00fcsten Sie Ihr HP Probook 450 G2 Notebook mit der originalen HP Probook 450 G2 Kameraplatine 765816-3H1 auf. Bleiben Sie \u00fcber Videoanrufe und -konferenzen mit Kollegen, Freunden und Familie in Verbindung. Nehmen Sie klare und hochwertige Bilder f\u00fcr ein erstklassiges Kommunikationserlebnis auf.<\/p>\n","protected":false},"excerpt":{"rendered":"<p>R\u00fcsten Sie Ihr HP Probook 450 G2 Notebook mit der HP Probook 450 G2 Kameraplatine 765816-3H1 auf. Mit dieser originalen HP Ersatzkameraplatine k\u00f6nnen Sie Videoanrufe t\u00e4tigen, Fotos aufnehmen und Videos in klarer und gestochen scharfer Bildqualit\u00e4t aufzeichnen. Bleiben Sie in Verbindung und verbessern Sie Ihr Kommunikationserlebnis mit dieser hochwertigen Kameraplatine.<\/p>\n","protected":false},"featured_media":7821,"template":"","meta":[],"product_brand":[],"product_cat":[59],"product_tag":[61],"class_list":{"0":"post-7768","1":"product","2":"type-product","3":"status-publish","4":"has-post-thumbnail","6":"product_cat-laptop-camera","7":"product_tag-hp","9":"first","10":"instock","11":"taxable","12":"shipping-taxable","13":"purchasable","14":"product-type-simple"},"_links":{"self":[{"href":"https:\/\/boreait.com\/de\/wp-json\/wp\/v2\/product\/7768","targetHints":{"allow":["GET"]}}],"collection":[{"href":"https:\/\/boreait.com\/de\/wp-json\/wp\/v2\/product"}],"about":[{"href":"https:\/\/boreait.com\/de\/wp-json\/wp\/v2\/types\/product"}],"wp:featuredmedia":[{"embeddable":true,"href":"https:\/\/boreait.com\/de\/wp-json\/wp\/v2\/media\/7821"}],"wp:attachment":[{"href":"https:\/\/boreait.com\/de\/wp-json\/wp\/v2\/media?parent=7768"}],"wp:term":[{"taxonomy":"product_brand","embeddable":true,"href":"https:\/\/boreait.com\/de\/wp-json\/wp\/v2\/product_brand?post=7768"},{"taxonomy":"product_cat","embeddable":true,"href":"https:\/\/boreait.com\/de\/wp-json\/wp\/v2\/product_cat?post=7768"},{"taxonomy":"product_tag","embeddable":true,"href":"https:\/\/boreait.com\/de\/wp-json\/wp\/v2\/product_tag?post=7768"}],"curies":[{"name":"wp","href":"https:\/\/api.w.org\/{rel}","templated":true}]}}