{"id":7766,"date":"2025-09-15T14:16:47","date_gmt":"2025-09-15T12:16:47","guid":{"rendered":"https:\/\/boreait.com\/de\/?post_type=product&#038;p=7766"},"modified":"2026-01-07T09:22:43","modified_gmt":"2026-01-07T08:22:43","slug":"original-dell-latitude-e7440-controller-platine-dwrfid-1301-hua01","status":"publish","type":"product","link":"https:\/\/boreait.com\/de\/produkt\/original-dell-latitude-e7440-controller-platine-dwrfid-1301-hua01\/","title":{"rendered":"Original Dell Latitude E7440 Controller-Platine DWRFID 1301 HUA01"},"content":{"rendered":"<p>Verbessern Sie die Sicherheit und den Komfort Ihres Dell Latitude E7440 Laptops mit dem originalen Dell Latitude E7440 Controller Board DWRFID 1301 HUA01. Dieses Controller Board erweitert Ihren Laptop um RFID-Funktionen (Radio Frequency Identification) und erm\u00f6glicht so eine sichere Identifizierung und Zugangskontrolle.<\/p>\n<p>Das Dell Latitude E7440 Controller Board DWRFID 1301 HUA01 wurde speziell f\u00fcr das Latitude E7440 Modell entwickelt und gew\u00e4hrleistet Kompatibilit\u00e4t und nahtlose Integration. Mit diesem Board k\u00f6nnen Sie die Vorteile der RFID-Technologie f\u00fcr verschiedene Anwendungen nutzen, wie z. B. sichere Anmeldungen, Zugangskontrolle, Asset Tracking und mehr.<\/p>\n<p>Die Installation des Dell Latitude E7440 Controller Boards ist unkompliziert. Stellen Sie sicher, dass Ihr Laptop ausgeschaltet und von der Stromquelle getrennt ist. Suchen Sie den passenden Steckplatz oder Anschluss auf der Hauptplatine f\u00fcr das Board und stecken Sie es vorsichtig ein, um eine sichere Verbindung sicherzustellen. Nach der Installation ist Ihr Laptop bereit, die RFID-Funktionen f\u00fcr mehr Sicherheit und Komfort zu nutzen.<\/p>\n<p>R\u00fcsten Sie Ihr Dell Latitude E7440-Notebook mit dem originalen Dell Latitude E7440 Controller Board DWRFID 1301 HUA01 auf. Profitieren Sie von den Vorteilen der RFID-Technologie f\u00fcr sichere Identifikation und Zugangskontrolle. Vertrauen Sie auf das Originalzubeh\u00f6r von Dell f\u00fcr Kompatibilit\u00e4t, Zuverl\u00e4ssigkeit und nahtlose Integration.<\/p>\n","protected":false},"excerpt":{"rendered":"<p>Erweitern Sie die Funktionalit\u00e4t Ihres Dell Latitude E7440 mit dem original Dell Latitude E7440 Controller Board DWRFID 1301 HUA01. Dieses Controller Board bietet RFID-Funktionen (Radio Frequency Identification) und erm\u00f6glicht so sichere Identifikation und Zugangskontrolle. R\u00fcsten Sie Ihr Notebook mit diesem originalen Dell-Zubeh\u00f6r f\u00fcr mehr Sicherheit und Komfort auf.<\/p>\n","protected":false},"featured_media":7819,"template":"","meta":[],"product_brand":[],"product_cat":[63],"product_tag":[53],"class_list":{"0":"post-7766","1":"product","2":"type-product","3":"status-publish","4":"has-post-thumbnail","6":"product_cat-motherboards-board-parts","7":"product_tag-dell","9":"first","10":"instock","11":"taxable","12":"shipping-taxable","13":"purchasable","14":"product-type-simple"},"_links":{"self":[{"href":"https:\/\/boreait.com\/de\/wp-json\/wp\/v2\/product\/7766","targetHints":{"allow":["GET"]}}],"collection":[{"href":"https:\/\/boreait.com\/de\/wp-json\/wp\/v2\/product"}],"about":[{"href":"https:\/\/boreait.com\/de\/wp-json\/wp\/v2\/types\/product"}],"wp:featuredmedia":[{"embeddable":true,"href":"https:\/\/boreait.com\/de\/wp-json\/wp\/v2\/media\/7819"}],"wp:attachment":[{"href":"https:\/\/boreait.com\/de\/wp-json\/wp\/v2\/media?parent=7766"}],"wp:term":[{"taxonomy":"product_brand","embeddable":true,"href":"https:\/\/boreait.com\/de\/wp-json\/wp\/v2\/product_brand?post=7766"},{"taxonomy":"product_cat","embeddable":true,"href":"https:\/\/boreait.com\/de\/wp-json\/wp\/v2\/product_cat?post=7766"},{"taxonomy":"product_tag","embeddable":true,"href":"https:\/\/boreait.com\/de\/wp-json\/wp\/v2\/product_tag?post=7766"}],"curies":[{"name":"wp","href":"https:\/\/api.w.org\/{rel}","templated":true}]}}