{"id":7743,"date":"2025-09-15T14:15:57","date_gmt":"2025-09-15T12:15:57","guid":{"rendered":"https:\/\/boreait.com\/de\/?post_type=product&#038;p=7743"},"modified":"2025-09-16T12:44:19","modified_gmt":"2025-09-16T10:44:19","slug":"original-dell-latitude-5289-top-case-handauflage-mit-touchpad-0fhvmh-a167qf-0tkv0y","status":"publish","type":"product","link":"https:\/\/boreait.com\/de\/produkt\/original-dell-latitude-5289-top-case-handauflage-mit-touchpad-0fhvmh-a167qf-0tkv0y\/","title":{"rendered":"Original Dell Latitude 5289 Top Case Handauflage mit TouchPad 0FHVMH A167QF 0TKV0Y"},"content":{"rendered":"<p>Erleben Sie verbesserte Funktionalit\u00e4t und verbesserte Optik mit der originalen Dell Latitude 5289 Top Case Handauflage. Diese speziell f\u00fcr das Dell Latitude 5289 entwickelte Handauflage bietet perfekte Passform und Kompatibilit\u00e4t.<\/p>\n<p>Teilenummer: 0FHVMH, A167QF, 0TKV0Y,<\/p>\n<p>Die Dell Latitude 5289 Top Case Handauflage verf\u00fcgt \u00fcber ein integriertes Touchpad f\u00fcr eine komfortable Navigation. Ob beim Surfen im Internet, beim Bearbeiten von Dokumenten oder bei der Nutzung von Anwendungen \u2013 das Touchpad bietet eine nahtlose und reaktionsschnelle Eingabemethode.<\/p>\n<p>Der Austausch der Top Case Handauflage Ihres Dell Latitude 5289 ist relativ unkompliziert. Stellen Sie sicher, dass Ihr Laptop ausgeschaltet und vom Stromnetz getrennt ist. Entfernen Sie vorsichtig die Schrauben, mit denen die vorhandene Handauflage und das Touchpad befestigt sind. Trennen Sie alle Kabel, die die Handauflage mit dem Motherboard verbinden. Installieren Sie die neue Topcase-Handballenauflage des Dell Latitude 5289, indem Sie sie korrekt am Laptop-Geh\u00e4use ausrichten und alle erforderlichen Kabel wieder anschlie\u00dfen. Befestigen Sie die Handballenauflage mit den entsprechenden Schrauben und bauen Sie Ihren Laptop wieder zusammen.<\/p>\n<p>Investieren Sie in die originale Topcase-Handballenauflage des Dell Latitude 5289, um die Funktionalit\u00e4t und \u00c4sthetik Ihres Laptops zu erhalten. Genie\u00dfen Sie reibungslose Navigation und nahtloses Multitasking mit dem integrierten Touchpad. Geben Sie Ihrem Dell Latitude 5289 mit diesem hochwertigen Ersatz-Handballenauflagen-Ersatz das volle Potenzial zur\u00fcck.<\/p>\n","protected":false},"excerpt":{"rendered":"<p>R\u00fcsten Sie Ihr Dell Latitude 5289-Notebook mit der originalen Dell Latitude 5289 Top Case Handauflage auf. Dieses Original-Ersatzteil von Dell verf\u00fcgt \u00fcber ein integriertes Touchpad f\u00fcr eine nahtlose und komfortable Navigation. Verbessern Sie die Funktionalit\u00e4t und \u00c4sthetik Ihres Laptops mit dieser hochwertigen Handauflage.<\/p>\n","protected":false},"featured_media":7805,"template":"","meta":[],"product_brand":[],"product_cat":[52],"product_tag":[53,61],"class_list":{"0":"post-7743","1":"product","2":"type-product","3":"status-publish","4":"has-post-thumbnail","6":"product_cat-laptop-housing","7":"product_tag-dell","8":"product_tag-hp","10":"first","11":"instock","12":"taxable","13":"shipping-taxable","14":"purchasable","15":"product-type-simple"},"_links":{"self":[{"href":"https:\/\/boreait.com\/de\/wp-json\/wp\/v2\/product\/7743","targetHints":{"allow":["GET"]}}],"collection":[{"href":"https:\/\/boreait.com\/de\/wp-json\/wp\/v2\/product"}],"about":[{"href":"https:\/\/boreait.com\/de\/wp-json\/wp\/v2\/types\/product"}],"wp:featuredmedia":[{"embeddable":true,"href":"https:\/\/boreait.com\/de\/wp-json\/wp\/v2\/media\/7805"}],"wp:attachment":[{"href":"https:\/\/boreait.com\/de\/wp-json\/wp\/v2\/media?parent=7743"}],"wp:term":[{"taxonomy":"product_brand","embeddable":true,"href":"https:\/\/boreait.com\/de\/wp-json\/wp\/v2\/product_brand?post=7743"},{"taxonomy":"product_cat","embeddable":true,"href":"https:\/\/boreait.com\/de\/wp-json\/wp\/v2\/product_cat?post=7743"},{"taxonomy":"product_tag","embeddable":true,"href":"https:\/\/boreait.com\/de\/wp-json\/wp\/v2\/product_tag?post=7743"}],"curies":[{"name":"wp","href":"https:\/\/api.w.org\/{rel}","templated":true}]}}