{"id":7713,"date":"2025-09-15T14:14:40","date_gmt":"2025-09-15T12:14:40","guid":{"rendered":"https:\/\/boreait.com\/de\/?post_type=product&#038;p=7713"},"modified":"2026-01-07T09:20:25","modified_gmt":"2026-01-07T08:20:25","slug":"asus-x553-x553m-x553ma-luefter-ksb0505hba02-13n0-rlp0201-ersatz-oem","status":"publish","type":"product","link":"https:\/\/boreait.com\/de\/produkt\/asus-x553-x553m-x553ma-luefter-ksb0505hba02-13n0-rlp0201-ersatz-oem\/","title":{"rendered":"ASUS X553 X553M X553MA L\u00fcfter KSB0505HBA02 13N0-RLP0201 Ersatz OEM"},"content":{"rendered":"<p>Wenn der L\u00fcfter Ihres ASUS X553 X553M X553MA Laptops defekt ist oder nicht optimal funktioniert, ist es Zeit, ihn durch den OEM ASUS X553 L\u00fcfter KSB0505HBA02 13N0-RLP0201 zu ersetzen. Dieser Original-Ersatzl\u00fcfter sorgt f\u00fcr effiziente K\u00fchlung und h\u00e4lt die optimale Temperatur Ihres Laptops aufrecht.<\/p>\n<p>Der L\u00fcfter spielt eine entscheidende Rolle bei der Ableitung der von den Laptopkomponenten wie CPU und GPU erzeugten W\u00e4rme. Durch die Luftzirkulation und den Abtransport hei\u00dfer Luft aus dem System verhindert der L\u00fcfter \u00dcberhitzung und sorgt f\u00fcr eine stabile Leistung. Der Austausch eines defekten L\u00fcfters durch den OEM ASUS X553 L\u00fcfter beugt Sch\u00e4den an Ihrem Laptop vor und erh\u00e4lt seine Langlebigkeit.<\/p>\n<p>Der ASUS X553 L\u00fcfter KSB0505HBA02 13N0-RLP0201 ist ein Originalersatzteil (OEM) und gew\u00e4hrleistet die von ASUS vorgesehene Kompatibilit\u00e4t und Leistung. Er wurde speziell f\u00fcr die Laptops der X553-Serie entwickelt, einschlie\u00dflich X553, X553M und X553MA.<\/p>\n<p>Der L\u00fcfteraustausch ist relativ unkompliziert, erfordert jedoch einige technische Kenntnisse. Wir empfehlen, einen Fachmann zu konsultieren oder das Servicehandbuch Ihres Laptops f\u00fcr detaillierte Anweisungen zum L\u00fcfteraustausch zu konsultieren.<\/p>\n<p>Stellen Sie die optimale K\u00fchlleistung wieder her und sch\u00fctzen Sie Ihr ASUS X553 X553M X553MA Laptop vor \u00dcberhitzung mit dem OEM ASUS X553 L\u00fcfter KSB0505HBA02 13N0-RLP0201. Genie\u00dfen Sie zuverl\u00e4ssige und effiziente K\u00fchlung f\u00fcr einen reibungslosen Betrieb Ihres Laptops bei intensiven Aufgaben oder l\u00e4ngerer Nutzung.<\/p>\n","protected":false},"excerpt":{"rendered":"<p>Ersetzen Sie den L\u00fcfter Ihres ASUS X553 X553M X553MA Laptops durch den OEM ASUS X553 L\u00fcfter KSB0505HBA02 13N0-RLP0201. Dieser hochwertige Ersatzl\u00fcfter sorgt f\u00fcr effiziente K\u00fchlung und verhindert \u00dcberhitzung, sodass Ihr Laptop reibungslos l\u00e4uft. Stellen Sie die optimale Leistung wieder her und vermeiden Sie Sch\u00e4den an Ihrem Laptop mit diesem Original-Ersatzteil.<\/p>\n","protected":false},"featured_media":7788,"template":"","meta":[],"product_brand":[],"product_cat":[69],"product_tag":[66],"class_list":{"0":"post-7713","1":"product","2":"type-product","3":"status-publish","4":"has-post-thumbnail","6":"product_cat-cpu-fans-heatsinks","7":"product_tag-asus","9":"first","10":"instock","11":"taxable","12":"shipping-taxable","13":"purchasable","14":"product-type-simple"},"_links":{"self":[{"href":"https:\/\/boreait.com\/de\/wp-json\/wp\/v2\/product\/7713","targetHints":{"allow":["GET"]}}],"collection":[{"href":"https:\/\/boreait.com\/de\/wp-json\/wp\/v2\/product"}],"about":[{"href":"https:\/\/boreait.com\/de\/wp-json\/wp\/v2\/types\/product"}],"wp:featuredmedia":[{"embeddable":true,"href":"https:\/\/boreait.com\/de\/wp-json\/wp\/v2\/media\/7788"}],"wp:attachment":[{"href":"https:\/\/boreait.com\/de\/wp-json\/wp\/v2\/media?parent=7713"}],"wp:term":[{"taxonomy":"product_brand","embeddable":true,"href":"https:\/\/boreait.com\/de\/wp-json\/wp\/v2\/product_brand?post=7713"},{"taxonomy":"product_cat","embeddable":true,"href":"https:\/\/boreait.com\/de\/wp-json\/wp\/v2\/product_cat?post=7713"},{"taxonomy":"product_tag","embeddable":true,"href":"https:\/\/boreait.com\/de\/wp-json\/wp\/v2\/product_tag?post=7713"}],"curies":[{"name":"wp","href":"https:\/\/api.w.org\/{rel}","templated":true}]}}