{"id":7659,"date":"2025-09-15T14:13:48","date_gmt":"2025-09-15T12:13:48","guid":{"rendered":"https:\/\/boreait.com\/de\/?post_type=product&#038;p=7659"},"modified":"2025-09-16T12:44:11","modified_gmt":"2025-09-16T10:44:11","slug":"lenovo-thinkpad-t460p-14-laptop-gehaeuseunterteil-am10a000700","status":"publish","type":"product","link":"https:\/\/boreait.com\/de\/produkt\/lenovo-thinkpad-t460p-14-laptop-gehaeuseunterteil-am10a000700\/","title":{"rendered":"Lenovo ThinkPad T460P 14&#8243; Laptop-Geh\u00e4useunterteil AM10A000700"},"content":{"rendered":"<p>Sch\u00fctzen und restaurieren Sie die Geh\u00e4useunterseite Ihres Lenovo ThinkPad T460P 14\u2033-Laptops mit der Geh\u00e4useunterseite AM10A000700. Dieses Original-Ersatzteil von Lenovo passt perfekt zu Ihrem Laptop und bietet zuverl\u00e4ssigen Schutz f\u00fcr die internen Komponenten.<\/p>\n<p>Mit der Zeit kann die Geh\u00e4useunterseite Ihres Laptops zerkratzt, rissig oder besch\u00e4digt werden, wodurch die internen Komponenten Staub und m\u00f6glichen Sch\u00e4den ausgesetzt werden. Durch den Austausch der Abdeckung durch die Geh\u00e4useunterseite AM10A000700 stellen Sie die Integrit\u00e4t der Geh\u00e4useunterseite Ihres Laptops wieder her und gew\u00e4hrleisten dessen Langlebigkeit.<\/p>\n<p>Die Geh\u00e4useunterseite AM10A000700 stammt direkt von Lenovo und gew\u00e4hrleistet Kompatibilit\u00e4t, Zuverl\u00e4ssigkeit und eine perfekte Passform f\u00fcr Ihr ThinkPad T460P-Laptop. Sie besteht aus hochwertigen Materialien, die f\u00fcr Langlebigkeit sorgen und Ihr Laptop vor allt\u00e4glicher Abnutzung sch\u00fctzen.<\/p>\n<p>Die Installation der Geh\u00e4useunterseite AM10A000700 ist unkompliziert. Entfernen Sie einfach die alte Abdeckung und ersetzen Sie sie durch die neue. Eine, die die korrekte Ausrichtung und sichere Befestigung gew\u00e4hrleistet. Es ist eine kosteng\u00fcnstige L\u00f6sung, mit der Sie den Schutz und die \u00c4sthetik Ihres Laptops wiederherstellen k\u00f6nnen, ohne das gesamte System austauschen zu m\u00fcssen.<\/p>\n<p>Sch\u00fctzen und restaurieren Sie Ihr Lenovo ThinkPad T460P 14\u2033-Notebook mit der AM10A000700 Geh\u00e4useabdeckung f\u00fcr die untere Basis. Sch\u00fctzen Sie Ihr Notebook vor Staub und m\u00f6glichen Besch\u00e4digungen und bewahren Sie sein elegantes Aussehen. Kaufen Sie jetzt bei uns ein und profitieren Sie von den Vorteilen von Original-Ersatzteilen von Lenovo.<\/p>\n","protected":false},"excerpt":{"rendered":"<p>Ersetzen Sie die untere Geh\u00e4useabdeckung Ihres Lenovo ThinkPad T460P 14&#8243;-Laptops durch die untere Geh\u00e4useabdeckung AM10A000700. Dieses Original-Ersatzteil von Lenovo sorgt f\u00fcr perfekte Passform und sch\u00fctzt die internen Komponenten Ihres Laptops. Stellen Sie die Integrit\u00e4t der unteren Geh\u00e4useabdeckung Ihres Laptops wieder her und sch\u00fctzen Sie es vor Staub und Besch\u00e4digungen. Kaufen Sie jetzt und geben Sie Ihrem Lenovo ThinkPad T460P den Schutz, den es verdient.<\/p>\n","protected":false},"featured_media":7715,"template":"","meta":[],"product_brand":[],"product_cat":[52],"product_tag":[62],"class_list":{"0":"post-7659","1":"product","2":"type-product","3":"status-publish","4":"has-post-thumbnail","6":"product_cat-laptop-housing","7":"product_tag-lenovo","9":"first","10":"instock","11":"taxable","12":"shipping-taxable","13":"purchasable","14":"product-type-simple"},"_links":{"self":[{"href":"https:\/\/boreait.com\/de\/wp-json\/wp\/v2\/product\/7659","targetHints":{"allow":["GET"]}}],"collection":[{"href":"https:\/\/boreait.com\/de\/wp-json\/wp\/v2\/product"}],"about":[{"href":"https:\/\/boreait.com\/de\/wp-json\/wp\/v2\/types\/product"}],"wp:featuredmedia":[{"embeddable":true,"href":"https:\/\/boreait.com\/de\/wp-json\/wp\/v2\/media\/7715"}],"wp:attachment":[{"href":"https:\/\/boreait.com\/de\/wp-json\/wp\/v2\/media?parent=7659"}],"wp:term":[{"taxonomy":"product_brand","embeddable":true,"href":"https:\/\/boreait.com\/de\/wp-json\/wp\/v2\/product_brand?post=7659"},{"taxonomy":"product_cat","embeddable":true,"href":"https:\/\/boreait.com\/de\/wp-json\/wp\/v2\/product_cat?post=7659"},{"taxonomy":"product_tag","embeddable":true,"href":"https:\/\/boreait.com\/de\/wp-json\/wp\/v2\/product_tag?post=7659"}],"curies":[{"name":"wp","href":"https:\/\/api.w.org\/{rel}","templated":true}]}}